{"id":5596,"date":"2025-08-21T13:02:47","date_gmt":"2025-08-21T11:02:47","guid":{"rendered":"https:\/\/www.vallesturaexperience.it\/prodotto\/2025-08-27-visite-du-rucher-brisiu-beard-show-apericena-cinema\/"},"modified":"2025-08-21T13:02:47","modified_gmt":"2025-08-21T11:02:47","slug":"2025-08-27-visite-du-rucher-brisiu-beard-show-apericena-cinema","status":"publish","type":"product","link":"https:\/\/www.vallesturaexperience.it\/fr\/prodotto\/2025-08-27-visite-du-rucher-brisiu-beard-show-apericena-cinema\/","title":{"rendered":"2025.08.27 | Visite du rucher + Brisi\u00f9 Beard Show + Apericena + Cinema |"},"content":{"rendered":"<h3 data-start=\"141\" data-end=\"199\"><strong data-start=\"145\" data-end=\"199\">Far na novo veio en Val Esturo\u00a0\u00bb arrive \u00e0 Sambuco !<\/strong><\/h3>\n<p data-start=\"201\" data-end=\"310\">Une journ\u00e9e de tradition, de go\u00fbt et de d\u00e9couverte vous attend au c\u0153ur de la vall\u00e9e de la Stura !<\/p>\n<p data-start=\"312\" data-end=\"386\">&#x1f4cd; <strong data-start=\"315\" data-end=\"357\">Sambuco <\/strong><br data-start=\"357\" data-end=\"360\">&#x1f4c5; <strong data-start=\"363\" data-end=\"386\">Mercredi 27 ao\u00fbt<\/strong><\/p>\n<p data-start=\"388\" data-end=\"553\">&#x1f553; <strong data-start=\"391\" data-end=\"410\">\u00c0 partir de 16 heures, au point de vente Apicoltura F<\/strong>ossati<br data-start=\"410\" data-end=\"413\">Visite guid\u00e9e du<strong data-start=\"432\" data-end=\"465\">rucher d&rsquo;Apicoltura Fossati<\/strong>: une occasion unique de d\u00e9couvrir de pr\u00e8s le monde des abeilles et l&rsquo;art de l&rsquo;apiculture.<\/p>\n<p data-start=\"555\" data-end=\"694\">&#x1fa9a; <strong data-start=\"558\" data-end=\"571\">17 heures, \u00e0 l&rsquo;<\/strong><strong data-start=\"574\" data-end=\"595\">apiculture<\/strong> <strong data-start=\"558\" data-end=\"571\">Fossati<\/strong><br data-start=\"571\" data-end=\"574\"><strong data-start=\"574\" data-end=\"595\">Barba Brisi\u00f9 Show<\/strong>: d\u00e9monstration spectaculaire de sculpture sur bois \u00e0 la tron\u00e7onneuse, entre art, tradition et savoir-faire.<\/p>\n<p data-start=\"696\" data-end=\"833\">&#x1f37d;&#xfe0f; <strong data-start=\"700\" data-end=\"713\">19h30, au point de vente Apicoltura Fossati<\/strong><br data-start=\"713\" data-end=\"716\"><strong data-start=\"716\" data-end=\"744\">D\u00e9gustation et ap\u00e9ritif<\/strong> avec des produits locaux : saveurs authentiques de la vall\u00e9e, dans une atmosph\u00e8re conviviale et authentique.<\/p>\n<p data-start=\"835\" data-end=\"1017\">&#x1f3a5; <strong data-start=\"838\" data-end=\"873\">A suivre, sur la place de l&rsquo;h\u00f4tel de ville<\/strong><br data-start=\"873\" data-end=\"876\">Projection du <strong data-start=\"891\" data-end=\"922\">documentaire d&rsquo;Aspromiele<\/strong>, concluant la soir\u00e9e sous les \u00e9toiles avec des images, des histoires et des t\u00e9moignages de la r\u00e9gion.<\/p>\n<div class=\"x14z9mp xat24cr x1lziwak x1vvkbs xtlvy1s x126k92a\">\n<div dir=\"auto\"><span class=\"html-span xexx8yu xyri2b x18d9i69 x1c1uobl x1hl2dhg x16tdsg8 x1vvkbs x3nfvp2 x1j61x8r x1fcty0u xdj266r xat24cr xm2jcoa x1mpyi22 xxymvpz xlup9mm x1kky2od\"><img decoding=\"async\" class=\"xz74otr x15mokao x1ga7v0g x16uus16 xbiv7yw\" src=\"https:\/\/static.xx.fbcdn.net\/images\/emoji.php\/v9\/t5a\/1\/16\/1f4b0.png\" alt=\"&#x1f4b0;\" width=\"16\" height=\"16\"><\/span>  Co\u00fbt : 20\u20ac\/personne<\/div>\n<div dir=\"auto\"><\/div>\n<\/div>\n<div class=\"x14z9mp xat24cr x1lziwak x1vvkbs xtlvy1s x126k92a\">\n<div dir=\"auto\"><span class=\"html-span xexx8yu xyri2b x18d9i69 x1c1uobl x1hl2dhg x16tdsg8 x1vvkbs x3nfvp2 x1j61x8r x1fcty0u xdj266r xat24cr xm2jcoa x1mpyi22 xxymvpz xlup9mm x1kky2od\"><img decoding=\"async\" class=\"xz74otr x15mokao x1ga7v0g x16uus16 xbiv7yw\" src=\"https:\/\/static.xx.fbcdn.net\/images\/emoji.php\/v9\/td8\/1\/16\/1f4f2.png\" alt=\"&#x1f4f2;\" width=\"16\" height=\"16\"><\/span>  R\u00e9servations et informations :<\/div>\n<div dir=\"auto\"><span class=\"html-span xexx8yu xyri2b x18d9i69 x1c1uobl x1hl2dhg x16tdsg8 x1vvkbs x3nfvp2 x1j61x8r x1fcty0u xdj266r xat24cr xm2jcoa x1mpyi22 xxymvpz xlup9mm x1kky2od\"><img decoding=\"async\" class=\"xz74otr x15mokao x1ga7v0g x16uus16 xbiv7yw\" src=\"https:\/\/static.xx.fbcdn.net\/images\/emoji.php\/v9\/t4d\/1\/16\/1f4de.png\" alt=\"&#x1f4de;\" width=\"16\" height=\"16\"><\/span>  +39 328 2032182 (ou WhatsApp)<\/div>\n<div dir=\"auto\"><span class=\"html-span xexx8yu xyri2b x18d9i69 x1c1uobl x1hl2dhg x16tdsg8 x1vvkbs x3nfvp2 x1j61x8r x1fcty0u xdj266r xat24cr xm2jcoa x1mpyi22 xxymvpz xlup9mm x1kky2od\"><img loading=\"lazy\" decoding=\"async\" class=\"xz74otr x15mokao x1ga7v0g x16uus16 xbiv7yw\" src=\"https:\/\/static.xx.fbcdn.net\/images\/emoji.php\/v9\/tbe\/1\/16\/1f4e7.png\" alt=\"&#x1f4e7;\" width=\"16\" height=\"16\"><\/span> portadivalle@vallesturaexperience.it<\/div>\n<\/div>\n","protected":false},"excerpt":{"rendered":"<p>Far na novo veio en Val Esturo\u00a0\u00bb arrive \u00e0 Sambuco ! Une journ\u00e9e de tradition, de go\u00fbt et de d\u00e9couverte vous attend au c\u0153ur de la vall\u00e9e de la Stura ! &#x1f4cd; Sambuco &#x1f4c5; Mercredi 27 ao\u00fbt &#x1f553; \u00c0 partir de 16 heures, au point de vente Apicoltura FossatiVisite guid\u00e9e durucher d&rsquo;Apicoltura Fossati: une occasion [&#8230;]\n","protected":false},"featured_media":5580,"template":"","meta":{"_acf_changed":false},"product_brand":[],"product_cat":[69],"product_tag":[],"class_list":{"0":"post-5596","1":"product","2":"type-product","3":"status-publish","4":"has-post-thumbnail","6":"product_cat-experience-fr","8":"first","9":"instock","10":"taxable","11":"shipping-taxable","12":"product-type-simple"},"acf":[],"_links":{"self":[{"href":"https:\/\/www.vallesturaexperience.it\/fr\/wp-json\/wp\/v2\/product\/5596","targetHints":{"allow":["GET"]}}],"collection":[{"href":"https:\/\/www.vallesturaexperience.it\/fr\/wp-json\/wp\/v2\/product"}],"about":[{"href":"https:\/\/www.vallesturaexperience.it\/fr\/wp-json\/wp\/v2\/types\/product"}],"wp:featuredmedia":[{"embeddable":true,"href":"https:\/\/www.vallesturaexperience.it\/fr\/wp-json\/wp\/v2\/media\/5580"}],"wp:attachment":[{"href":"https:\/\/www.vallesturaexperience.it\/fr\/wp-json\/wp\/v2\/media?parent=5596"}],"wp:term":[{"taxonomy":"product_brand","embeddable":true,"href":"https:\/\/www.vallesturaexperience.it\/fr\/wp-json\/wp\/v2\/product_brand?post=5596"},{"taxonomy":"product_cat","embeddable":true,"href":"https:\/\/www.vallesturaexperience.it\/fr\/wp-json\/wp\/v2\/product_cat?post=5596"},{"taxonomy":"product_tag","embeddable":true,"href":"https:\/\/www.vallesturaexperience.it\/fr\/wp-json\/wp\/v2\/product_tag?post=5596"}],"curies":[{"name":"wp","href":"https:\/\/api.w.org\/{rel}","templated":true}]}}