{"id":5594,"date":"2025-08-21T13:22:39","date_gmt":"2025-08-21T11:22:39","guid":{"rendered":"https:\/\/www.vallesturaexperience.it\/prodotto\/2025-08-22-matinee-sur-la-piste-des-pompes\/"},"modified":"2025-08-21T13:22:39","modified_gmt":"2025-08-21T11:22:39","slug":"2025-08-22-matinee-sur-la-piste-des-pompes","status":"publish","type":"product","link":"https:\/\/www.vallesturaexperience.it\/fr\/prodotto\/2025-08-22-matinee-sur-la-piste-des-pompes\/","title":{"rendered":"2025.08.22 | Matin\u00e9e sur la piste des pompes |"},"content":{"rendered":"<h3 data-start=\"149\" data-end=\"209\"><strong data-start=\"153\" data-end=\"209\">Vendredi 22 ao\u00fbt &#8211; Piste de pompage pour enfants \u00e0 Vinadio<\/strong><\/h3>\n<p data-start=\"211\" data-end=\"280\">Une matin\u00e9e d&rsquo;adr\u00e9naline et d&rsquo;amusement con\u00e7ue pour les plus petits !<\/p>\n<p data-start=\"282\" data-end=\"492\">De 10 h \u00e0 12 h, <strong data-start=\"330\" data-end=\"340\">Enrica<\/strong>, guide cycliste, emm\u00e8nera les enfants \u00e0 la d\u00e9couverte du <strong data-start=\"382\" data-end=\"396\">pump track<\/strong>: virages, sauts et jeux pour am\u00e9liorer l&rsquo;\u00e9quilibre et la technique sur le v\u00e9lo, toujours en toute s\u00e9curit\u00e9.<\/p>\n<p data-start=\"494\" data-end=\"595\">Une occasion d&rsquo;apprendre tout en s&rsquo;amusant, de faire du v\u00e9lo en compagnie d&rsquo;autres personnes et de vivre une exp\u00e9rience en plein air.<\/p>\n<p data-start=\"597\" data-end=\"646\"><strong data-start=\"597\" data-end=\"646\">Rendez-vous au Bistrot Revelin \u00e0 Vinadio.<\/p>\n<p>Co\u00fbt : 10\u20ac par bimb\u01dd<\/p>\n<p><\/strong><\/p>\n<div>&#x1f4f2; R\u00e9servez maintenant :<\/div>\n<div>&#x1f4de; +39 328 2032182 (\u00e9galement WhatsApp)<\/div>\n<div>&#x1f4e7; portadivalle@vallesturaexperience.it<\/div>\n<p data-start=\"597\" data-end=\"646\">\n","protected":false},"excerpt":{"rendered":"<p>Vendredi 22 ao\u00fbt &#8211; Piste de pompage pour enfants \u00e0 Vinadio Une matin\u00e9e d&rsquo;adr\u00e9naline et d&rsquo;amusement con\u00e7ue pour les plus petits ! De 10 h \u00e0 12 h, Enrica, guide cycliste, emm\u00e8nera les enfants \u00e0 la d\u00e9couverte du pump track: virages, sauts et jeux pour am\u00e9liorer l&rsquo;\u00e9quilibre et la technique sur le v\u00e9lo, toujours en [&#8230;]\n","protected":false},"featured_media":5590,"template":"","meta":{"_acf_changed":false},"product_brand":[],"product_cat":[69],"product_tag":[],"class_list":{"0":"post-5594","1":"product","2":"type-product","3":"status-publish","4":"has-post-thumbnail","6":"product_cat-experience-fr","8":"first","9":"instock","10":"taxable","11":"shipping-taxable","12":"product-type-simple"},"acf":[],"_links":{"self":[{"href":"https:\/\/www.vallesturaexperience.it\/fr\/wp-json\/wp\/v2\/product\/5594","targetHints":{"allow":["GET"]}}],"collection":[{"href":"https:\/\/www.vallesturaexperience.it\/fr\/wp-json\/wp\/v2\/product"}],"about":[{"href":"https:\/\/www.vallesturaexperience.it\/fr\/wp-json\/wp\/v2\/types\/product"}],"wp:featuredmedia":[{"embeddable":true,"href":"https:\/\/www.vallesturaexperience.it\/fr\/wp-json\/wp\/v2\/media\/5590"}],"wp:attachment":[{"href":"https:\/\/www.vallesturaexperience.it\/fr\/wp-json\/wp\/v2\/media?parent=5594"}],"wp:term":[{"taxonomy":"product_brand","embeddable":true,"href":"https:\/\/www.vallesturaexperience.it\/fr\/wp-json\/wp\/v2\/product_brand?post=5594"},{"taxonomy":"product_cat","embeddable":true,"href":"https:\/\/www.vallesturaexperience.it\/fr\/wp-json\/wp\/v2\/product_cat?post=5594"},{"taxonomy":"product_tag","embeddable":true,"href":"https:\/\/www.vallesturaexperience.it\/fr\/wp-json\/wp\/v2\/product_tag?post=5594"}],"curies":[{"name":"wp","href":"https:\/\/api.w.org\/{rel}","templated":true}]}}