{"id":5557,"date":"2025-08-19T16:54:42","date_gmt":"2025-08-19T14:54:42","guid":{"rendered":"https:\/\/www.vallesturaexperience.it\/prodotto\/2025-08-28-diner-excursion\/"},"modified":"2025-08-19T16:54:42","modified_gmt":"2025-08-19T14:54:42","slug":"2025-08-28-diner-excursion","status":"publish","type":"product","link":"https:\/\/www.vallesturaexperience.it\/fr\/prodotto\/2025-08-28-diner-excursion\/","title":{"rendered":"2025.08.28 | D\u00eener + Excursion |"},"content":{"rendered":"<div class=\"xdj266r x11i5rnm xat24cr x1mh8g0r x1vvkbs x126k92a\">\n<div dir=\"auto\">\n<div>&#x2728; Le jeudi 28 ao\u00fbt, vivez une soir\u00e9e inoubliable plac\u00e9e sous le signe du go\u00fbt, de la nature et du ciel \u00e9toil\u00e9 !<\/div>\n<div><\/div>\n<div>&#x1f37d;&#xfe0f; 19 heures &#8211; D\u00eener au Rifugio Olmo Bianco di Bergemolo<\/div>\n<div>Un menu complet avec entr\u00e9e, premier plat, plat principal et dessert \u00e0 partager entre amis.<\/div>\n<div>&#x1f4b0; Co\u00fbt : 22\u20ac\/personne<\/div>\n<div><\/div>\n<div>&#x1f30c; 20 h 30 &#8211; Promenade nocturne avec le guide Stefano Melchio<\/div>\n<div>Une exp\u00e9rience unique pour d\u00e9couvrir la magie du ciel \u00e9toil\u00e9 et vivre la montagne dans une atmosph\u00e8re \u00e9vocatrice.<\/div>\n<div>&#x1f4b0; Co\u00fbt : 10\u20ac\/personne (hors d\u00eener)<\/div>\n<div><\/div>\n<div>&#x1f4f2; R\u00e9servations et infos :<\/div>\n<div>&#x1f4de; +39 328 2032182 (\u00e9galement WhatsApp)<\/div>\n<div>&#x1f4e7; portadivalle@vallesturaexperience.it<\/div>\n<\/div>\n<\/div>\n","protected":false},"excerpt":{"rendered":"<p>Le jeudi 28 ao\u00fbt, vivez une soir\u00e9e inoubliable plac\u00e9e sous le signe du go\u00fbt, de la nature et du ciel \u00e9toil\u00e9 !<\/p>\n","protected":false},"featured_media":5538,"template":"","meta":{"_acf_changed":false},"product_brand":[],"product_cat":[69],"product_tag":[],"class_list":{"0":"post-5557","1":"product","2":"type-product","3":"status-publish","4":"has-post-thumbnail","6":"product_cat-experience-fr","8":"first","9":"instock","10":"taxable","11":"shipping-taxable","12":"product-type-simple"},"acf":[],"_links":{"self":[{"href":"https:\/\/www.vallesturaexperience.it\/fr\/wp-json\/wp\/v2\/product\/5557","targetHints":{"allow":["GET"]}}],"collection":[{"href":"https:\/\/www.vallesturaexperience.it\/fr\/wp-json\/wp\/v2\/product"}],"about":[{"href":"https:\/\/www.vallesturaexperience.it\/fr\/wp-json\/wp\/v2\/types\/product"}],"wp:featuredmedia":[{"embeddable":true,"href":"https:\/\/www.vallesturaexperience.it\/fr\/wp-json\/wp\/v2\/media\/5538"}],"wp:attachment":[{"href":"https:\/\/www.vallesturaexperience.it\/fr\/wp-json\/wp\/v2\/media?parent=5557"}],"wp:term":[{"taxonomy":"product_brand","embeddable":true,"href":"https:\/\/www.vallesturaexperience.it\/fr\/wp-json\/wp\/v2\/product_brand?post=5557"},{"taxonomy":"product_cat","embeddable":true,"href":"https:\/\/www.vallesturaexperience.it\/fr\/wp-json\/wp\/v2\/product_cat?post=5557"},{"taxonomy":"product_tag","embeddable":true,"href":"https:\/\/www.vallesturaexperience.it\/fr\/wp-json\/wp\/v2\/product_tag?post=5557"}],"curies":[{"name":"wp","href":"https:\/\/api.w.org\/{rel}","templated":true}]}}