{"id":5480,"date":"2023-06-18T14:14:29","date_gmt":"2023-06-18T12:14:29","guid":{"rendered":"https:\/\/www.vallesturaexperience.it\/1747224622712?product=visite-guidee-du-palais-borelli-demonte"},"modified":"2023-06-18T14:14:29","modified_gmt":"2023-06-18T12:14:29","slug":"visite-guidee-du-palais-borelli-demonte","status":"publish","type":"product","link":"https:\/\/www.vallesturaexperience.it\/fr\/prodotto\/visite-guidee-du-palais-borelli-demonte\/","title":{"rendered":"Visite guid\u00e9e du Palais Borelli &#8211; Demonte"},"content":{"rendered":"<p>Une proposition d\u00e9di\u00e9e aux visiteurs int\u00e9ress\u00e9s \u00e0 participer \u00e0 une <strong>visite<\/strong> avec un <strong>guide sp\u00e9cialis\u00e9<\/strong>.<\/p>\n<p>Venez d\u00e9couvrir les lieux embl\u00e9matiques de l&rsquo;histoire de Demonte et plongez dans un <strong>palais du XVIIe si\u00e8cle<\/strong> plein de charme.<\/p>\n<p>Le <a href=\"https:\/\/www.vallesturaexperience.it\/en\/cosa_vedere\/palazzo-e-parco-bolleris\/\" target=\"_blank\" rel=\"noopener\"><em>Palazzo Bolleris<\/em><\/a>, aujourd&rsquo;hui <em>Borelli<\/em>, du nom du marquis qui en a command\u00e9 la construction au d\u00e9but du XVIIe si\u00e8cle, r\u00e9sume l&rsquo;histoire de notre pays.<\/p>\n<p>Avec sa fa\u00e7ade baroque et ses salles orn\u00e9es de pr\u00e9cieuses peintures murales, il vit le passage du <em>roi Charles Albert de Savoie<\/em>, h\u00f4te du comte <em>Giacinto Borelli<\/em>, deuxi\u00e8me signataire du <a href=\"https:\/\/www.quirinale.it\/allegati_statici\/costituzione\/Statutoalbertino.pdf\" target=\"_blank\" rel=\"noopener\"><em>Statut Albertin<\/em><\/a>.<\/p>\n<p>Le Palais abrite l&rsquo;<em>espace Lalla Romano<\/em>, une exposition permanente consacr\u00e9e \u00e0 l&rsquo;\u00e9crivaine et peintre de Demonte, <a href=\"http:\/\/www.lallaromano.it\/\" target=\"_blank\" rel=\"noopener\">Graziella \u2013 dite Lalla \u2013 Romano<\/a>.<\/p>\n<p>&nbsp;<\/p>\n<p><em>Billet plein tarif<\/em>: 6,00 \u20ac<br \/>\n<em>Billet combin\u00e9 avec visite des ruines du <a href=\"https:\/\/www.vallesturaexperience.it\/en\/?post_type=product&#038;p=2482\" target=\"_blank\" rel=\"noopener\">Fort de la Consolata<\/a> et\/ou du <a href=\"https:\/\/www.vallesturaexperience.it\/en\/prodotto\/copy\/\" target=\"_blank\" rel=\"noopener\">Parc Borelli<\/a><\/em>: 10,00 \u20ac<\/p>\n<p><strong>R\u00e9servez d\u00e8s maintenant et payez en esp\u00e8ces le jour de votre visite!<\/strong><\/p>\n","protected":false},"excerpt":{"rendered":"<p>Une proposition d\u00e9di\u00e9e aux visiteurs int\u00e9ress\u00e9s \u00e0 participer \u00e0 une visite avec un guide sp\u00e9cialis\u00e9. Venez d\u00e9couvrir les lieux embl\u00e9matiques de l&rsquo;histoire de Demonte et plongez dans un palais du XVIIe si\u00e8cle plein de charme. Le Palazzo Bolleris, aujourd&rsquo;hui Borelli, du nom du marquis qui en a command\u00e9 la construction au d\u00e9but du XVIIe si\u00e8cle, [&#8230;]\n","protected":false},"featured_media":4293,"template":"","meta":{"_acf_changed":false},"product_brand":[],"product_cat":[73],"product_tag":[],"class_list":{"0":"post-5480","1":"product","2":"type-product","3":"status-publish","4":"has-post-thumbnail","6":"product_cat-palais-borelli-demonte","8":"first","9":"instock","10":"taxable","11":"shipping-taxable","12":"product-type-variable"},"acf":[],"_links":{"self":[{"href":"https:\/\/www.vallesturaexperience.it\/fr\/wp-json\/wp\/v2\/product\/5480","targetHints":{"allow":["GET"]}}],"collection":[{"href":"https:\/\/www.vallesturaexperience.it\/fr\/wp-json\/wp\/v2\/product"}],"about":[{"href":"https:\/\/www.vallesturaexperience.it\/fr\/wp-json\/wp\/v2\/types\/product"}],"wp:featuredmedia":[{"embeddable":true,"href":"https:\/\/www.vallesturaexperience.it\/fr\/wp-json\/wp\/v2\/media\/4293"}],"wp:attachment":[{"href":"https:\/\/www.vallesturaexperience.it\/fr\/wp-json\/wp\/v2\/media?parent=5480"}],"wp:term":[{"taxonomy":"product_brand","embeddable":true,"href":"https:\/\/www.vallesturaexperience.it\/fr\/wp-json\/wp\/v2\/product_brand?post=5480"},{"taxonomy":"product_cat","embeddable":true,"href":"https:\/\/www.vallesturaexperience.it\/fr\/wp-json\/wp\/v2\/product_cat?post=5480"},{"taxonomy":"product_tag","embeddable":true,"href":"https:\/\/www.vallesturaexperience.it\/fr\/wp-json\/wp\/v2\/product_tag?post=5480"}],"curies":[{"name":"wp","href":"https:\/\/api.w.org\/{rel}","templated":true}]}}