{"id":5477,"date":"2024-06-09T15:39:01","date_gmt":"2024-06-09T13:39:01","guid":{"rendered":"https:\/\/www.vallesturaexperience.it\/1747224622712?product=a-la-decouverte-de-la-culture-de-la-chataigne-un-voyage-gastronomique-a-travers-les-traditions"},"modified":"2024-06-09T15:39:01","modified_gmt":"2024-06-09T13:39:01","slug":"a-la-decouverte-de-la-culture-de-la-chataigne-un-voyage-gastronomique-a-travers-les-traditions","status":"publish","type":"product","link":"https:\/\/www.vallesturaexperience.it\/fr\/prodotto\/a-la-decouverte-de-la-culture-de-la-chataigne-un-voyage-gastronomique-a-travers-les-traditions\/","title":{"rendered":"\u00c0 la d\u00e9couverte de la culture de la ch\u00e2taigne : un voyage gastronomique \u00e0 travers les traditions"},"content":{"rendered":"<p>&nbsp;<\/p>\n<p><em><strong>\u00c0 la d\u00e9couverte de la culture de la ch\u00e2taigne : un voyage gastronomique \u00e0 travers les traditions<\/strong><\/em><\/p>\n<p>Vivez une exp\u00e9rience inoubliable au milieu de ch\u00e2taigniers centenaires, guid\u00e9 par un ch\u00e2taignier expert. D\u00e9couvrez l&rsquo;histoire et la beaut\u00e9 de ces arbres majestueux tout en d\u00e9couvrant les secrets de la culture du ch\u00e2taignier. <\/p>\n<p><strong>Activit\u00e9s incluses:<\/strong><\/p>\n<ol>\n<li><strong>Visitez les Ch\u00e2taigniers Anciens<\/strong>: Promenez-vous parmi les imposants ch\u00e2taigniers anciens, accompagn\u00e9 d&rsquo;un ch\u00e2taignier qui partagera ses connaissances et ses histoires fascinantes sur ces arbres historiques.<\/li>\n<li><strong>Visite du laboratoire<\/strong>: Apr\u00e8s la balade, vous aurez l&rsquo;occasion de visiter un laboratoire o\u00f9 vous d\u00e9couvrirez le processus de transformation de la ch\u00e2taigne, de la r\u00e9colte \u00e0 la transformation en d\u00e9licieux produits.<\/li>\n<li><strong>D\u00e9gustation de produits artisanaux<\/strong>: Terminez votre journ\u00e9e par une d\u00e9gustation de d\u00e9lices artisanaux \u00e0 la ch\u00e2taigne, pr\u00e9par\u00e9s avec soin et passion. Savourez les saveurs uniques et authentiques que seuls les produits locaux peuvent offrir. <\/li>\n<\/ol>\n<p><strong>Une aventure pour d\u00e9couvrir la nature, la tradition et les saveurs authentiques de la ch\u00e2taigne!<\/strong><\/p>\n<p><em>R\u00e9servez votre exp\u00e9rience d\u00e8s maintenant et indiquez-nous la date souhait\u00e9e dans les notes. Nous vous r\u00e9pondrons dans les plus brefs d\u00e9lais !<\/em><\/p>\n","protected":false},"excerpt":{"rendered":"<p>&nbsp; \u00c0 la d\u00e9couverte de la culture de la ch\u00e2taigne : un voyage gastronomique \u00e0 travers les traditions Vivez une exp\u00e9rience inoubliable au milieu de ch\u00e2taigniers centenaires, guid\u00e9 par un ch\u00e2taignier expert. D\u00e9couvrez l&rsquo;histoire et la beaut\u00e9 de ces arbres majestueux tout en d\u00e9couvrant les secrets de la culture du ch\u00e2taignier. Activit\u00e9s incluses: Visitez les [&#8230;]\n","protected":false},"featured_media":4731,"template":"","meta":{"_acf_changed":false},"product_brand":[],"product_cat":[71],"product_tag":[],"class_list":{"0":"post-5477","1":"product","2":"type-product","3":"status-publish","4":"has-post-thumbnail","6":"product_cat-exclusive-fr","8":"first","9":"instock","10":"taxable","11":"shipping-taxable","12":"product-type-simple"},"acf":[],"_links":{"self":[{"href":"https:\/\/www.vallesturaexperience.it\/fr\/wp-json\/wp\/v2\/product\/5477","targetHints":{"allow":["GET"]}}],"collection":[{"href":"https:\/\/www.vallesturaexperience.it\/fr\/wp-json\/wp\/v2\/product"}],"about":[{"href":"https:\/\/www.vallesturaexperience.it\/fr\/wp-json\/wp\/v2\/types\/product"}],"wp:featuredmedia":[{"embeddable":true,"href":"https:\/\/www.vallesturaexperience.it\/fr\/wp-json\/wp\/v2\/media\/4731"}],"wp:attachment":[{"href":"https:\/\/www.vallesturaexperience.it\/fr\/wp-json\/wp\/v2\/media?parent=5477"}],"wp:term":[{"taxonomy":"product_brand","embeddable":true,"href":"https:\/\/www.vallesturaexperience.it\/fr\/wp-json\/wp\/v2\/product_brand?post=5477"},{"taxonomy":"product_cat","embeddable":true,"href":"https:\/\/www.vallesturaexperience.it\/fr\/wp-json\/wp\/v2\/product_cat?post=5477"},{"taxonomy":"product_tag","embeddable":true,"href":"https:\/\/www.vallesturaexperience.it\/fr\/wp-json\/wp\/v2\/product_tag?post=5477"}],"curies":[{"name":"wp","href":"https:\/\/api.w.org\/{rel}","templated":true}]}}