{"id":5476,"date":"2024-06-09T16:12:30","date_gmt":"2024-06-09T14:12:30","guid":{"rendered":"https:\/\/www.vallesturaexperience.it\/1747224622712?product=un-voyage-sensoriel-a-travers-les-vins-rouges-piemontais"},"modified":"2024-06-09T16:12:30","modified_gmt":"2024-06-09T14:12:30","slug":"un-voyage-sensoriel-a-travers-les-vins-rouges-piemontais","status":"publish","type":"product","link":"https:\/\/www.vallesturaexperience.it\/fr\/prodotto\/un-voyage-sensoriel-a-travers-les-vins-rouges-piemontais\/","title":{"rendered":"Un voyage sensoriel \u00e0 travers les vins rouges pi\u00e9montais"},"content":{"rendered":"<p><em><strong>Un voyage sensoriel \u00e0 travers les vins rouges pi\u00e9montais<\/strong><\/em><\/p>\n<p>Participez \u00e0 une d\u00e9gustation de vins rouges pi\u00e9montais \u00e0 La Piola all&rsquo;Ubac. D\u00e9couvrez les meilleurs vins du Pi\u00e9mont dans une ambiance authentique et chaleureuse. <\/p>\n<p><strong>Activit\u00e9s incluses:<\/strong><\/p>\n<ol>\n<li><strong>Bienvenue et introduction aux vins du Pi\u00e9mont<\/strong>: D\u00e9couvrez l&rsquo;histoire et les caract\u00e9ristiques uniques qui rendent les vins de cette r\u00e9gion si sp\u00e9ciaux.<\/li>\n<li><strong>D\u00e9gustation guid\u00e9e de vins rouges<\/strong>: Profitez d&rsquo;une d\u00e9gustation guid\u00e9e d&rsquo;une s\u00e9lection de vins rouges pi\u00e9montais raffin\u00e9s, dont un Dolcetto, un Barbera, un Barbaresco, un Nebbiolo, un Barolo et un Barbera Riserva.<\/li>\n<\/ol>\n<p>Une d\u00e9gustation inoubliable de vins fins et de tradition pi\u00e9montaise, parfaite pour ceux qui souhaitent d\u00e9couvrir les tr\u00e9sors cach\u00e9s du Pi\u00e9mont.<\/p>\n<p>Disponible toute l&rsquo;ann\u00e9e sauf juillet et ao\u00fbt.<\/p>\n<p><em>R\u00e9servez votre exp\u00e9rience d\u00e8s maintenant et indiquez-nous la date souhait\u00e9e dans les notes. Nous vous r\u00e9pondrons dans les plus brefs d\u00e9lais !<\/em><\/p>\n","protected":false},"excerpt":{"rendered":"<p>Un voyage sensoriel \u00e0 travers les vins rouges pi\u00e9montais Participez \u00e0 une d\u00e9gustation de vins rouges pi\u00e9montais \u00e0 La Piola all&rsquo;Ubac. D\u00e9couvrez les meilleurs vins du Pi\u00e9mont dans une ambiance authentique et chaleureuse. Activit\u00e9s incluses: Bienvenue et introduction aux vins du Pi\u00e9mont: D\u00e9couvrez l&rsquo;histoire et les caract\u00e9ristiques uniques qui rendent les vins de cette r\u00e9gion [&#8230;]\n","protected":false},"featured_media":4741,"template":"","meta":{"_acf_changed":false},"product_brand":[],"product_cat":[71],"product_tag":[],"class_list":{"0":"post-5476","1":"product","2":"type-product","3":"status-publish","4":"has-post-thumbnail","6":"product_cat-exclusive-fr","8":"first","9":"instock","10":"taxable","11":"shipping-taxable","12":"product-type-simple"},"acf":[],"_links":{"self":[{"href":"https:\/\/www.vallesturaexperience.it\/fr\/wp-json\/wp\/v2\/product\/5476","targetHints":{"allow":["GET"]}}],"collection":[{"href":"https:\/\/www.vallesturaexperience.it\/fr\/wp-json\/wp\/v2\/product"}],"about":[{"href":"https:\/\/www.vallesturaexperience.it\/fr\/wp-json\/wp\/v2\/types\/product"}],"wp:featuredmedia":[{"embeddable":true,"href":"https:\/\/www.vallesturaexperience.it\/fr\/wp-json\/wp\/v2\/media\/4741"}],"wp:attachment":[{"href":"https:\/\/www.vallesturaexperience.it\/fr\/wp-json\/wp\/v2\/media?parent=5476"}],"wp:term":[{"taxonomy":"product_brand","embeddable":true,"href":"https:\/\/www.vallesturaexperience.it\/fr\/wp-json\/wp\/v2\/product_brand?post=5476"},{"taxonomy":"product_cat","embeddable":true,"href":"https:\/\/www.vallesturaexperience.it\/fr\/wp-json\/wp\/v2\/product_cat?post=5476"},{"taxonomy":"product_tag","embeddable":true,"href":"https:\/\/www.vallesturaexperience.it\/fr\/wp-json\/wp\/v2\/product_tag?post=5476"}],"curies":[{"name":"wp","href":"https:\/\/api.w.org\/{rel}","templated":true}]}}