{"id":5473,"date":"2024-06-09T16:21:52","date_gmt":"2024-06-09T14:21:52","guid":{"rendered":"https:\/\/www.vallesturaexperience.it\/1747224622712?product=tradition-croustillante"},"modified":"2024-06-09T16:21:52","modified_gmt":"2024-06-09T14:21:52","slug":"tradition-croustillante","status":"publish","type":"product","link":"https:\/\/www.vallesturaexperience.it\/fr\/prodotto\/tradition-croustillante\/","title":{"rendered":"Tradition croustillante"},"content":{"rendered":"<div class=\"min-h-[20px] text-message flex flex-col items-start whitespace-pre-wrap break-words [.text-message+&amp;]:mt-5 juice:w-full juice:items-end overflow-x-auto gap-2\" dir=\"auto\" data-message-author-role=\"assistant\" data-message-id=\"c16bc37d-c4bb-4633-962c-449987c553f6\">\n<div class=\"flex w-full flex-col gap-1 juice:empty:hidden juice:first:pt-[3px]\">\n<div class=\"markdown prose w-full break-words dark:prose-invert light\">\n<p>Participez \u00e0 une exp\u00e9rience culinaire ludique et pratique et apprenez l&rsquo;art de la fabrication artisanale de gressins. D\u00e9couvrez les techniques traditionnelles et repartez avec le go\u00fbt authentique de la tradition pi\u00e9montaise. <\/p>\n<ol>\n<li><strong>Pr\u00e9paration de la p\u00e2te<\/strong>: Sous la direction experte d&rsquo;un chef, apprenez \u00e0 r\u00e9aliser la p\u00e2te \u00e0 gressins parfaite. M\u00e9langez des ingr\u00e9dients frais et sains et d\u00e9couvrez les secrets d&rsquo;une p\u00e2te souple et savoureuse. <\/li>\n<li><strong>Cuisson et d\u00e9gustation<\/strong>: Apprenez \u00e0 cuire des gressins \u00e0 la perfection, pour une dorage et un croustillant uniformes. D\u00e9gustez le produit fra\u00eechement cuit et emportez-le directement du four. <\/li>\n<\/ol>\n<\/div>\n<\/div>\n<\/div>\n<div class=\"min-h-[20px] text-message flex flex-col items-start whitespace-pre-wrap break-words [.text-message+&amp;]:mt-5 juice:w-full juice:items-end overflow-x-auto gap-2\" dir=\"auto\" data-message-author-role=\"assistant\" data-message-id=\"94959b6a-58c9-4aee-8519-3596dfd85c14\">\n<div class=\"flex w-full flex-col gap-1 juice:empty:hidden juice:first:pt-[3px]\">\n<div class=\"markdown prose w-full break-words dark:prose-invert light\">\n<p><strong>Une occasion unique de mettre la main \u00e0 la p\u00e2te et d&rsquo;apprendre l&rsquo;art de la fabrication du pain dans un environnement accueillant et relaxant. <\/strong><\/p>\n<p><em>Disponible toute l&rsquo;ann\u00e9e sauf juillet et ao\u00fbt. <\/em><\/p>\n<p><em>R\u00e9servez votre exp\u00e9rience d\u00e8s maintenant et indiquez-nous la date souhait\u00e9e dans les notes. Nous vous r\u00e9pondrons dans les plus brefs d\u00e9lais ! <\/em><\/p>\n<\/div>\n<\/div>\n<\/div>\n","protected":false},"excerpt":{"rendered":"<p>Participez \u00e0 une exp\u00e9rience culinaire ludique et pratique et apprenez l&rsquo;art de la fabrication artisanale de gressins. D\u00e9couvrez les techniques traditionnelles et repartez avec le go\u00fbt authentique de la tradition pi\u00e9montaise. Pr\u00e9paration de la p\u00e2te: Sous la direction experte d&rsquo;un chef, apprenez \u00e0 r\u00e9aliser la p\u00e2te \u00e0 gressins parfaite. M\u00e9langez des ingr\u00e9dients frais et sains [&#8230;]\n","protected":false},"featured_media":4747,"template":"","meta":{"_acf_changed":false},"product_brand":[],"product_cat":[71],"product_tag":[],"class_list":{"0":"post-5473","1":"product","2":"type-product","3":"status-publish","4":"has-post-thumbnail","6":"product_cat-exclusive-fr","8":"first","9":"instock","10":"taxable","11":"shipping-taxable","12":"product-type-simple"},"acf":[],"_links":{"self":[{"href":"https:\/\/www.vallesturaexperience.it\/fr\/wp-json\/wp\/v2\/product\/5473","targetHints":{"allow":["GET"]}}],"collection":[{"href":"https:\/\/www.vallesturaexperience.it\/fr\/wp-json\/wp\/v2\/product"}],"about":[{"href":"https:\/\/www.vallesturaexperience.it\/fr\/wp-json\/wp\/v2\/types\/product"}],"wp:featuredmedia":[{"embeddable":true,"href":"https:\/\/www.vallesturaexperience.it\/fr\/wp-json\/wp\/v2\/media\/4747"}],"wp:attachment":[{"href":"https:\/\/www.vallesturaexperience.it\/fr\/wp-json\/wp\/v2\/media?parent=5473"}],"wp:term":[{"taxonomy":"product_brand","embeddable":true,"href":"https:\/\/www.vallesturaexperience.it\/fr\/wp-json\/wp\/v2\/product_brand?post=5473"},{"taxonomy":"product_cat","embeddable":true,"href":"https:\/\/www.vallesturaexperience.it\/fr\/wp-json\/wp\/v2\/product_cat?post=5473"},{"taxonomy":"product_tag","embeddable":true,"href":"https:\/\/www.vallesturaexperience.it\/fr\/wp-json\/wp\/v2\/product_tag?post=5473"}],"curies":[{"name":"wp","href":"https:\/\/api.w.org\/{rel}","templated":true}]}}