{"id":5472,"date":"2024-06-09T16:29:46","date_gmt":"2024-06-09T14:29:46","guid":{"rendered":"https:\/\/www.vallesturaexperience.it\/1747224622712?product=saveur-alpine-a-la-decouverte-des-secrets-des-liqueurs-de-montagne"},"modified":"2024-06-09T16:29:46","modified_gmt":"2024-06-09T14:29:46","slug":"saveur-alpine-a-la-decouverte-des-secrets-des-liqueurs-de-montagne","status":"publish","type":"product","link":"https:\/\/www.vallesturaexperience.it\/fr\/prodotto\/saveur-alpine-a-la-decouverte-des-secrets-des-liqueurs-de-montagne\/","title":{"rendered":"Saveur alpine : \u00e0 la d\u00e9couverte des secrets des liqueurs de montagne"},"content":{"rendered":"<p><em><strong>Saveur alpine : \u00e0 la d\u00e9couverte des secrets des liqueurs de montagne<\/strong><\/em><\/p>\n<p>Venez vivre une exp\u00e9rience unique en montagne et d\u00e9couvrir les secrets des liqueurs artisanales locales. Une visite fascinante du laboratoire suivie d&rsquo;une d\u00e9gustation comment\u00e9e des meilleures liqueurs de montagne. <\/p>\n<ol>\n<li><strong>Visite du laboratoire<\/strong>: Commencez votre aventure par une visite exclusive du laboratoire de production de liqueurs de montagne. D\u00e9couvrez le processus de fabrication artisanal et l&rsquo;utilisation des herbes, baies et racines r\u00e9colt\u00e9es dans les vall\u00e9es environnantes. <\/li>\n<li><strong>Rencontrez le Ma\u00eetre Liquoriste<\/strong>: Rencontrez le ma\u00eetre liquoriste, pr\u00eat \u00e0 partager sa passion et son savoir-faire. \u00c9coutez des histoires fascinantes sur les traditions locales et les secrets transmis de g\u00e9n\u00e9ration en g\u00e9n\u00e9ration. N&rsquo;h\u00e9sitez pas \u00e0 poser des questions et \u00e0 approfondir vos connaissances sur les liqueurs de montagne.  <\/li>\n<li><strong>D\u00e9gustation guid\u00e9e<\/strong>: Go\u00fbtez une s\u00e9lection de liqueurs de montagne lors d&rsquo;une d\u00e9gustation guid\u00e9e. Chaque gorg\u00e9e sera accompagn\u00e9e d&rsquo;explications d\u00e9taill\u00e9es sur les m\u00e9thodes de production et les ingr\u00e9dients utilis\u00e9s.<br \/>\n<strong>Une occasion incontournable de s&rsquo;immerger<\/strong><strong> dans la culture et les traditions montagnardes, en d\u00e9couvrant l&rsquo;art et les saveurs authentiques des liqueurs artisanales.<\/strong><\/li>\n<\/ol>\n","protected":false},"excerpt":{"rendered":"<p>Saveur alpine : \u00e0 la d\u00e9couverte des secrets des liqueurs de montagne Venez vivre une exp\u00e9rience unique en montagne et d\u00e9couvrir les secrets des liqueurs artisanales locales. Une visite fascinante du laboratoire suivie d&rsquo;une d\u00e9gustation comment\u00e9e des meilleures liqueurs de montagne. Visite du laboratoire: Commencez votre aventure par une visite exclusive du laboratoire de production [&#8230;]\n","protected":false},"featured_media":4751,"template":"","meta":{"_acf_changed":false},"product_brand":[],"product_cat":[71],"product_tag":[],"class_list":{"0":"post-5472","1":"product","2":"type-product","3":"status-publish","4":"has-post-thumbnail","6":"product_cat-exclusive-fr","8":"first","9":"instock","10":"taxable","11":"shipping-taxable","12":"product-type-simple"},"acf":[],"_links":{"self":[{"href":"https:\/\/www.vallesturaexperience.it\/fr\/wp-json\/wp\/v2\/product\/5472","targetHints":{"allow":["GET"]}}],"collection":[{"href":"https:\/\/www.vallesturaexperience.it\/fr\/wp-json\/wp\/v2\/product"}],"about":[{"href":"https:\/\/www.vallesturaexperience.it\/fr\/wp-json\/wp\/v2\/types\/product"}],"wp:featuredmedia":[{"embeddable":true,"href":"https:\/\/www.vallesturaexperience.it\/fr\/wp-json\/wp\/v2\/media\/4751"}],"wp:attachment":[{"href":"https:\/\/www.vallesturaexperience.it\/fr\/wp-json\/wp\/v2\/media?parent=5472"}],"wp:term":[{"taxonomy":"product_brand","embeddable":true,"href":"https:\/\/www.vallesturaexperience.it\/fr\/wp-json\/wp\/v2\/product_brand?post=5472"},{"taxonomy":"product_cat","embeddable":true,"href":"https:\/\/www.vallesturaexperience.it\/fr\/wp-json\/wp\/v2\/product_cat?post=5472"},{"taxonomy":"product_tag","embeddable":true,"href":"https:\/\/www.vallesturaexperience.it\/fr\/wp-json\/wp\/v2\/product_tag?post=5472"}],"curies":[{"name":"wp","href":"https:\/\/api.w.org\/{rel}","templated":true}]}}