{"id":5470,"date":"2024-06-09T16:43:09","date_gmt":"2024-06-09T14:43:09","guid":{"rendered":"https:\/\/www.vallesturaexperience.it\/1747224622712?product=secrets-laitiers-un-apres-midi-de-traditions-et-de-saveurs"},"modified":"2024-06-09T16:43:09","modified_gmt":"2024-06-09T14:43:09","slug":"secrets-laitiers-un-apres-midi-de-traditions-et-de-saveurs","status":"publish","type":"product","link":"https:\/\/www.vallesturaexperience.it\/fr\/prodotto\/secrets-laitiers-un-apres-midi-de-traditions-et-de-saveurs\/","title":{"rendered":"Secrets laitiers : un apr\u00e8s-midi de traditions et de saveurs"},"content":{"rendered":"<p><em><strong>Secrets laitiers : un apr\u00e8s-midi de traditions et de saveurs<\/strong><\/em><\/p>\n<p>Une exp\u00e9rience inoubliable \u00e0 la ferme, o\u00f9 vous aurez l&rsquo;occasion d&rsquo;apprendre l&rsquo;art de la fabrication du fromage et de savourer de d\u00e9licieux fromages produits localement.<\/p>\n<p><strong>Activit\u00e9s incluses:<\/strong><\/p>\n<ol>\n<li><strong>Bienvenue au chenil<\/strong>: Commencez votre journ\u00e9e par un accueil chaleureux au chenil.<\/li>\n<li><strong>Visite de la ferme<\/strong>: Participez \u00e0 une visite guid\u00e9e, o\u00f9 vous pourrez en apprendre davantage sur ces animaux et observer de pr\u00e8s leurs habitudes quotidiennes.<\/li>\n<li><strong>D\u00e9gustation de fromages<\/strong>: Terminez votre exp\u00e9rience par une d\u00e9gustation de fromages frais et affin\u00e9s, pr\u00e9par\u00e9s sur place. Savourez les saveurs uniques et authentiques des fromages locaux. <\/li>\n<\/ol>\n<p><strong>Une exp\u00e9rience authentique et engageante qui vous permettra de d\u00e9couvrir le lien privil\u00e9gi\u00e9 entre la nature, les animaux et les produits laitiers, au c\u0153ur des montagnes.<\/strong><\/p>\n<p>Disponible d&rsquo;octobre \u00e0 juin.<\/p>\n<p><em>R\u00e9servez votre exp\u00e9rience d\u00e8s maintenant et indiquez-nous la date souhait\u00e9e dans les notes. Nous vous r\u00e9pondrons dans les plus brefs d\u00e9lais !<\/em><\/p>\n","protected":false},"excerpt":{"rendered":"<p>Secrets laitiers : un apr\u00e8s-midi de traditions et de saveurs Une exp\u00e9rience inoubliable \u00e0 la ferme, o\u00f9 vous aurez l&rsquo;occasion d&rsquo;apprendre l&rsquo;art de la fabrication du fromage et de savourer de d\u00e9licieux fromages produits localement. Activit\u00e9s incluses: Bienvenue au chenil: Commencez votre journ\u00e9e par un accueil chaleureux au chenil. Visite de la ferme: Participez \u00e0 [&#8230;]\n","protected":false},"featured_media":4755,"template":"","meta":{"_acf_changed":false},"product_brand":[],"product_cat":[71],"product_tag":[],"class_list":{"0":"post-5470","1":"product","2":"type-product","3":"status-publish","4":"has-post-thumbnail","6":"product_cat-exclusive-fr","8":"first","9":"instock","10":"taxable","11":"shipping-taxable","12":"product-type-simple"},"acf":[],"_links":{"self":[{"href":"https:\/\/www.vallesturaexperience.it\/fr\/wp-json\/wp\/v2\/product\/5470","targetHints":{"allow":["GET"]}}],"collection":[{"href":"https:\/\/www.vallesturaexperience.it\/fr\/wp-json\/wp\/v2\/product"}],"about":[{"href":"https:\/\/www.vallesturaexperience.it\/fr\/wp-json\/wp\/v2\/types\/product"}],"wp:featuredmedia":[{"embeddable":true,"href":"https:\/\/www.vallesturaexperience.it\/fr\/wp-json\/wp\/v2\/media\/4755"}],"wp:attachment":[{"href":"https:\/\/www.vallesturaexperience.it\/fr\/wp-json\/wp\/v2\/media?parent=5470"}],"wp:term":[{"taxonomy":"product_brand","embeddable":true,"href":"https:\/\/www.vallesturaexperience.it\/fr\/wp-json\/wp\/v2\/product_brand?post=5470"},{"taxonomy":"product_cat","embeddable":true,"href":"https:\/\/www.vallesturaexperience.it\/fr\/wp-json\/wp\/v2\/product_cat?post=5470"},{"taxonomy":"product_tag","embeddable":true,"href":"https:\/\/www.vallesturaexperience.it\/fr\/wp-json\/wp\/v2\/product_tag?post=5470"}],"curies":[{"name":"wp","href":"https:\/\/api.w.org\/{rel}","templated":true}]}}