{"id":5468,"date":"2025-04-06T17:18:30","date_gmt":"2025-04-06T15:18:30","guid":{"rendered":"https:\/\/www.vallesturaexperience.it\/1747224622712?product=24-05-2025-laboratoire-crouset"},"modified":"2025-12-11T17:45:34","modified_gmt":"2025-12-11T16:45:34","slug":"24-05-2025-laboratoire-crouset","status":"publish","type":"product","link":"https:\/\/www.vallesturaexperience.it\/fr\/prodotto\/24-05-2025-laboratoire-crouset\/","title":{"rendered":"24\/05\/2025 | Laboratoire Crouset"},"content":{"rendered":"<p>Le <strong>samedi 24 mai 2025<\/strong>, \u00e0 Porta di Valle &#8211; Valle Stura (Demonte), un apr\u00e8s-midi vous attend o\u00f9 vous pourrez apprendre \u00e0 pr\u00e9parer les p\u00e2tes typiques de la Valle Stura.<\/p>\n<p>Il est conseill\u00e9 d&rsquo;apporter un tablier et un torchon pour se <em>salir les mains<\/em>.<\/p>\n<p>Vous emporterez le r\u00e9sultat chez vous, pr\u00eat \u00e0 en profiter!<\/p>\n<p><em>En collaboration avec le groupe La Rasdouireto. <\/em><\/p>\n<p><strong>Lieu et heure<\/strong>: Porta di Valle &#8211; Valle Stura (Demonte) | 15h00<\/p>\n<p><strong>Co\u00fbt<\/strong> : 25,00 \u20ac \/ participant<\/p>\n<p><strong>Infos et r\u00e9servations<\/strong> [Vall\u00e9e Stura \u2013 Porta di Valle] : +39 3282032182 | portadivalle@vallesturaexperience.it<\/p>\n","protected":false},"excerpt":{"rendered":"<p>Le samedi 24 mai 2025, \u00e0 Porta di Valle &#8211; Valle Stura (Demonte), un apr\u00e8s-midi vous attend o\u00f9 vous pourrez apprendre \u00e0 pr\u00e9parer les p\u00e2tes typiques de la Valle Stura. Il est conseill\u00e9 d&rsquo;apporter un tablier et un torchon pour se salir les mains. Vous emporterez le r\u00e9sultat chez vous, pr\u00eat \u00e0 en profiter! En [&#8230;]\n","protected":false},"featured_media":6179,"template":"","meta":{"_acf_changed":false},"product_brand":[],"product_cat":[69],"product_tag":[],"class_list":{"0":"post-5468","1":"product","2":"type-product","3":"status-publish","4":"has-post-thumbnail","6":"product_cat-experience-fr","8":"first","9":"instock","10":"taxable","11":"shipping-taxable","12":"product-type-simple"},"acf":[],"_links":{"self":[{"href":"https:\/\/www.vallesturaexperience.it\/fr\/wp-json\/wp\/v2\/product\/5468","targetHints":{"allow":["GET"]}}],"collection":[{"href":"https:\/\/www.vallesturaexperience.it\/fr\/wp-json\/wp\/v2\/product"}],"about":[{"href":"https:\/\/www.vallesturaexperience.it\/fr\/wp-json\/wp\/v2\/types\/product"}],"wp:featuredmedia":[{"embeddable":true,"href":"https:\/\/www.vallesturaexperience.it\/fr\/wp-json\/wp\/v2\/media\/6179"}],"wp:attachment":[{"href":"https:\/\/www.vallesturaexperience.it\/fr\/wp-json\/wp\/v2\/media?parent=5468"}],"wp:term":[{"taxonomy":"product_brand","embeddable":true,"href":"https:\/\/www.vallesturaexperience.it\/fr\/wp-json\/wp\/v2\/product_brand?post=5468"},{"taxonomy":"product_cat","embeddable":true,"href":"https:\/\/www.vallesturaexperience.it\/fr\/wp-json\/wp\/v2\/product_cat?post=5468"},{"taxonomy":"product_tag","embeddable":true,"href":"https:\/\/www.vallesturaexperience.it\/fr\/wp-json\/wp\/v2\/product_tag?post=5468"}],"curies":[{"name":"wp","href":"https:\/\/api.w.org\/{rel}","templated":true}]}}