{"id":5466,"date":"2025-04-22T17:14:19","date_gmt":"2025-04-22T15:14:19","guid":{"rendered":"https:\/\/www.vallesturaexperience.it\/1747224622712?product=20-mai-2025-monologue-dans-lecurie-organise-par-irene-borgna"},"modified":"2025-10-05T14:11:05","modified_gmt":"2025-10-05T12:11:05","slug":"20-mai-2025-monologue-dans-lecurie-organise-par-irene-borgna","status":"publish","type":"product","link":"https:\/\/www.vallesturaexperience.it\/fr\/prodotto\/20-mai-2025-monologue-dans-lecurie-organise-par-irene-borgna\/","title":{"rendered":"2025.08.21 | Cin\u00e9ma + Apericena + Excursion |"},"content":{"rendered":"<div class=\"xdj266r x11i5rnm xat24cr x1mh8g0r x1vvkbs x126k92a\">\n<div dir=\"auto\">\n<div>&#x2728; Quatri\u00e8me rendez-vous avec \u00ab\u00a0Far Na Novo Veio en Val Esturo\u00a0\u00bb et les jeudis \u00e9toil\u00e9s avec Stefano Melchio !<\/div>\n<div><\/div>\n<div>&#x1f4cd; Le jeudi 21 ao\u00fbt, nous nous retrouverons \u00e0 la Locanda L&rsquo;Ubac, dans la tranquillit\u00e9 de Festiona (Demonte), pour une soir\u00e9e sp\u00e9ciale autour du go\u00fbt, de la nature et des \u00e9toiles.<\/div>\n<div><\/div>\n<div>&#x1f37d;&#xfe0f; Elle commence \u00e0 20 heures par un riche ap\u00e9ritif \u00e0 base de produits locaux.<\/div>\n<div><\/div>\n<div>&#x1f3ac; Suivi d&rsquo;une projection en plein air sous le ciel d&rsquo;\u00e9t\u00e9<\/div>\n<div><\/div>\n<div>&#x1f6b6;&#x200d;&#x2642;&#xfe0f; Et pour conclure, une petite randonn\u00e9e nocturne guid\u00e9e \u00e0 la d\u00e9couverte du ciel \u00e9toil\u00e9.<\/div>\n<div><\/div>\n<div>&#x2728;Une soir\u00e9e \u00e0 vivre le nez en l&rsquo;air !<\/div>\n<div><\/div>\n<div>&#x1f4b0; Co\u00fbt : 25\u20ac (apericena + excursion)<\/div>\n<div><\/div>\n<div>&#x1f4f2; R\u00e9servez maintenant :<\/div>\n<div>&#x1f4de; +39 328 2032182 (\u00e9galement WhatsApp)<\/div>\n<div>&#x1f4e7; portadivalle@vallesturaexperience.it<\/div>\n<\/div>\n<\/div>\n","protected":false},"excerpt":{"rendered":"<p>Quatri\u00e8me rendez-vous avec \u00ab\u00a0Far Na Novo Veio en Val Esturo\u00a0\u00bb et les jeudis \u00e9toil\u00e9s avec Stefano Melchio !<\/p>\n","protected":false},"featured_media":6079,"template":"","meta":{"_acf_changed":false},"product_brand":[],"product_cat":[69],"product_tag":[],"class_list":{"0":"post-5466","1":"product","2":"type-product","3":"status-publish","4":"has-post-thumbnail","6":"product_cat-experience-fr","8":"first","9":"instock","10":"taxable","11":"shipping-taxable","12":"product-type-simple"},"acf":[],"_links":{"self":[{"href":"https:\/\/www.vallesturaexperience.it\/fr\/wp-json\/wp\/v2\/product\/5466","targetHints":{"allow":["GET"]}}],"collection":[{"href":"https:\/\/www.vallesturaexperience.it\/fr\/wp-json\/wp\/v2\/product"}],"about":[{"href":"https:\/\/www.vallesturaexperience.it\/fr\/wp-json\/wp\/v2\/types\/product"}],"wp:featuredmedia":[{"embeddable":true,"href":"https:\/\/www.vallesturaexperience.it\/fr\/wp-json\/wp\/v2\/media\/6079"}],"wp:attachment":[{"href":"https:\/\/www.vallesturaexperience.it\/fr\/wp-json\/wp\/v2\/media?parent=5466"}],"wp:term":[{"taxonomy":"product_brand","embeddable":true,"href":"https:\/\/www.vallesturaexperience.it\/fr\/wp-json\/wp\/v2\/product_brand?post=5466"},{"taxonomy":"product_cat","embeddable":true,"href":"https:\/\/www.vallesturaexperience.it\/fr\/wp-json\/wp\/v2\/product_cat?post=5466"},{"taxonomy":"product_tag","embeddable":true,"href":"https:\/\/www.vallesturaexperience.it\/fr\/wp-json\/wp\/v2\/product_tag?post=5466"}],"curies":[{"name":"wp","href":"https:\/\/api.w.org\/{rel}","templated":true}]}}