{"id":2493,"date":"2025-04-17T10:49:56","date_gmt":"2025-04-17T08:49:56","guid":{"rendered":"https:\/\/www.vallesturaexperience.it\/1747224622712?post_type=product&#038;p=2493"},"modified":"2025-08-19T17:28:22","modified_gmt":"2025-08-19T15:28:22","slug":"2025-05-12-laboratorio-di-birre-e-degustazione-prodotti-locali","status":"publish","type":"product","link":"https:\/\/www.vallesturaexperience.it\/fr\/prodotto\/2025-05-12-laboratorio-di-birre-e-degustazione-prodotti-locali\/","title":{"rendered":"2025.08.29 | Randonn\u00e9e au coucher du soleil + Apericena |"},"content":{"rendered":"<div class=\"xdj266r x11i5rnm xat24cr x1mh8g0r x1vvkbs x126k92a\">\n<div dir=\"auto\">\n<div>&#x2728; Vendredi 29 ao\u00fbt &#8211; 17:00 heures<\/div>\n<div>Rejoignez-nous pour une exp\u00e9rience sp\u00e9ciale de nature, d&rsquo;art et de go\u00fbt ! &#x1f304;&#x1f942; <\/div>\n<div><\/div>\n<div>Nous nous r\u00e9jouissons de faire une randonn\u00e9e au coucher du soleil en compagnie du guide de randonn\u00e9e Noemi Silvestro, qui nous fera d\u00e9couvrir le sanctuaire de la Madonna degli Alpini \u00e0 Vignolo.<\/div>\n<div><\/div>\n<div>En chemin, nous traverserons le charmant sentier du Petit Menin et admirerons une fresque d\u00e9di\u00e9e \u00e0 St Maurice, immerg\u00e9e dans la beaut\u00e9 de la nature au coucher du soleil.<\/div>\n<div><\/div>\n<div>&#x1f96a; A la fin de la randonn\u00e9e, nous prendrons ensemble un ap\u00e9ritif en plein air.<\/div>\n<div><\/div>\n<div>&#x1f4cd; Co\u00fbt : 20\u20ac par personne (visite guid\u00e9e et ap\u00e9ritif compris)<\/div>\n<\/div>\n<\/div>\n<p><!--more--><\/p>\n","protected":false},"excerpt":{"rendered":"<p>Rejoignez-nous pour une exp\u00e9rience sp\u00e9ciale de nature, d&rsquo;art et de go\u00fbt !<\/p>\n","protected":false},"featured_media":5545,"template":"","meta":{"_acf_changed":false},"product_brand":[],"product_cat":[69],"product_tag":[],"class_list":{"0":"post-2493","1":"product","2":"type-product","3":"status-publish","4":"has-post-thumbnail","6":"product_cat-experience-fr","8":"first","9":"instock","10":"taxable","11":"shipping-taxable","12":"product-type-simple"},"acf":[],"_links":{"self":[{"href":"https:\/\/www.vallesturaexperience.it\/fr\/wp-json\/wp\/v2\/product\/2493","targetHints":{"allow":["GET"]}}],"collection":[{"href":"https:\/\/www.vallesturaexperience.it\/fr\/wp-json\/wp\/v2\/product"}],"about":[{"href":"https:\/\/www.vallesturaexperience.it\/fr\/wp-json\/wp\/v2\/types\/product"}],"wp:featuredmedia":[{"embeddable":true,"href":"https:\/\/www.vallesturaexperience.it\/fr\/wp-json\/wp\/v2\/media\/5545"}],"wp:attachment":[{"href":"https:\/\/www.vallesturaexperience.it\/fr\/wp-json\/wp\/v2\/media?parent=2493"}],"wp:term":[{"taxonomy":"product_brand","embeddable":true,"href":"https:\/\/www.vallesturaexperience.it\/fr\/wp-json\/wp\/v2\/product_brand?post=2493"},{"taxonomy":"product_cat","embeddable":true,"href":"https:\/\/www.vallesturaexperience.it\/fr\/wp-json\/wp\/v2\/product_cat?post=2493"},{"taxonomy":"product_tag","embeddable":true,"href":"https:\/\/www.vallesturaexperience.it\/fr\/wp-json\/wp\/v2\/product_tag?post=2493"}],"curies":[{"name":"wp","href":"https:\/\/api.w.org\/{rel}","templated":true}]}}