{"id":5488,"date":"2022-12-16T14:42:07","date_gmt":"2022-12-16T13:42:07","guid":{"rendered":"https:\/\/www.vallesturaexperience.it\/1747224622712?page_id=5488"},"modified":"2025-09-16T17:28:32","modified_gmt":"2025-09-16T15:28:32","slug":"le-bon-vallesturaexperience","status":"publish","type":"page","link":"https:\/\/www.vallesturaexperience.it\/fr\/le-bon-vallesturaexperience\/","title":{"rendered":"Donnez \u00e0 la vall\u00e9e de la Stura"},"content":{"rendered":"\n\n  <div class=\"banner has-hover has-parallax\" id=\"banner-1364298826\">\n          <div class=\"banner-inner fill\">\n        <div class=\"banner-bg fill\" data-parallax=\"-3\" data-parallax-container=\".banner\" data-parallax-background>\n            <img fetchpriority=\"high\" decoding=\"async\" width=\"1366\" height=\"910\" src=\"https:\/\/www.vallesturaexperience.it\/wp-content\/uploads\/ValleStura-16-18luglio-194.jpg\" class=\"bg attachment-original size-original\" alt=\"\" \/>                                    \n                    <\/div>\n\t\t\n        <div class=\"banner-layers container\">\n            <div class=\"fill banner-link\"><\/div>            \n\n   <div id=\"text-box-1727646981\" class=\"text-box banner-layer x50 md-x50 lg-x50 y50 md-y50 lg-y50 res-text\">\n                     <div data-animate=\"fadeInLeft\">           <div class=\"text-box-content text dark\">\n              \n              <div class=\"text-inner text-center\">\n                  \n\n<h1 class=\"uppercase\" style=\"padding-top: 25px;\"><strong>LE BON D&rsquo;EXP\u00c9RIENCE VALLE STURA<\/strong><\/h1>\n<h3 class=\"alt-font\" style=\"padding-bottom: 25px;\">Offrez des exp\u00e9riences dans la vall\u00e9e de la Stura<\/h3>\n\n              <\/div>\n           <\/div>\n       <\/div>                     \n<style>\n#text-box-1727646981 .text-box-content {\n  background-color: rgba(0, 0, 0, 0.5);\n  border-radius: 35px;\n  font-size: 100%;\n}\n#text-box-1727646981 {\n  width: 80%;\n}\n@media (min-width:550px) {\n  #text-box-1727646981 {\n    width: 90%;\n  }\n}\n<\/style>\n    <\/div>\n \n\n        <\/div>\n      <\/div>\n\n            \n<style>\n#banner-1364298826 {\n  padding-top: 540px;\n}\n#banner-1364298826 .overlay {\n  background-color: rgba(0, 0, 0, 0.3);\n}\n#banner-1364298826 .banner-bg img {\n  object-position: 53% 64%;\n}\n<\/style>\n  <\/div>\n\n\n<div class=\"row row-collapse\"  id=\"row-804445489\">\n\n\n\t<div id=\"col-1568794199\" class=\"col small-12 large-12\"  >\n\t\t\t\t<div class=\"col-inner\"  >\n\t\t\t\n\t\t\t\n\n<p style=\"text-align: center;\">Achetez le bon <em>#vallesturaexperience<\/em>: offrez une exp\u00e9rience unique&#8230; d\u00e9pensez-le en s\u00e9jours, excursions, produits locaux, restaurants, gadgets, souvenirs et bien plus encore !<\/p>\n<p style=\"text-align: center;\">Vous pouvez actuellement le trouver au bureau de <a href=\"https:\/\/www.vallesturaexperience.it\/fr\/la-porta-di-valle\/\">Porta di Valle &#8211; Valle Stura et dans toutes les activit\u00e9s du consortium.<\/a><\/p>\n<p style=\"text-align: center;\">Bon d&rsquo;achat de <strong>25\u20ac<\/strong>, forfait personnalisable, valable 12 mois \u00e0 compter de la date d&rsquo;achat.<\/p>\n<p style=\"text-align: center;\">Si vous ne savez jamais quoi offrir, c&rsquo;est le moment ! <br><strong>Offrez la vall\u00e9e de la Stura<\/strong>!<\/p>\n\t<div id=\"text-2161016250\" class=\"text\">\n\t\t\n\n<h5 class=\"uppercase\">CONTACTS<\/h5>\n\t\t\n<style>\n#text-2161016250 {\n  font-size: 1.3rem;\n  text-align: center;\n  color: #7a9c59;\n}\n#text-2161016250 > * {\n  color: #7a9c59;\n}\n<\/style>\n\t<\/div>\n\t\n\t<div id=\"text-1684615546\" class=\"text\">\n\t\t\n\n<p><strong>Tel<\/strong>: <a href=\"https:\/\/api.whatsapp.com\/message\/5HGVT72MCMNQJ1?autoload=1&amp;app_absent=0\" target=\"_blank\" rel=\"noopener\">+39 3282032182<\/a><br><strong>Email<\/strong>: <a href=\"mailto:portadivalle@vallesturaexperience.it\" target=\"_blank\" rel=\"noopener\">portadivalle@vallesturaexperience.it<\/a><\/p>\n\t\t\n<style>\n#text-1684615546 {\n  text-align: center;\n}\n<\/style>\n\t<\/div>\n\t\n\n\t\t<\/div>\n\t\t\t\t\t<\/div>\n\n\t\n\n\n<style>\n#row-804445489 > .col > .col-inner {\n  padding: 30px 0px 30px 0px;\n}\n<\/style>\n<\/div>\n\n  \n    <div class=\"row large-columns-2 medium-columns- small-columns- row-small slider row-slider slider-nav-circle\"  data-flickity-options='{&quot;imagesLoaded&quot;: true, &quot;groupCells&quot;: &quot;100%&quot;, &quot;dragThreshold&quot; : 5, &quot;cellAlign&quot;: &quot;left&quot;,&quot;wrapAround&quot;: true,&quot;prevNextButtons&quot;: true,&quot;percentPosition&quot;: true,&quot;pageDots&quot;: false, &quot;rightToLeft&quot;: false, &quot;autoPlay&quot; : false}' >\n\n  <div class=\"gallery-col col\" data-animate=\"fadeInUp\">\n          <div class=\"col-inner\">\n            <a class=\"image-lightbox lightbox-gallery\" href=\"https:\/\/www.vallesturaexperience.it\/wp-content\/uploads\/LovebuonoVSE-1024x1024.jpg\" title=\"\">            <div class=\"box has-hover gallery-box box-overlay dark\">\n              <div class=\"box-image image-overlay-add image-cover\" style=\"padding-top:56.25%;\">\n                <img decoding=\"async\" width=\"1080\" height=\"1080\" src=\"https:\/\/www.vallesturaexperience.it\/wp-content\/uploads\/LovebuonoVSE.jpg\" class=\"attachment-original size-original\" alt=\"\" ids=\"1932,1416,1403,1404,1405,1401\" type=\"slider\" col_spacing=\"small\" columns=\"2\" animate=\"fadeInUp\" slider_nav_style=\"circle\" image_height=\"56.25%\" image_size=\"original\" image_overlay=\"rgba(0, 0, 0, 0.5)\" image_hover=\"overlay-add\" srcset=\"https:\/\/www.vallesturaexperience.it\/wp-content\/uploads\/LovebuonoVSE.jpg 1080w, https:\/\/www.vallesturaexperience.it\/wp-content\/uploads\/LovebuonoVSE-247x247.jpg 247w, https:\/\/www.vallesturaexperience.it\/wp-content\/uploads\/LovebuonoVSE-100x100.jpg 100w, https:\/\/www.vallesturaexperience.it\/wp-content\/uploads\/LovebuonoVSE-510x510.jpg 510w, https:\/\/www.vallesturaexperience.it\/wp-content\/uploads\/LovebuonoVSE-300x300.jpg 300w, https:\/\/www.vallesturaexperience.it\/wp-content\/uploads\/LovebuonoVSE-1024x1024.jpg 1024w, https:\/\/www.vallesturaexperience.it\/wp-content\/uploads\/LovebuonoVSE-150x150.jpg 150w, https:\/\/www.vallesturaexperience.it\/wp-content\/uploads\/LovebuonoVSE-768x768.jpg 768w\" sizes=\"(max-width: 1080px) 100vw, 1080px\" \/>                                  <div class=\"overlay fill\"\n                      style=\"background-color: rgba(0, 0, 0, 0.5)\">\n                  <\/div>\n                                                              <\/div>\n              <div class=\"box-text text-left\" >\n                 <p><\/p>\n              <\/div>\n            <\/div>\n            <\/a>          <\/div>\n         <\/div><div class=\"gallery-col col\" data-animate=\"fadeInUp\">\n          <div class=\"col-inner\">\n            <a class=\"image-lightbox lightbox-gallery\" href=\"https:\/\/www.vallesturaexperience.it\/wp-content\/uploads\/Immagine-WhatsApp-2022-11-26-ore-17-787x1024.jpg\" title=\"\">            <div class=\"box has-hover gallery-box box-overlay dark\">\n              <div class=\"box-image image-overlay-add image-cover\" style=\"padding-top:56.25%;\">\n                <img decoding=\"async\" width=\"1200\" height=\"1561\" src=\"https:\/\/www.vallesturaexperience.it\/wp-content\/uploads\/Immagine-WhatsApp-2022-11-26-ore-17.jpg\" class=\"attachment-original size-original\" alt=\"\" ids=\"1932,1416,1403,1404,1405,1401\" type=\"slider\" col_spacing=\"small\" columns=\"2\" animate=\"fadeInUp\" slider_nav_style=\"circle\" image_height=\"56.25%\" image_size=\"original\" image_overlay=\"rgba(0, 0, 0, 0.5)\" image_hover=\"overlay-add\" srcset=\"https:\/\/www.vallesturaexperience.it\/wp-content\/uploads\/Immagine-WhatsApp-2022-11-26-ore-17.jpg 1200w, https:\/\/www.vallesturaexperience.it\/wp-content\/uploads\/Immagine-WhatsApp-2022-11-26-ore-17-510x663.jpg 510w, https:\/\/www.vallesturaexperience.it\/wp-content\/uploads\/Immagine-WhatsApp-2022-11-26-ore-17-231x300.jpg 231w, https:\/\/www.vallesturaexperience.it\/wp-content\/uploads\/Immagine-WhatsApp-2022-11-26-ore-17-768x999.jpg 768w, https:\/\/www.vallesturaexperience.it\/wp-content\/uploads\/Immagine-WhatsApp-2022-11-26-ore-17-787x1024.jpg 787w\" sizes=\"(max-width: 1200px) 100vw, 1200px\" \/>                                  <div class=\"overlay fill\"\n                      style=\"background-color: rgba(0, 0, 0, 0.5)\">\n                  <\/div>\n                                                              <\/div>\n              <div class=\"box-text text-left\" >\n                 <p><\/p>\n              <\/div>\n            <\/div>\n            <\/a>          <\/div>\n         <\/div><div class=\"gallery-col col\" data-animate=\"fadeInUp\">\n          <div class=\"col-inner\">\n            <a class=\"image-lightbox lightbox-gallery\" href=\"https:\/\/www.vallesturaexperience.it\/wp-content\/uploads\/Immagine-WhatsApp-2022-12-16-ore-12.21.46-2-780x1024.jpg\" title=\"\">            <div class=\"box has-hover gallery-box box-overlay dark\">\n              <div class=\"box-image image-overlay-add image-cover\" style=\"padding-top:56.25%;\">\n                <img loading=\"lazy\" decoding=\"async\" width=\"1920\" height=\"2520\" src=\"https:\/\/www.vallesturaexperience.it\/wp-content\/uploads\/Immagine-WhatsApp-2022-12-16-ore-12.21.46-2.jpg\" class=\"attachment-original size-original\" alt=\"\" ids=\"1932,1416,1403,1404,1405,1401\" type=\"slider\" col_spacing=\"small\" columns=\"2\" animate=\"fadeInUp\" slider_nav_style=\"circle\" image_height=\"56.25%\" image_size=\"original\" image_overlay=\"rgba(0, 0, 0, 0.5)\" image_hover=\"overlay-add\" srcset=\"https:\/\/www.vallesturaexperience.it\/wp-content\/uploads\/Immagine-WhatsApp-2022-12-16-ore-12.21.46-2.jpg 1920w, https:\/\/www.vallesturaexperience.it\/wp-content\/uploads\/Immagine-WhatsApp-2022-12-16-ore-12.21.46-2-510x669.jpg 510w, https:\/\/www.vallesturaexperience.it\/wp-content\/uploads\/Immagine-WhatsApp-2022-12-16-ore-12.21.46-2-229x300.jpg 229w, https:\/\/www.vallesturaexperience.it\/wp-content\/uploads\/Immagine-WhatsApp-2022-12-16-ore-12.21.46-2-768x1008.jpg 768w, https:\/\/www.vallesturaexperience.it\/wp-content\/uploads\/Immagine-WhatsApp-2022-12-16-ore-12.21.46-2-780x1024.jpg 780w, https:\/\/www.vallesturaexperience.it\/wp-content\/uploads\/Immagine-WhatsApp-2022-12-16-ore-12.21.46-2-1600x2100.jpg 1600w\" sizes=\"(max-width: 1920px) 100vw, 1920px\" \/>                                  <div class=\"overlay fill\"\n                      style=\"background-color: rgba(0, 0, 0, 0.5)\">\n                  <\/div>\n                                                              <\/div>\n              <div class=\"box-text text-left\" >\n                 <p><\/p>\n              <\/div>\n            <\/div>\n            <\/a>          <\/div>\n         <\/div><div class=\"gallery-col col\" data-animate=\"fadeInUp\">\n          <div class=\"col-inner\">\n            <a class=\"image-lightbox lightbox-gallery\" href=\"https:\/\/www.vallesturaexperience.it\/wp-content\/uploads\/Immagine-WhatsApp-2022-12-16-ore-12.34.35-1024x1024.jpg\" title=\"\">            <div class=\"box has-hover gallery-box box-overlay dark\">\n              <div class=\"box-image image-overlay-add image-cover\" style=\"padding-top:56.25%;\">\n                <img loading=\"lazy\" decoding=\"async\" width=\"1487\" height=\"1487\" src=\"https:\/\/www.vallesturaexperience.it\/wp-content\/uploads\/Immagine-WhatsApp-2022-12-16-ore-12.34.35.jpg\" class=\"attachment-original size-original\" alt=\"\" ids=\"1932,1416,1403,1404,1405,1401\" type=\"slider\" col_spacing=\"small\" columns=\"2\" animate=\"fadeInUp\" slider_nav_style=\"circle\" image_height=\"56.25%\" image_size=\"original\" image_overlay=\"rgba(0, 0, 0, 0.5)\" image_hover=\"overlay-add\" srcset=\"https:\/\/www.vallesturaexperience.it\/wp-content\/uploads\/Immagine-WhatsApp-2022-12-16-ore-12.34.35.jpg 1487w, https:\/\/www.vallesturaexperience.it\/wp-content\/uploads\/Immagine-WhatsApp-2022-12-16-ore-12.34.35-247x247.jpg 247w, https:\/\/www.vallesturaexperience.it\/wp-content\/uploads\/Immagine-WhatsApp-2022-12-16-ore-12.34.35-100x100.jpg 100w, https:\/\/www.vallesturaexperience.it\/wp-content\/uploads\/Immagine-WhatsApp-2022-12-16-ore-12.34.35-510x510.jpg 510w, https:\/\/www.vallesturaexperience.it\/wp-content\/uploads\/Immagine-WhatsApp-2022-12-16-ore-12.34.35-150x150.jpg 150w, https:\/\/www.vallesturaexperience.it\/wp-content\/uploads\/Immagine-WhatsApp-2022-12-16-ore-12.34.35-300x300.jpg 300w, https:\/\/www.vallesturaexperience.it\/wp-content\/uploads\/Immagine-WhatsApp-2022-12-16-ore-12.34.35-768x768.jpg 768w, https:\/\/www.vallesturaexperience.it\/wp-content\/uploads\/Immagine-WhatsApp-2022-12-16-ore-12.34.35-1024x1024.jpg 1024w\" sizes=\"(max-width: 1487px) 100vw, 1487px\" \/>                                  <div class=\"overlay fill\"\n                      style=\"background-color: rgba(0, 0, 0, 0.5)\">\n                  <\/div>\n                                                              <\/div>\n              <div class=\"box-text text-left\" >\n                 <p><\/p>\n              <\/div>\n            <\/div>\n            <\/a>          <\/div>\n         <\/div><div class=\"gallery-col col\" data-animate=\"fadeInUp\">\n          <div class=\"col-inner\">\n            <a class=\"image-lightbox lightbox-gallery\" href=\"https:\/\/www.vallesturaexperience.it\/wp-content\/uploads\/Immagine-WhatsApp-2022-12-16-ore-12.34.35.-768x1024.jpg\" title=\"\">            <div class=\"box has-hover gallery-box box-overlay dark\">\n              <div class=\"box-image image-overlay-add image-cover\" style=\"padding-top:56.25%;\">\n                <img loading=\"lazy\" decoding=\"async\" width=\"1536\" height=\"2048\" src=\"https:\/\/www.vallesturaexperience.it\/wp-content\/uploads\/Immagine-WhatsApp-2022-12-16-ore-12.34.35..jpg\" class=\"attachment-original size-original\" alt=\"\" ids=\"1932,1416,1403,1404,1405,1401\" type=\"slider\" col_spacing=\"small\" columns=\"2\" animate=\"fadeInUp\" slider_nav_style=\"circle\" image_height=\"56.25%\" image_size=\"original\" image_overlay=\"rgba(0, 0, 0, 0.5)\" image_hover=\"overlay-add\" srcset=\"https:\/\/www.vallesturaexperience.it\/wp-content\/uploads\/Immagine-WhatsApp-2022-12-16-ore-12.34.35..jpg 1536w, https:\/\/www.vallesturaexperience.it\/wp-content\/uploads\/Immagine-WhatsApp-2022-12-16-ore-12.34.35.-510x680.jpg 510w, https:\/\/www.vallesturaexperience.it\/wp-content\/uploads\/Immagine-WhatsApp-2022-12-16-ore-12.34.35.-225x300.jpg 225w, https:\/\/www.vallesturaexperience.it\/wp-content\/uploads\/Immagine-WhatsApp-2022-12-16-ore-12.34.35.-768x1024.jpg 768w\" sizes=\"(max-width: 1536px) 100vw, 1536px\" \/>                                  <div class=\"overlay fill\"\n                      style=\"background-color: rgba(0, 0, 0, 0.5)\">\n                  <\/div>\n                                                              <\/div>\n              <div class=\"box-text text-left\" >\n                 <p><\/p>\n              <\/div>\n            <\/div>\n            <\/a>          <\/div>\n         <\/div><div class=\"gallery-col col\" data-animate=\"fadeInUp\">\n          <div class=\"col-inner\">\n            <a class=\"image-lightbox lightbox-gallery\" href=\"https:\/\/www.vallesturaexperience.it\/wp-content\/uploads\/Immagine-WhatsApp-2022-12-16-ore-10.32.55-1-1024x1024.jpg\" title=\"\">            <div class=\"box has-hover gallery-box box-overlay dark\">\n              <div class=\"box-image image-overlay-add image-cover\" style=\"padding-top:56.25%;\">\n                <img loading=\"lazy\" decoding=\"async\" width=\"1920\" height=\"1920\" src=\"https:\/\/www.vallesturaexperience.it\/wp-content\/uploads\/Immagine-WhatsApp-2022-12-16-ore-10.32.55-1.jpg\" class=\"attachment-original size-original\" alt=\"\" ids=\"1932,1416,1403,1404,1405,1401\" type=\"slider\" col_spacing=\"small\" columns=\"2\" animate=\"fadeInUp\" slider_nav_style=\"circle\" image_height=\"56.25%\" image_size=\"original\" image_overlay=\"rgba(0, 0, 0, 0.5)\" image_hover=\"overlay-add\" srcset=\"https:\/\/www.vallesturaexperience.it\/wp-content\/uploads\/Immagine-WhatsApp-2022-12-16-ore-10.32.55-1.jpg 1920w, https:\/\/www.vallesturaexperience.it\/wp-content\/uploads\/Immagine-WhatsApp-2022-12-16-ore-10.32.55-1-247x247.jpg 247w, https:\/\/www.vallesturaexperience.it\/wp-content\/uploads\/Immagine-WhatsApp-2022-12-16-ore-10.32.55-1-100x100.jpg 100w, https:\/\/www.vallesturaexperience.it\/wp-content\/uploads\/Immagine-WhatsApp-2022-12-16-ore-10.32.55-1-510x510.jpg 510w, https:\/\/www.vallesturaexperience.it\/wp-content\/uploads\/Immagine-WhatsApp-2022-12-16-ore-10.32.55-1-150x150.jpg 150w, https:\/\/www.vallesturaexperience.it\/wp-content\/uploads\/Immagine-WhatsApp-2022-12-16-ore-10.32.55-1-300x300.jpg 300w, https:\/\/www.vallesturaexperience.it\/wp-content\/uploads\/Immagine-WhatsApp-2022-12-16-ore-10.32.55-1-768x768.jpg 768w, https:\/\/www.vallesturaexperience.it\/wp-content\/uploads\/Immagine-WhatsApp-2022-12-16-ore-10.32.55-1-1024x1024.jpg 1024w, https:\/\/www.vallesturaexperience.it\/wp-content\/uploads\/Immagine-WhatsApp-2022-12-16-ore-10.32.55-1-1600x1600.jpg 1600w\" sizes=\"(max-width: 1920px) 100vw, 1920px\" \/>                                  <div class=\"overlay fill\"\n                      style=\"background-color: rgba(0, 0, 0, 0.5)\">\n                  <\/div>\n                                                              <\/div>\n              <div class=\"box-text text-left\" >\n                 <p><\/p>\n              <\/div>\n            <\/div>\n            <\/a>          <\/div>\n         <\/div><\/div>\n\n\t<div id=\"gap-1719985662\" class=\"gap-element clearfix\" style=\"display:block; height:auto;\">\n\t\t\n<style>\n#gap-1719985662 {\n  padding-top: 150px;\n}\n<\/style>\n\t<\/div>\n\t\n\n\n","protected":false},"excerpt":{"rendered":"","protected":false},"author":3,"featured_media":0,"parent":0,"menu_order":8,"comment_status":"closed","ping_status":"closed","template":"page-blank.php","meta":{"_acf_changed":false,"footnotes":""},"class_list":["post-5488","page","type-page","status-publish","hentry"],"acf":[],"_links":{"self":[{"href":"https:\/\/www.vallesturaexperience.it\/fr\/wp-json\/wp\/v2\/pages\/5488","targetHints":{"allow":["GET"]}}],"collection":[{"href":"https:\/\/www.vallesturaexperience.it\/fr\/wp-json\/wp\/v2\/pages"}],"about":[{"href":"https:\/\/www.vallesturaexperience.it\/fr\/wp-json\/wp\/v2\/types\/page"}],"author":[{"embeddable":true,"href":"https:\/\/www.vallesturaexperience.it\/fr\/wp-json\/wp\/v2\/users\/3"}],"replies":[{"embeddable":true,"href":"https:\/\/www.vallesturaexperience.it\/fr\/wp-json\/wp\/v2\/comments?post=5488"}],"version-history":[{"count":0,"href":"https:\/\/www.vallesturaexperience.it\/fr\/wp-json\/wp\/v2\/pages\/5488\/revisions"}],"wp:attachment":[{"href":"https:\/\/www.vallesturaexperience.it\/fr\/wp-json\/wp\/v2\/media?parent=5488"}],"curies":[{"name":"wp","href":"https:\/\/api.w.org\/{rel}","templated":true}]}}