{"id":5486,"date":"2022-12-16T15:02:17","date_gmt":"2022-12-16T14:02:17","guid":{"rendered":"https:\/\/www.vallesturaexperience.it\/1747224622712?page_id=5486"},"modified":"2025-07-23T17:05:28","modified_gmt":"2025-07-23T15:05:28","slug":"privacy-cookie-policy","status":"publish","type":"page","link":"https:\/\/www.vallesturaexperience.it\/fr\/privacy-cookie-policy\/","title":{"rendered":"Privacy &amp; Cookie Policy"},"content":{"rendered":"\n<div class=\"row\"  id=\"row-696988289\">\n\n\n\t<div id=\"col-399808547\" class=\"col small-12 large-12\"  >\n\t\t\t\t<div class=\"col-inner\"  >\n\t\t\t\n\t\t\t\n\n\t<div id=\"text-1664175771\" class=\"text\">\n\t\t\n\n<h2 class=\"uppercase\">Privacy &amp; Cookie Policy<\/h2>\n\n\t\t\n<style>\n#text-1664175771 {\n  text-align: center;\n  color: #8bbb6b;\n}\n#text-1664175771 > * {\n  color: #8bbb6b;\n}\n<\/style>\n\t<\/div>\n\t\n<p>Valle Stura Experience, conform\u00e9ment au d\u00e9cret l\u00e9gislatif 196\/2003 (ci-apr\u00e8s \u00ab Code de confidentialit\u00e9 \u00bb) et au r\u00e8glement (UE) 2016\/679 (ci-apr\u00e8s \u00ab RGPD \u00bb), entend garantir la confidentialit\u00e9 et la s\u00e9curit\u00e9 des donn\u00e9es personnelles de chaque visiteur conform\u00e9ment aux dispositions de la pr\u00e9sente politique. <\/p>\n\t<div id=\"text-3186054230\" class=\"text\">\n\t\t\n\n<h5 class=\"uppercase\">Qui nous sommes<\/h5>\n\n\t\t\n<style>\n#text-3186054230 {\n  color: #8bbb6b;\n}\n#text-3186054230 > * {\n  color: #8bbb6b;\n}\n<\/style>\n\t<\/div>\n\t\n<p>Valle Stura Experience et La Porta di Valle sont les responsables du traitement des donn\u00e9es de ce site.<\/p>\n\t<div id=\"text-573266509\" class=\"text\">\n\t\t\n\n<h5 class=\"uppercase\">Quelles donn\u00e9es personnelles nous collectons et pourquoi<\/h5>\n\n\t\t\n<style>\n#text-573266509 {\n  color: #8bbb6b;\n}\n#text-573266509 > * {\n  color: #8bbb6b;\n}\n<\/style>\n\t<\/div>\n\t\n<p>Nous collectons une s\u00e9rie de donn\u00e9es personnelles relatives \u00e0 nos clients et utilisateurs qui visitent notre site, qui peuvent \u00eatre rattach\u00e9es aux cat\u00e9gories d\u00e9crites ci-dessous.<\/p>\n\n\t<div id=\"text-1343743482\" class=\"text\">\n\t\t\n\n<h5 class=\"uppercase\">Cookie<\/h5>\n\n\t\t\n<style>\n#text-1343743482 {\n  color: #8bbb6b;\n}\n#text-1343743482 > * {\n  color: #8bbb6b;\n}\n<\/style>\n\t<\/div>\n\t\n<p>Les cookies sont des fichiers stock\u00e9s sur le disque dur de votre appareil. Ils facilitent la navigation et am\u00e9liorent l&rsquo;ergonomie du site web. Ils permettent de d\u00e9terminer si une connexion a d\u00e9j\u00e0 eu lieu entre votre appareil et nos pages.<br>Les cookies sur un site web sont class\u00e9s selon les cat\u00e9gories principales suivantes :  <\/p>\n<ul>\n<li><strong>Cookies techniques<\/strong> : Ces cookies sont utilis\u00e9s pour effectuer la navigation ou fournir un service demand\u00e9 par l&rsquo;utilisateur. Ils ne sont pas utilis\u00e9s \u00e0 d&rsquo;autres fins et sont g\u00e9n\u00e9ralement install\u00e9s directement par le propri\u00e9taire du site web. Ces cookies ne n\u00e9cessitent pas de consentement.  <\/li>\n<li><strong>Cookies de profilage <\/strong>: Ces cookies sont utilis\u00e9s pour suivre la navigation en ligne d&rsquo;un utilisateur et cr\u00e9er des profils de ses go\u00fbts, habitudes, choix, etc. Ces cookies peuvent \u00eatre utilis\u00e9s pour envoyer des messages publicitaires au terminal de l&rsquo;utilisateur qui correspondent aux pr\u00e9f\u00e9rences que l&rsquo;utilisateur a d\u00e9j\u00e0 exprim\u00e9es lors de sa navigation en ligne.<\/li>\n<\/ul>\n<p>La plupart des navigateurs acceptent automatiquement les cookies. Vous pouvez refuser ou r\u00e9voquer votre autorisation \u00e0 tout moment en s\u00e9lectionnant les param\u00e8tres appropri\u00e9s dans les options de votre navigateur. Pour plus d&rsquo;informations, veuillez consulter les instructions de votre navigateur :  <\/p>\n<ul>\n<li><a href=\"https:\/\/support.google.com\/chrome\/answer\/95647?hl=it&amp;p=cpn_cookies\">Google Chrome<\/a><\/li>\n<li><a href=\"https:\/\/support.mozilla.org\/it\/kb\/Attivare%20e%20disattivare%20i%20cookie\">Mozilla Firefox<\/a><\/li>\n<li><a href=\"https:\/\/support.apple.com\/it-it\/HT201265\">Apple Safari<\/a><\/li>\n<li><a href=\"https:\/\/windows.microsoft.com\/it-it\/internet-explorer\/delete-manage-cookies#ie=ie-11\">Microsoft Internet Explorer<\/a><\/li>\n<li><a href=\"https:\/\/privacy.microsoft.com\/it-it\/windows-10-microsoft-edge-and-privacy\">Microsoft Edge<\/a><\/li>\n<\/ul>\n<p>Le refus des cookies de votre navigateur peut limiter les fonctionnalit\u00e9s de notre site.<br>Ce site utilise les cookies suivants :<\/p>\n\t<div id=\"text-2997885197\" class=\"text\">\n\t\t\n\n<h5 class=\"uppercase\">Cookies de premi\u00e8re partie<\/h5>\n\n\t\t\n<style>\n#text-2997885197 {\n  color: #8bbb6b;\n}\n#text-2997885197 > * {\n  color: #8bbb6b;\n}\n<\/style>\n\t<\/div>\n\t\n<p>Ce site utilise les cookies techniques suivants dans le seul but de fournir le meilleur service possible :<\/p>\n<ul>\n<li><a href=\"https:\/\/codex.wordpress.org\/WordPress_Cookies\" target=\"_blank\" rel=\"noopener noreferrer\">WordPress<\/a><\/li>\n<li><strong>Cookie Script<\/strong>: Utilis\u00e9 pour m\u00e9moriser le choix effectu\u00e9 par l&rsquo;utilisateur qui accepte ou refuse l&rsquo;utilisation de cookies sur ce site.<\/li>\n<\/ul>\n\t<div id=\"text-2740408083\" class=\"text\">\n\t\t\n\n<h5 class=\"uppercase\">Cookies tiers<\/h5>\n\n\t\t\n<style>\n#text-2740408083 {\n  color: #8bbb6b;\n}\n#text-2740408083 > * {\n  color: #8bbb6b;\n}\n<\/style>\n\t<\/div>\n\t\n<p>Ce site collecte des informations, sous forme agr\u00e9g\u00e9e, sur le nombre d&rsquo;utilisateurs et leur navigation. Afin d&rsquo;offrir un meilleur service, il utilise \u00e9galement des objets int\u00e9gr\u00e9s pour offrir davantage de fonctionnalit\u00e9s. Pour plus d&rsquo;informations sur les finalit\u00e9s, le type et les m\u00e9thodes de collecte, de traitement, d&rsquo;utilisation et de stockage des donn\u00e9es personnelles par des tiers, ainsi que sur la mani\u00e8re d&rsquo;exercer vos droits, veuillez consulter la politique de confidentialit\u00e9 adopt\u00e9e par chaque tiers.<br>En r\u00e9sum\u00e9, les cookies tiers suivants sont t\u00e9l\u00e9charg\u00e9s : <\/p>\n<ul>\n<li><a href=\"https:\/\/developers.google.com\/analytics\/devguides\/collection\/analyticsjs\/cookie-usage\" target=\"_blank\" rel=\"noopener noreferrer\">Google Analytics<\/a>: similaire aux cookies techniques, car le masquage de l&rsquo;adresse IP permet de collecter des informations agr\u00e9g\u00e9es sur le nombre d&rsquo;utilisateurs et leur navigation sur le site. Vous pouvez t\u00e9l\u00e9charger un module compl\u00e9mentaire de navigateur pour d\u00e9sactiver Google Analytics (<a href=\"https:\/\/tools.google.com\/dlpage\/gaoptout?hl=it\">plus d&rsquo;informations<\/a>). <\/li>\n<li><a href=\"https:\/\/policies.google.com\/technologies\/cookies?hl=it\">YouTube-nocookie<\/a>: similaire aux cookies techniques car une version sp\u00e9ciale de YouTube, appel\u00e9e YouTube-nocookie, est utilis\u00e9e, qui t\u00e9l\u00e9charge les cookies uniquement lorsque le bouton de lecture d&rsquo;une vid\u00e9o est effectivement enfonc\u00e9.<\/li>\n<\/ul>\n\t<div id=\"text-1320412158\" class=\"text\">\n\t\t\n\n<h5 class=\"uppercase\">Cookies du site<\/h5>\n\n\t\t\n<style>\n#text-1320412158 {\n  color: #8bbb6b;\n}\n#text-1320412158 > * {\n  color: #8bbb6b;\n}\n<\/style>\n\t<\/div>\n\t\n<h4 data-csr-i18n-text=\"&#091;&#093;\">Strettamente necessari<\/h4>\n<table class=\"_CookieScriptReportPageTable\">\n<thead>\n<tr>\n<th class=\"_CookieScriptReportPageTableTh\" scope=\"col\" data-csr-i18n-text=\"&#091;&#093;\">Nome<\/th>\n<th class=\"_CookieScriptReportPageTableTh\" scope=\"col\" data-csr-i18n-text=\"&#091;&#093;\">Provider \/ Dominio<\/th>\n<th class=\"_CookieScriptReportPageTableTh\" scope=\"col\" data-csr-i18n-text=\"&#091;&#093;\">Scadenza<\/th>\n<th class=\"_CookieScriptReportPageTableTh\" scope=\"col\" data-csr-i18n-text=\"&#091;&#093;\">Descrizione<\/th>\n<\/tr>\n<\/thead>\n<tbody>\n<tr>\n<td class=\"_CookieScriptReportPageTableTd\">qtrans_front_language<\/td>\n<td class=\"_CookieScriptReportPageTableTd\">www.vallesturaexperience.it<\/td>\n<td class=\"_CookieScriptReportPageTableTd\" data-csr-i18n-text=\"{&quot;it&quot;:&quot;1 anno&quot;}\">1 anno<\/td>\n<td class=\"_CookieScriptReportPageTableTd\" data-csr-i18n-text=\"{&quot;it&quot;:&quot;Utilizzato per la gestione delle lingue del sito&quot;}\">Utilizzato per la gestione delle lingue del sito<\/td>\n<\/tr>\n<\/tbody>\n<\/table>\n<h4 data-csr-i18n-text=\"&#091;&#093;\">Performance<\/h4>\n<table class=\"_CookieScriptReportPageTable\">\n<thead>\n<tr>\n<th class=\"_CookieScriptReportPageTableTh\" scope=\"col\" data-csr-i18n-text=\"&#091;&#093;\">Nome<\/th>\n<th class=\"_CookieScriptReportPageTableTh\" scope=\"col\" data-csr-i18n-text=\"&#091;&#093;\">Provider \/ Dominio<\/th>\n<th class=\"_CookieScriptReportPageTableTh\" scope=\"col\" data-csr-i18n-text=\"&#091;&#093;\">Scadenza<\/th>\n<th class=\"_CookieScriptReportPageTableTh\" scope=\"col\" data-csr-i18n-text=\"&#091;&#093;\">Descrizione<\/th>\n<\/tr>\n<\/thead>\n<tbody>\n<tr>\n<td class=\"_CookieScriptReportPageTableTd\">_ga<\/td>\n<td class=\"_CookieScriptReportPageTableTd\">\n<div class=\"_CookieScriptReportVendorName\"><a href=\"https:\/\/policies.google.com\/privacy\" target=\"_blank\" rel=\"nofollow noopener\">Google LLC<\/a><\/div>\n.vallesturaexperience.it<\/td>\n<td class=\"_CookieScriptReportPageTableTd\" data-csr-i18n-text=\"{&quot;it&quot;:&quot;2 anni&quot;}\">2 anni<\/td>\n<td class=\"_CookieScriptReportPageTableTd\" data-csr-i18n-text=\"{&quot;it&quot;:&quot;Questo nome di cookie u00e8 associato a Google Universal Analytics, che u00e8 un aggiornamento significativo del servizio di analisi piu00f9 comunemente utilizzato da Google. Questo cookie viene utilizzato per distinguere utenti unici assegnando un numero generato in modo casuale come identificatore del cliente. u00c8 incluso in ogni richiesta di pagina in un sito e utilizzato per calcolare i dati di visitatori, sessioni e campagne per i rapporti di analisi dei siti.&quot;}\">Questo nome di cookie \u00e8 associato a Google Universal Analytics, che \u00e8 un aggiornamento significativo del servizio di analisi pi\u00f9 comunemente utilizzato da Google. Questo cookie viene utilizzato per distinguere utenti unici assegnando un numero generato in modo casuale come identificatore del cliente. \u00c8 incluso in ogni richiesta di pagina in un sito e utilizzato per calcolare i dati di visitatori, sessioni e campagne per i rapporti di analisi dei siti.<\/td>\n<\/tr>\n<tr>\n<td class=\"_CookieScriptReportPageTableTd\">_gid<\/td>\n<td class=\"_CookieScriptReportPageTableTd\">\n<div class=\"_CookieScriptReportVendorName\"><a href=\"https:\/\/policies.google.com\/privacy\" target=\"_blank\" rel=\"nofollow noopener\">Google LLC<\/a><\/div>\n.vallesturaexperience.it<\/td>\n<td class=\"_CookieScriptReportPageTableTd\" data-csr-i18n-text=\"{&quot;it&quot;:&quot;1 giorno&quot;}\">1 giorno<\/td>\n<td class=\"_CookieScriptReportPageTableTd\" data-csr-i18n-text=\"{&quot;it&quot;:&quot;Questo cookie u00e8 impostato da Google Analytics. Memorizza e aggiorna un valore univoco per ogni pagina visitata e viene utilizzato per contare e tenere traccia delle visualizzazioni di pagina.&quot;}\">Questo cookie \u00e8 impostato da Google Analytics. Memorizza e aggiorna un valore univoco per ogni pagina visitata e viene utilizzato per contare e tenere traccia delle visualizzazioni di pagina.<\/td>\n<\/tr>\n<\/tbody>\n<\/table>\n<h4 data-csr-i18n-text=\"&#091;&#093;\">Targeting<\/h4>\n<table class=\"_CookieScriptReportPageTable\">\n<thead>\n<tr>\n<th class=\"_CookieScriptReportPageTableTh\" scope=\"col\" data-csr-i18n-text=\"&#091;&#093;\">Nome<\/th>\n<th class=\"_CookieScriptReportPageTableTh\" scope=\"col\" data-csr-i18n-text=\"&#091;&#093;\">Provider \/ Dominio<\/th>\n<th class=\"_CookieScriptReportPageTableTh\" scope=\"col\" data-csr-i18n-text=\"&#091;&#093;\">Scadenza<\/th>\n<th class=\"_CookieScriptReportPageTableTh\" scope=\"col\" data-csr-i18n-text=\"&#091;&#093;\">Descrizione<\/th>\n<\/tr>\n<\/thead>\n<tbody>\n<tr>\n<td class=\"_CookieScriptReportPageTableTd\">VISITOR_INFO1_LIVE<\/td>\n<td class=\"_CookieScriptReportPageTableTd\">\n<div class=\"_CookieScriptReportVendorName\"><a href=\"https:\/\/policies.google.com\/privacy\" target=\"_blank\" rel=\"nofollow noopener\">Google LLC<\/a><\/div>\n.youtube.com<\/td>\n<td class=\"_CookieScriptReportPageTableTd\" data-csr-i18n-text=\"{&quot;it&quot;:&quot;6 mesi&quot;}\">6 mesi<\/td>\n<td class=\"_CookieScriptReportPageTableTd\" data-csr-i18n-text=\"{&quot;it&quot;:&quot;Questo cookie u00e8 impostato da Youtube per tenere traccia delle preferenze dell'utente per i video di Youtube incorporati nei siti; puu00f2 anche determinare se il visitatore del sito web sta utilizzando la nuova o la vecchia versione dell'interfaccia di Youtube.&quot;}\">Questo cookie \u00e8 impostato da Youtube per tenere traccia delle preferenze dell&rsquo;utente per i video di Youtube incorporati nei siti; pu\u00f2 anche determinare se il visitatore del sito web sta utilizzando la nuova o la vecchia versione dell&rsquo;interfaccia di Youtube.<\/td>\n<\/tr>\n<tr>\n<td class=\"_CookieScriptReportPageTableTd\">_gat_gtag_UA_133173446_1<\/td>\n<td class=\"_CookieScriptReportPageTableTd\">.vallesturaexperience.it<\/td>\n<td class=\"_CookieScriptReportPageTableTd\" data-csr-i18n-text=\"{&quot;it&quot;:&quot;1 minuto&quot;}\">1 minuto<\/td>\n<td class=\"_CookieScriptReportPageTableTd\" data-csr-i18n-text=\"{&quot;it&quot;:&quot;Questo cookie fa parte di Google Analytics e viene utilizzato per limitare le richieste (throttle request rate).&quot;}\">Questo cookie fa parte di Google Analytics e viene utilizzato per limitare le richieste (throttle request rate).<\/td>\n<\/tr>\n<tr>\n<td class=\"_CookieScriptReportPageTableTd\">YSC<\/td>\n<td class=\"_CookieScriptReportPageTableTd\">\n<div class=\"_CookieScriptReportVendorName\"><a href=\"https:\/\/policies.google.com\/privacy\" target=\"_blank\" rel=\"nofollow noopener\">Google LLC<\/a><\/div>\n.youtube.com<\/td>\n<td class=\"_CookieScriptReportPageTableTd\" data-csr-i18n-text=\"{&quot;it&quot;:&quot;Sessione&quot;}\">Sessione<\/td>\n<td class=\"_CookieScriptReportPageTableTd\" data-csr-i18n-text=\"{&quot;it&quot;:&quot;Questo cookie u00e8 impostato da YouTube per tenere traccia delle visualizzazioni dei video incorporati.&quot;}\">Questo cookie \u00e8 impostato da YouTube per tenere traccia delle visualizzazioni dei video incorporati.<\/td>\n<\/tr>\n<\/tbody>\n<\/table>\n<h4 data-csr-i18n-text=\"&#091;&#093;\">Funzionalit\u00e0<\/h4>\n<table class=\"_CookieScriptReportPageTable\">\n<thead>\n<tr>\n<th class=\"_CookieScriptReportPageTableTh\" scope=\"col\" data-csr-i18n-text=\"&#091;&#093;\">Nome<\/th>\n<th class=\"_CookieScriptReportPageTableTh\" scope=\"col\" data-csr-i18n-text=\"&#091;&#093;\">Provider \/ Dominio<\/th>\n<th class=\"_CookieScriptReportPageTableTh\" scope=\"col\" data-csr-i18n-text=\"&#091;&#093;\">Scadenza<\/th>\n<th class=\"_CookieScriptReportPageTableTh\" scope=\"col\" data-csr-i18n-text=\"&#091;&#093;\">Descrizione<\/th>\n<\/tr>\n<\/thead>\n<\/table>\n\t<div id=\"text-68291671\" class=\"text\">\n\t\t\n\n<h5 class=\"uppercase\">Demande de contact<\/h5>\n\n\t\t\n<style>\n#text-68291671 {\n  color: #8bbb6b;\n}\n#text-68291671 > * {\n  color: #8bbb6b;\n}\n<\/style>\n\t<\/div>\n\t\n<p>Si vous nous contactez via l&rsquo;un des formulaires disponibles sur le site web (demande de contact g\u00e9n\u00e9rale, demande de r\u00e9servation de propri\u00e9t\u00e9, etc.), nous vous demanderons vos nom, pr\u00e9nom et adresse e-mail. Ces informations sont n\u00e9cessaires pour vous r\u00e9pondre et ne seront pas rendues publiques. Veuillez ne pas nous communiquer de documents personnels ni d&rsquo;informations sensibles, que ce soit vous concernant ou concernant d&rsquo;autres personnes.  <\/p>\n\t<div id=\"text-4243135343\" class=\"text\">\n\t\t\n\n<h5 class=\"uppercase\">Partage de donn\u00e9es personnelles<\/h5>\n\n\t\t\n<style>\n#text-4243135343 {\n  color: #8bbb6b;\n}\n#text-4243135343 > * {\n  color: #8bbb6b;\n}\n<\/style>\n\t<\/div>\n\t\n<p>Nous partageons vos donn\u00e9es personnelles avec d\u2019autres soci\u00e9t\u00e9s uniquement lorsque cela est strictement n\u00e9cessaire pour vous fournir un service tel que d\u00e9crit dans les paragraphes pr\u00e9c\u00e9dents.<\/p>\n<p>Voici les services que nous utilisons avec leurs politiques de confidentialit\u00e9 respectives :<\/p>\n\t<div id=\"text-1030986240\" class=\"text\">\n\t\t\n\n<h5 class=\"uppercase\">Statistiques<\/h5>\n\n\t\t\n<style>\n#text-1030986240 {\n  color: #8bbb6b;\n}\n#text-1030986240 > * {\n  color: #8bbb6b;\n}\n<\/style>\n\t<\/div>\n\t\n<ul>\n<li><strong>Google Analytics<\/strong> (<a href=\"https:\/\/www.google.com\/intl\/it_it\/analytics\/learn\/privacy.html\" target=\"_blank\" rel=\"noopener noreferrer\">information<\/a>), pour obtenir des statistiques sur les visites.<\/li>\n<\/ul>\n\t<div id=\"text-3917894853\" class=\"text\">\n\t\t\n\n<h5 class=\"uppercase\">Objets incorpor\u00e9s<\/h5>\n\n\t\t\n<style>\n#text-3917894853 {\n  color: #8bbb6b;\n}\n#text-3917894853 > * {\n  color: #8bbb6b;\n}\n<\/style>\n\t<\/div>\n\t\n<ul>\n<li><strong>YouTube <\/strong>(<a href=\"https:\/\/www.youtube.com\/static?template=privacy_guidelines\" target=\"_blank\" rel=\"noopener noreferrer\">information<\/a>), pour visionner des vid\u00e9os directement sur les pages.<\/li>\n<\/ul>\n\t<div id=\"text-1502858518\" class=\"text\">\n\t\t\n\n<h5 class=\"uppercase\">Modifications de notre politique de confidentialit\u00e9<br><\/h5>\n\n\t\t\n<style>\n#text-1502858518 {\n  color: #8bbb6b;\n}\n#text-1502858518 > * {\n  color: #8bbb6b;\n}\n<\/style>\n\t<\/div>\n\t\n<p>Nous nous r\u00e9servons le droit de mettre \u00e0 jour cette politique de confidentialit\u00e9 de temps \u00e0 autre afin de refl\u00e9ter les am\u00e9liorations apport\u00e9es \u00e0 nos offres et les \u00e9volutions technologiques et r\u00e9glementaires. La derni\u00e8re mise \u00e0 jour de cette politique date du 23 mai 2022. <\/p>\n\n\n\t\t<\/div>\n\t\t\t\t\t<\/div>\n\n\t\n\n<\/div>\n\n","protected":false},"excerpt":{"rendered":"","protected":false},"author":3,"featured_media":0,"parent":0,"menu_order":7,"comment_status":"closed","ping_status":"closed","template":"","meta":{"_acf_changed":false,"footnotes":""},"class_list":["post-5486","page","type-page","status-publish","hentry"],"acf":[],"_links":{"self":[{"href":"https:\/\/www.vallesturaexperience.it\/fr\/wp-json\/wp\/v2\/pages\/5486","targetHints":{"allow":["GET"]}}],"collection":[{"href":"https:\/\/www.vallesturaexperience.it\/fr\/wp-json\/wp\/v2\/pages"}],"about":[{"href":"https:\/\/www.vallesturaexperience.it\/fr\/wp-json\/wp\/v2\/types\/page"}],"author":[{"embeddable":true,"href":"https:\/\/www.vallesturaexperience.it\/fr\/wp-json\/wp\/v2\/users\/3"}],"replies":[{"embeddable":true,"href":"https:\/\/www.vallesturaexperience.it\/fr\/wp-json\/wp\/v2\/comments?post=5486"}],"version-history":[{"count":0,"href":"https:\/\/www.vallesturaexperience.it\/fr\/wp-json\/wp\/v2\/pages\/5486\/revisions"}],"wp:attachment":[{"href":"https:\/\/www.vallesturaexperience.it\/fr\/wp-json\/wp\/v2\/media?parent=5486"}],"curies":[{"name":"wp","href":"https:\/\/api.w.org\/{rel}","templated":true}]}}