{"id":5329,"date":"2018-07-05T15:37:55","date_gmt":"2018-07-05T13:37:55","guid":{"rendered":"https:\/\/www.vallesturaexperience.it\/1747224622712?page_id=5329"},"modified":"2025-09-16T17:21:36","modified_gmt":"2025-09-16T15:21:36","slug":"rencontrons-nous","status":"publish","type":"page","link":"https:\/\/www.vallesturaexperience.it\/fr\/rencontrons-nous\/","title":{"rendered":"Rencontrons-nous"},"content":{"rendered":"\n\n  <div class=\"banner has-hover has-parallax\" id=\"banner-903224047\">\n          <div class=\"banner-inner fill\">\n        <div class=\"banner-bg fill\" data-parallax=\"-3\" data-parallax-container=\".banner\" data-parallax-background>\n            <img fetchpriority=\"high\" decoding=\"async\" width=\"1801\" height=\"1200\" src=\"https:\/\/www.vallesturaexperience.it\/wp-content\/uploads\/Paesi-ValleStura-9-1.jpg\" class=\"bg attachment-original size-original\" alt=\"\" \/>                                    \n                    <\/div>\n\t\t\n\t<div class=\"ux-shape-divider ux-shape-divider--bottom ux-shape-divider--style-triangle-invert\">\n\t\t<svg viewBox=\"0 0 1000 100\" xmlns=\"http:\/\/www.w3.org\/2000\/svg\" preserveAspectRatio=\"none\">\n\t<path class=\"ux-shape-fill\" d=\"M500 95.6L0 0V100H1000V0L500 95.6Z\"\/>\n<\/svg>\n\t<\/div>\n        <div class=\"banner-layers container\">\n            <div class=\"fill banner-link\"><\/div>            \n\n   <div id=\"text-box-649002618\" class=\"text-box banner-layer x50 md-x50 lg-x50 y50 md-y50 lg-y50 res-text\">\n              <div data-parallax=\"4\" data-parallax-fade=\"true\">       <div data-animate=\"fadeInLeft\">           <div class=\"text-box-content text dark\">\n              \n              <div class=\"text-inner text-center\">\n                  \n\n<h1 class=\"uppercase\" style=\"padding-top: 25px;\"><strong>Rencontrons-nous in Valle Stura<br><\/strong><\/h1>\n<h5 style=\"padding-bottom: 25px; font-weight: normal;\">La nature, les traditions et l&rsquo;histoire sont \u00e0 d\u00e9couvrir.<\/h5>\n\n              <\/div>\n           <\/div>\n       <\/div>       <\/div>              \n<style>\n#text-box-649002618 .text-box-content {\n  background-color: rgba(0, 0, 0, 0.5);\n  border-radius: 35px;\n  font-size: 100%;\n}\n#text-box-649002618 {\n  width: 80%;\n}\n@media (min-width:550px) {\n  #text-box-649002618 {\n    width: 90%;\n  }\n}\n<\/style>\n    <\/div>\n \n\n        <\/div>\n      <\/div>\n\n            \n<style>\n#banner-903224047 {\n  padding-top: 540px;\n}\n#banner-903224047 .overlay {\n  background-color: rgba(0, 0, 0, 0.3);\n}\n#banner-903224047 .banner-bg img {\n  object-position: 48% 60%;\n}\n#banner-903224047 .ux-shape-divider--bottom svg {\n  height: 50px;\n  --divider-width: 100%;\n}\n<\/style>\n  <\/div>\n\n\n<div class=\"row row-collapse\"  id=\"row-11973765\">\n\n\n\t<div id=\"col-15065042\" class=\"col small-12 large-12\"  >\n\t\t\t\t<div class=\"col-inner text-center\"  >\n\t\t\t\n\t\t\t\n\n<p>Ici, les <strong>montagnes<\/strong> ne sont pas seulement des paysages : ce sont des compagnons de voyage.<br>Ici, les <strong>villages<\/strong> racontent des histoires et la nature vous invite \u00e0 ralentir.<br>La vall\u00e9e de la Stura est un lieu o\u00f9 l&rsquo;on <strong>se rencontre<\/strong> vraiment : avec la nature, avec les traditions, avec soi-m\u00eame.<\/p>\n\n\t\t<\/div>\n\t\t\t\t\n<style>\n#col-15065042 > .col-inner {\n  margin: 0px 0px 0px 0px;\n}\n<\/style>\n\t<\/div>\n\n\t\n\n\n<style>\n#row-11973765 > .col > .col-inner {\n  padding: 30px 0px 30px 0px;\n}\n<\/style>\n<\/div>\n<div class=\"row row-collapse\"  id=\"row-1447696325\">\n\n\n\t<div id=\"col-818304180\" class=\"col small-12 large-12\"  >\n\t\t\t\t<div class=\"col-inner\"  >\n\t\t\t\n\t\t\t\n\n\t<div id=\"text-648319513\" class=\"text\">\n\t\t\n\n<h5 class=\"uppercase\" style=\"text-align: left;\">NOTRE VALLEE<\/h5>\n\t\t\n<style>\n#text-648319513 {\n  font-size: 1.3rem;\n  text-align: left;\n  color: #7a9c59;\n}\n#text-648319513 > * {\n  color: #7a9c59;\n}\n<\/style>\n\t<\/div>\n\t\n<p style=\"text-align: left;\"><span style=\"font-weight: 400;\">Un large couloir alpin qui descend doucement des montagnes les plus sauvages des Alpes occidentales vers la plaine du Pi\u00e9mont et caresse la ville de Cuneo.<\/span><span style=\"font-weight: 400;\"><br><\/span><span style=\"font-weight: 400;\">Un environnement authentique, o\u00f9 l&rsquo;homme et la nature coexistent en \u00e9quilibre, au milieu de paysages \u00e9vocateurs et d&rsquo;un r\u00e9seau dense de chemins, de sentiers muletiers et de routes qui racontent encore l&rsquo;histoire des voyageurs, des bergers et des marchands.<\/span><span style=\"font-weight: 400;\"><br><\/span><span style=\"font-weight: 400;\"><br><\/span><span style=\"font-weight: 400;\">La vall\u00e9e de la Stura di Demonte est suspendue entre les <em>Alpes maritimes<\/em> et les <em>Alpes Cottiennes<\/em>, entre l&rsquo;Italie et la France. Sa porte d&rsquo;entr\u00e9e est le <em>parc des fleuves Gesso et Stura<\/em>: plus de quatre mille hectares de bois, d&rsquo;eau et de biodiversit\u00e9 qui relient la plaine \u00e0 la montagne. <\/span><span style=\"font-weight: 400;\"><br><\/span><span style=\"font-weight: 400;\"><br><\/span><span style=\"font-weight: 400;\">Du c\u0153ur de Cuneo jusqu&rsquo;au <strong>Colle della Maddalena<\/strong>, la vall\u00e9e offre une extraordinaire vari\u00e9t\u00e9 de paysages : id\u00e9ale pour une excursion hors de la ville, parfaite pour un s\u00e9jour plus long de sport, de nature, d&rsquo;histoire et de saveurs authentiques.<\/span><\/p>\n\t<div id=\"text-1929270311\" class=\"text\">\n\t\t\n\n<h5 class=\"uppercase\">Une rencontre d&rsquo;exp\u00e9riences, saison apr\u00e8s saison<\/h5>\n\t\t\n<style>\n#text-1929270311 {\n  font-size: 1.3rem;\n  color: #7a9c59;\n}\n#text-1929270311 > * {\n  color: #7a9c59;\n}\n<\/style>\n\t<\/div>\n\t\n<p>Dans la vall\u00e9e de la Stura, chaque saison a sa propre magie : les bois qui prennent les couleurs de l&rsquo;automne, les fleurs du printemps, les lacs et les sentiers en \u00e9t\u00e9, la neige qui invite \u00e0 l&rsquo;aventure en hiver.<br>Vous trouverez ici des activit\u00e9s pour les experts et pour ceux qui veulent profiter de la nature sans h\u00e2te, entre sports, excursions et moments de d\u00e9tente.<\/p>\n  <div class=\"banner-grid-wrapper\">\n  <div id=\"banner-grid-1661177632\" class=\"banner-grid row row-grid row-small\" data-packery-options=\"\">\n                      \n\n<div class=\"col grid-col large-6 grid-col-1\" ><div class=\"col-inner\">\n\n\n  <div class=\"banner has-hover\" id=\"banner-1092197463\">\n          <div class=\"banner-inner fill\">\n        <div class=\"banner-bg fill\" >\n            <img decoding=\"async\" width=\"1020\" height=\"680\" src=\"https:\/\/www.vallesturaexperience.it\/wp-content\/uploads\/ValleStura-16-18luglio-26.jpg\" class=\"bg attachment-large size-large\" alt=\"\" \/>                        <div class=\"overlay\"><\/div>            \n                    <\/div>\n\t\t\n        <div class=\"banner-layers container\">\n            <div class=\"fill banner-link\"><\/div>            \n\n   <div id=\"text-box-2059431919\" class=\"text-box banner-layer x50 md-x50 lg-x50 y95 md-y95 lg-y95 res-text\">\n                                <div class=\"text-box-content text dark\">\n              \n              <div class=\"text-inner text-center\">\n                  \n\n\t<div id=\"text-3923772317\" class=\"text\">\n\t\t\n\n<h3 class=\"uppercase\"><strong>\u00c9T\u00c9<\/strong><\/h3>\n<p>Randonn\u00e9e entre les lacs alpins, v\u00e9lo de montagne et de route, rafting et pique-nique.<\/p>\n\t\t\n<style>\n#text-3923772317 {\n  font-size: 1.2rem;\n}\n<\/style>\n\t<\/div>\n\t\n\n              <\/div>\n           <\/div>\n                            \n<style>\n#text-box-2059431919 {\n  width: 60%;\n}\n#text-box-2059431919 .text-box-content {\n  font-size: 100%;\n}\n<\/style>\n    <\/div>\n \n\n        <\/div>\n      <\/div>\n\n            \n<style>\n#banner-1092197463 {\n  padding-top: 500px;\n}\n#banner-1092197463 .overlay {\n  background-color: rgba(0, 0, 0, 0.17);\n}\n<\/style>\n  <\/div>\n\n\n\n<\/div><\/div>\n<div class=\"col grid-col large-3 grid-col-1\" ><div class=\"col-inner\">\n\n\n  <div class=\"banner has-hover\" id=\"banner-389252786\">\n          <div class=\"banner-inner fill\">\n        <div class=\"banner-bg fill\" >\n            <img decoding=\"async\" width=\"1020\" height=\"680\" src=\"https:\/\/www.vallesturaexperience.it\/wp-content\/uploads\/ValleStura-ciclismo-sanna-85-1024x683.png\" class=\"bg attachment-large size-large\" alt=\"\" \/>                        <div class=\"overlay\"><\/div>            \n                    <\/div>\n\t\t\n        <div class=\"banner-layers container\">\n            <div class=\"fill banner-link\"><\/div>            \n\n   <div id=\"text-box-566779542\" class=\"text-box banner-layer x50 md-x50 lg-x50 y5 md-y5 lg-y5 res-text\">\n                                <div class=\"text-box-content text dark\">\n              \n              <div class=\"text-inner text-center\">\n                  \n\n\t<div id=\"text-3777281724\" class=\"text\">\n\t\t\n\n<h3 class=\"uppercase\"><strong>AUTOMNE<\/strong><\/h3>\n<p>Promenades dans des for\u00eats color\u00e9es, ramassage de ch\u00e2taignes, d\u00e9gustations de produits locaux et foires.<\/p>\n\t\t\n<style>\n#text-3777281724 {\n  font-size: 0.75rem;\n}\n<\/style>\n\t<\/div>\n\t\n\n              <\/div>\n           <\/div>\n                            \n<style>\n#text-box-566779542 {\n  width: 60%;\n}\n#text-box-566779542 .text-box-content {\n  font-size: 100%;\n}\n<\/style>\n    <\/div>\n \n\n        <\/div>\n      <\/div>\n\n            \n<style>\n#banner-389252786 {\n  padding-top: 500px;\n}\n#banner-389252786 .overlay {\n  background-color: rgba(0, 0, 0, 0.17);\n}\n<\/style>\n  <\/div>\n\n\n\n<\/div><\/div>\n<div class=\"col grid-col large-3 grid-col-1-2\" ><div class=\"col-inner\">\n\n\n  <div class=\"banner has-hover\" id=\"banner-2076123321\">\n          <div class=\"banner-inner fill\">\n        <div class=\"banner-bg fill\" >\n            <img loading=\"lazy\" decoding=\"async\" width=\"1800\" height=\"1200\" src=\"https:\/\/www.vallesturaexperience.it\/wp-content\/uploads\/ValleStura-Winter-110.jpg\" class=\"bg attachment-original size-original\" alt=\"\" \/>                        <div class=\"overlay\"><\/div>            \n                    <\/div>\n\t\t\n        <div class=\"banner-layers container\">\n            <div class=\"fill banner-link\"><\/div>            \n\n   <div id=\"text-box-1674165461\" class=\"text-box banner-layer x50 md-x50 lg-x50 y100 md-y100 lg-y100 res-text\">\n                                <div class=\"text-box-content text dark\">\n              \n              <div class=\"text-inner text-center\">\n                  \n\n\t<div id=\"text-312048304\" class=\"text\">\n\t\t\n\n<h3 class=\"uppercase\"><strong>HIVER<\/strong><\/h3>\n<p>Ski alpin, ski de fond, raquettes, luge et paysages enneig\u00e9s de carte postale.<\/p>\n\t\t\n<style>\n#text-312048304 {\n  font-size: 0.75rem;\n}\n<\/style>\n\t<\/div>\n\t\n\n              <\/div>\n           <\/div>\n                            \n<style>\n#text-box-1674165461 {\n  width: 60%;\n}\n#text-box-1674165461 .text-box-content {\n  font-size: 100%;\n}\n<\/style>\n    <\/div>\n \n\n        <\/div>\n      <\/div>\n\n            \n<style>\n#banner-2076123321 {\n  padding-top: 500px;\n}\n#banner-2076123321 .overlay {\n  background-color: rgba(0, 0, 0, 0.17);\n}\n<\/style>\n  <\/div>\n\n\n\n<\/div><\/div>\n<div class=\"col grid-col large-3 grid-col-1-2\" ><div class=\"col-inner\">\n\n\n  <div class=\"banner has-hover\" id=\"banner-838859015\">\n          <div class=\"banner-inner fill\">\n        <div class=\"banner-bg fill\" >\n            <img loading=\"lazy\" decoding=\"async\" width=\"1020\" height=\"680\" src=\"https:\/\/www.vallesturaexperience.it\/wp-content\/uploads\/ValleStura-16-18luglio-145-1024x683.jpg\" class=\"bg attachment-large size-large\" alt=\"\" \/>                        <div class=\"overlay\"><\/div>            \n                    <\/div>\n\t\t\n        <div class=\"banner-layers container\">\n            <div class=\"fill banner-link\"><\/div>            \n\n   <div id=\"text-box-1651906970\" class=\"text-box banner-layer x50 md-x50 lg-x50 y5 md-y5 lg-y5 res-text\">\n                                <div class=\"text-box-content text dark\">\n              \n              <div class=\"text-inner text-center\">\n                  \n\n\t<div id=\"text-3271238235\" class=\"text\">\n\t\t\n\n<h3 class=\"uppercase\"><strong>PRINTEMPS<\/strong><\/h3>\n<p>Rafting, trekking dans la basse vall\u00e9e et v\u00e9lo de montagne.<\/p>\n\t\t\n<style>\n#text-3271238235 {\n  font-size: 0.75rem;\n}\n<\/style>\n\t<\/div>\n\t\n\n              <\/div>\n           <\/div>\n                            \n<style>\n#text-box-1651906970 {\n  width: 60%;\n}\n#text-box-1651906970 .text-box-content {\n  font-size: 100%;\n}\n<\/style>\n    <\/div>\n \n\n        <\/div>\n      <\/div>\n\n            \n<style>\n#banner-838859015 {\n  padding-top: 500px;\n}\n#banner-838859015 .overlay {\n  background-color: rgba(0, 0, 0, 0.17);\n}\n<\/style>\n  <\/div>\n\n\n\n<\/div><\/div>\n\n            <\/div>\n    <style>\n    #banner-grid-1661177632 .grid-col-1{height: 600px}\n    #banner-grid-1661177632 .grid-col-1-2{height: 300px}\n    #banner-grid-1661177632 .grid-col-1-3{height:200px}\n    #banner-grid-1661177632 .grid-col-2-3{height: 400px}\n    #banner-grid-1661177632 .grid-col-1-4{height: 150px}\n    #banner-grid-1661177632 .grid-col-3-4{height: 450px}\n\n\n    \n    \n\n  <\/style>\n    <\/div>\n  \n\t<div id=\"text-324880401\" class=\"text\">\n\t\t\n\n<h5 class=\"uppercase\">Une rencontre de PERSONNES<\/h5>\n\t\t\n<style>\n#text-324880401 {\n  font-size: 1.3rem;\n  color: #7a9c59;\n}\n#text-324880401 > * {\n  color: #7a9c59;\n}\n<\/style>\n\t<\/div>\n\t\n<p>La <strong>vall\u00e9e de la Stura<\/strong> a toujours \u00e9t\u00e9 une terre de passage : marchands, voyageurs, partisans et p\u00e8lerins ont travers\u00e9 ses chemins, laissant derri\u00e8re eux des histoires et des traditions.<\/p>\n<p>Aujourd&rsquo;hui, les personnes qui arrivent ici sont accueillies dans des installations \u00e0 taille humaine, familiales et bien entretenues, o\u00f9 chaque invit\u00e9 devient un membre de la communaut\u00e9.<br>Vous ne trouverez pas d&rsquo;h\u00f4tels anonymes, mais des refuges, des chambres d&rsquo;h\u00f4tes et des auberges o\u00f9 la convivialit\u00e9 et le souci du d\u00e9tail font de chaque s\u00e9jour un moment privil\u00e9gi\u00e9.<\/p>\n<p>En ce qui concerne les saveurs, les restaurants de la vall\u00e9e offrent une rencontre authentique avec la tradition : des plats locaux, des produits de qualit\u00e9 et une hospitalit\u00e9 authentique qui font de chaque repas une exp\u00e9rience inoubliable.<\/p>\n<div class=\"text-center\"><div class=\"is-divider divider clearfix\" style=\"max-width:80px;background-color:rgb(0, 0, 0);\"><\/div><\/div>\n\n\n\t\t<\/div>\n\t\t\t\t\t<\/div>\n\n\t\n\n\n<style>\n#row-1447696325 > .col > .col-inner {\n  padding: 30px 0px 30px 0px;\n}\n<\/style>\n<\/div>\n\n  <div class=\"banner has-hover\" id=\"banner-2003653366\">\n          <div class=\"banner-inner fill\">\n        <div class=\"banner-bg fill\" >\n            <img loading=\"lazy\" decoding=\"async\" width=\"1020\" height=\"680\" src=\"https:\/\/www.vallesturaexperience.it\/wp-content\/uploads\/Crete-de-taillante.jpeg\" class=\"bg attachment-large size-large\" alt=\"\" \/>                                    \n\t<div class=\"is-border\"\n\t\tstyle=\"border-width:0px 0px 0px 0px;margin:0px 0px 0px 0px;\">\n\t<\/div>\n                    <\/div>\n\t\t\n        <div class=\"banner-layers container\">\n            <div class=\"fill banner-link\"><\/div>            \n\n   <div id=\"text-box-1666594548\" class=\"text-box banner-layer x50 md-x50 lg-x50 y50 md-y50 lg-y50 res-text\">\n                                <div class=\"text-box-content text dark\">\n              \n              <div class=\"text-inner text-center\">\n                  \n\n<h3 class=\"uppercase\"><strong>\u00cates-vous pr\u00eat \u00e0 vivre une exp\u00e9rience authentique ?<\/strong><\/h3>\n<a href=\"https:\/\/www.vallesturaexperience.it\/fr\/quoi-faire\/\" class=\"button primary\"  style=\"border-radius:99px;\">\n\t\t<span>une rencontre d&#039;exp\u00e9riences<\/span>\n\t<\/a>\n\n\n<a href=\"https:\/\/www.vallesturaexperience.it\/fr\/que-voir\/\" class=\"button primary\"  style=\"border-radius:99px;\">\n\t\t<span>UNE RENCONTRE ENTRE L&#039;HISTOIRE ET LA NATURE<\/span>\n\t<\/a>\n\n\n\n              <\/div>\n           <\/div>\n                            \n<style>\n#text-box-1666594548 {\n  width: 60%;\n}\n#text-box-1666594548 .text-box-content {\n  font-size: 100%;\n}\n<\/style>\n    <\/div>\n \n\n        <\/div>\n      <\/div>\n\n            \n<style>\n#banner-2003653366 {\n  padding-top: 500px;\n}\n<\/style>\n  <\/div>\n\n\n\t<div id=\"gap-1911184703\" class=\"gap-element clearfix\" style=\"display:block; height:auto;\">\n\t\t\n<style>\n#gap-1911184703 {\n  padding-top: 150px;\n}\n<\/style>\n\t<\/div>\n\t\n\n\n","protected":false},"excerpt":{"rendered":"","protected":false},"author":1,"featured_media":0,"parent":0,"menu_order":24,"comment_status":"closed","ping_status":"closed","template":"page-blank.php","meta":{"_acf_changed":false,"footnotes":""},"class_list":["post-5329","page","type-page","status-publish","hentry"],"acf":[],"_links":{"self":[{"href":"https:\/\/www.vallesturaexperience.it\/fr\/wp-json\/wp\/v2\/pages\/5329","targetHints":{"allow":["GET"]}}],"collection":[{"href":"https:\/\/www.vallesturaexperience.it\/fr\/wp-json\/wp\/v2\/pages"}],"about":[{"href":"https:\/\/www.vallesturaexperience.it\/fr\/wp-json\/wp\/v2\/types\/page"}],"author":[{"embeddable":true,"href":"https:\/\/www.vallesturaexperience.it\/fr\/wp-json\/wp\/v2\/users\/1"}],"replies":[{"embeddable":true,"href":"https:\/\/www.vallesturaexperience.it\/fr\/wp-json\/wp\/v2\/comments?post=5329"}],"version-history":[{"count":0,"href":"https:\/\/www.vallesturaexperience.it\/fr\/wp-json\/wp\/v2\/pages\/5329\/revisions"}],"wp:attachment":[{"href":"https:\/\/www.vallesturaexperience.it\/fr\/wp-json\/wp\/v2\/media?parent=5329"}],"curies":[{"name":"wp","href":"https:\/\/api.w.org\/{rel}","templated":true}]}}