{"id":5327,"date":"2023-09-11T12:09:05","date_gmt":"2023-09-11T10:09:05","guid":{"rendered":"https:\/\/www.vallesturaexperience.it\/1747224622712?page_id=5327"},"modified":"2025-08-18T14:59:57","modified_gmt":"2025-08-18T12:59:57","slug":"office-de-tourisme-et-bibliotheque-communale","status":"publish","type":"page","link":"https:\/\/www.vallesturaexperience.it\/fr\/office-de-tourisme-et-bibliotheque-communale\/","title":{"rendered":"Office de Tourisme et Biblioth\u00e8que Communale"},"content":{"rendered":"\n\n  <div class=\"banner has-hover has-parallax\" id=\"banner-1477448274\">\n          <div class=\"banner-inner fill\">\n        <div class=\"banner-bg fill\" data-parallax=\"-3\" data-parallax-container=\".banner\" data-parallax-background>\n            <img fetchpriority=\"high\" decoding=\"async\" width=\"2010\" height=\"1245\" src=\"https:\/\/www.vallesturaexperience.it\/wp-content\/uploads\/307768044_471194921717151_6028786643303922720_n-2.jpg\" class=\"bg attachment-original size-original\" alt=\"\" \/>                                    \n                    <\/div>\n\t\t\n        <div class=\"banner-layers container\">\n            <div class=\"fill banner-link\"><\/div>            \n\n   <div id=\"text-box-394245827\" class=\"text-box banner-layer x50 md-x50 lg-x50 y50 md-y50 lg-y50 res-text\">\n                     <div data-animate=\"fadeInLeft\">           <div class=\"text-box-content text dark\">\n              \n              <div class=\"text-inner text-center\">\n                  \n\n<h1 class=\"uppercase\" style=\"padding-top:25px\"><strong>Office de Tourisme et Biblioth\u00e8que Communale<\/strong><\/h1>\n<h5 style=\"padding-bottom:25px;font-weight:normal;\">Service de biblioth\u00e8que et points d\u2019information<\/h5>\n\n\n              <\/div>\n           <\/div>\n       <\/div>                     \n<style>\n#text-box-394245827 .text-box-content {\n  background-color: rgba(0, 0, 0, 0.5);\n  border-radius: 35px;\n  font-size: 100%;\n}\n#text-box-394245827 {\n  width: 80%;\n}\n@media (min-width:550px) {\n  #text-box-394245827 {\n    width: 90%;\n  }\n}\n<\/style>\n    <\/div>\n \n\n        <\/div>\n      <\/div>\n\n            \n<style>\n#banner-1477448274 {\n  padding-top: 540px;\n}\n#banner-1477448274 .overlay {\n  background-color: rgba(0, 0, 0, 0.3);\n}\n#banner-1477448274 .banner-bg img {\n  object-position: 53% 0%;\n}\n<\/style>\n  <\/div>\n\n\n<div class=\"row row-collapse\"  id=\"row-2051682541\">\n\n\n\t<div id=\"col-791306432\" class=\"col small-12 large-12\"  >\n\t\t\t\t<div class=\"col-inner\"  >\n\t\t\t\n\t\t\t\n\n<p>L\u2019Office du Tourisme de Demonte, situ\u00e9 dans les salles d\u2019un charmant b\u00e2timent du XVIIe si\u00e8cle, <strong><a href=\"https:\/\/www.vallesturaexperience.it\/cosa_vedere\/palazzo-e-parco-bolleris\/\">Palazzo <\/a><a href=\"https:\/\/www.vallesturaexperience.it\/cosa_vedere\/palazzo-e-parco-bolleris\/\">Borelli<\/a><\/strong>, est l\u2019endroit o\u00f9 trouver des informations touristiques <span class=\"mw-page-title-main\">et<\/span> d\u2019un point d\u2019accueil dans la vall\u00e9e de Stura, avec la <a href=\"https:\/\/www.vallesturaexperience.it\/la-porta-di-valle\/\" target=\"_blank\" rel=\"noopener\"><strong>Porta di Valle<\/strong><\/a>.<\/p>\n<p>Les espaces au rez-de-chauss\u00e9e sont le si\u00e8ge de la <strong>biblioth\u00e8que civique<\/strong> \u201cPiero Camilla\u201d, \u00e9quip\u00e9e d\u2019un point Internet.<\/p>\n<p>L\u2019Office est situ\u00e9 sous les arcades de Demonte, sur la rue principale du village, point de d\u00e9part de <a href=\"https:\/\/www.vallesturaexperience.it\/prodotto\/visita-guidata-a-palazzo-borelli-demonte\/\"><strong>visites guid\u00e9es<\/strong><\/a> au Palais des Bolleris et au <strong><a href=\"https:\/\/www.vallesturaexperience.it\/prodotto\/visita-guidata-a-parco-borelli-demonte\/\">Parc<\/a><\/strong> du m\u00eame nom.<\/p>\n\t<div id=\"text-2941434277\" class=\"text\">\n\t\t\n\n<h5 class=\"uppercase\">Heures d&rsquo;ouverture<\/h5>\n\t\t\n<style>\n#text-2941434277 {\n  font-size: 1.3rem;\n  color: #7a9c59;\n}\n#text-2941434277 > * {\n  color: #7a9c59;\n}\n<\/style>\n\t<\/div>\n\t\n<p><strong>Du 15\/06 au 15\/09 et du 15\/12 au 15\/01<\/strong><\/p>\n<p>Lundi: FERM\u00c9<br>Mardi: 9.00 \u2013 13.00\/14.30 \u2013 18.30<br>Mercredi: CHIUSO<br>Jeudi, Vendredi, Samedi et Dimanche: 9.00 \u2013 13.00\/14.30 \u2013 18.30<\/p>\n<p><strong>Du 15\/09 au 15\/12 et du 15\/01 au 15\/06<\/strong><\/p>\n<p>Lundi: FERM\u00c9<br>Mardi: 15.00 \u2013 18.00<br>Mercredi: FERM\u00c9<br>Jeudi: 9.00 \u2013 12.00<br>Vendredi: FERM\u00c9<br>Samedi et Dimanche: 9.00 \u2013 13.00\/13.30 \u2013 16.30<\/p>\n\t<div id=\"text-2974544378\" class=\"text\">\n\t\t\n\n<h5 class=\"uppercase\">La biblioth\u00e8que municipale de Demonte<\/h5>\n\t\t\n<style>\n#text-2974544378 {\n  font-size: 1.3rem;\n  color: #7a9c59;\n}\n#text-2974544378 > * {\n  color: #7a9c59;\n}\n<\/style>\n\t<\/div>\n\t\n<p>Nos livres sont r\u00e9partis dans trois salles :<br>dans la premi\u00e8re vous trouverez des romans italiens et \u00e9trangers et des romans d&rsquo;amour, la deuxi\u00e8me salle est enti\u00e8rement d\u00e9di\u00e9e aux enfants et aux jeunes, et enfin dans la troisi\u00e8me vous trouverez des romans policiers &#8211; noirs &#8211; thrillers, des biographies et des romans historiques.<\/p>\n<p>Pour plus de d\u00e9tails, voir le fichier suivant : <a href=\"https:\/\/www.vallesturaexperience.it\/wp-content\/uploads\/catalogazione-biblioteca.pdf\">library cataloguing<\/a><\/p>\n\t<div id=\"text-885281205\" class=\"text\">\n\t\t\n\n<h5 class=\"uppercase\">Catalogue de livres<\/h5>\n\t\t\n<style>\n#text-885281205 {\n  font-size: 1.3rem;\n  color: #7a9c59;\n}\n#text-885281205 > * {\n  color: #7a9c59;\n}\n<\/style>\n\t<\/div>\n\t\n<p><a href=\"https:\/\/www.comune.cuneo.it\/it\/cultura\/sistema-bibliotecario-cuneese\/biblioteche\/demonte.html\">https:\/\/www.comune.cuneo.it\/it\/cultura\/sistema-bibliotecario-cuneese\/biblioteche\/demonte.html<\/a><\/p>\n\t<div id=\"text-2459863877\" class=\"text\">\n\t\t\n\n<h5 class=\"uppercase\">Contact<\/h5>\n\t\t\n<style>\n#text-2459863877 {\n  font-size: 1.3rem;\n  color: #7a9c59;\n}\n#text-2459863877 > * {\n  color: #7a9c59;\n}\n<\/style>\n\t<\/div>\n\t\n<p>Ufficio Turistico Demonte \u2013 Valle Stura<br>Via Martiri e Caduti per la Libert\u00e0, 1 \u2013 Demonte 12014 CN<br><span aria-label=\"Chiama il numero di telefono 328 203 2182\">Tel. o Whatsapp: +39 0171 955903\/<a href=\"https:\/\/wa.me\/message\/5HGVT72MCMNQJ1\" target=\"_blank\" rel=\"noopener\">+39 3282032182<\/a><br><\/span><a href=\"mailto:portadivalle@vallesturaexperience.it\" target=\"_blank\" rel=\"noopener\">portadivalle@vallesturaexperience.it<\/a><br><a href=\"mailto:ufficioturistico@comune.demonte.cn.it\">ufficioturistico@comune.demonte.cn.it<\/a><br><a href=\"mailto:biblioteca.demonte@gmail.com\">biblioteca.demonte@gmail.com<\/a><\/p>\n<div class=\"text-center\"><div class=\"is-divider divider clearfix\" style=\"max-width:80px;background-color:rgb(0, 0, 0);\"><\/div><\/div>\n\n\n\t\t<\/div>\n\t\t\t\t\t<\/div>\n\n\t\n\n\n<style>\n#row-2051682541 > .col > .col-inner {\n  padding: 30px 0px 30px 0px;\n}\n<\/style>\n<\/div>\n\n  \n    <div class=\"row large-columns-2 medium-columns- small-columns- row-small slider row-slider slider-nav-circle\"  data-flickity-options='{&quot;imagesLoaded&quot;: true, &quot;groupCells&quot;: &quot;100%&quot;, &quot;dragThreshold&quot; : 5, &quot;cellAlign&quot;: &quot;left&quot;,&quot;wrapAround&quot;: true,&quot;prevNextButtons&quot;: true,&quot;percentPosition&quot;: true,&quot;pageDots&quot;: false, &quot;rightToLeft&quot;: false, &quot;autoPlay&quot; : false}' >\n\n  <div class=\"gallery-col col\" data-animate=\"fadeInUp\">\n          <div class=\"col-inner\">\n            <a class=\"image-lightbox lightbox-gallery\" href=\"https:\/\/www.vallesturaexperience.it\/wp-content\/uploads\/IMG-20230612-WA0025-768x1024.jpg\" title=\"\">            <div class=\"box has-hover gallery-box box-overlay dark\">\n              <div class=\"box-image image-overlay-add image-cover\" style=\"padding-top:56.25%;\">\n                <img decoding=\"async\" width=\"1200\" height=\"1600\" src=\"https:\/\/www.vallesturaexperience.it\/wp-content\/uploads\/IMG-20230612-WA0025.jpg\" class=\"attachment-original size-original\" alt=\"\" ids=\"1790,1789,1795,1792,1777\" type=\"slider\" col_spacing=\"small\" columns=\"2\" animate=\"fadeInUp\" slider_nav_style=\"circle\" image_height=\"56.25%\" image_size=\"original\" image_overlay=\"rgba(0, 0, 0, 0.5)\" image_hover=\"overlay-add\" srcset=\"https:\/\/www.vallesturaexperience.it\/wp-content\/uploads\/IMG-20230612-WA0025.jpg 1200w, https:\/\/www.vallesturaexperience.it\/wp-content\/uploads\/IMG-20230612-WA0025-510x680.jpg 510w, https:\/\/www.vallesturaexperience.it\/wp-content\/uploads\/IMG-20230612-WA0025-225x300.jpg 225w, https:\/\/www.vallesturaexperience.it\/wp-content\/uploads\/IMG-20230612-WA0025-768x1024.jpg 768w, https:\/\/www.vallesturaexperience.it\/wp-content\/uploads\/IMG-20230612-WA0025-1152x1536.jpg 1152w\" sizes=\"(max-width: 1200px) 100vw, 1200px\" \/>                                  <div class=\"overlay fill\"\n                      style=\"background-color: rgba(0, 0, 0, 0.5)\">\n                  <\/div>\n                                                              <\/div>\n              <div class=\"box-text text-left\" >\n                 <p><\/p>\n              <\/div>\n            <\/div>\n            <\/a>          <\/div>\n         <\/div><div class=\"gallery-col col\" data-animate=\"fadeInUp\">\n          <div class=\"col-inner\">\n            <a class=\"image-lightbox lightbox-gallery\" href=\"https:\/\/www.vallesturaexperience.it\/wp-content\/uploads\/IMG-20230612-WA0015-768x1024.jpg\" title=\"\">            <div class=\"box has-hover gallery-box box-overlay dark\">\n              <div class=\"box-image image-overlay-add image-cover\" style=\"padding-top:56.25%;\">\n                <img decoding=\"async\" width=\"1200\" height=\"1600\" src=\"https:\/\/www.vallesturaexperience.it\/wp-content\/uploads\/IMG-20230612-WA0015.jpg\" class=\"attachment-original size-original\" alt=\"\" ids=\"1790,1789,1795,1792,1777\" type=\"slider\" col_spacing=\"small\" columns=\"2\" animate=\"fadeInUp\" slider_nav_style=\"circle\" image_height=\"56.25%\" image_size=\"original\" image_overlay=\"rgba(0, 0, 0, 0.5)\" image_hover=\"overlay-add\" srcset=\"https:\/\/www.vallesturaexperience.it\/wp-content\/uploads\/IMG-20230612-WA0015.jpg 1200w, https:\/\/www.vallesturaexperience.it\/wp-content\/uploads\/IMG-20230612-WA0015-510x680.jpg 510w, https:\/\/www.vallesturaexperience.it\/wp-content\/uploads\/IMG-20230612-WA0015-225x300.jpg 225w, https:\/\/www.vallesturaexperience.it\/wp-content\/uploads\/IMG-20230612-WA0015-768x1024.jpg 768w, https:\/\/www.vallesturaexperience.it\/wp-content\/uploads\/IMG-20230612-WA0015-1152x1536.jpg 1152w\" sizes=\"(max-width: 1200px) 100vw, 1200px\" \/>                                  <div class=\"overlay fill\"\n                      style=\"background-color: rgba(0, 0, 0, 0.5)\">\n                  <\/div>\n                                                              <\/div>\n              <div class=\"box-text text-left\" >\n                 <p><\/p>\n              <\/div>\n            <\/div>\n            <\/a>          <\/div>\n         <\/div><div class=\"gallery-col col\" data-animate=\"fadeInUp\">\n          <div class=\"col-inner\">\n            <a class=\"image-lightbox lightbox-gallery\" href=\"https:\/\/www.vallesturaexperience.it\/wp-content\/uploads\/IMG-20230612-WA0058-1-1-768x1024.jpg\" title=\"\">            <div class=\"box has-hover gallery-box box-overlay dark\">\n              <div class=\"box-image image-overlay-add image-cover\" style=\"padding-top:56.25%;\">\n                <img loading=\"lazy\" decoding=\"async\" width=\"1200\" height=\"1600\" src=\"https:\/\/www.vallesturaexperience.it\/wp-content\/uploads\/IMG-20230612-WA0058-1-1.jpg\" class=\"attachment-original size-original\" alt=\"\" ids=\"1790,1789,1795,1792,1777\" type=\"slider\" col_spacing=\"small\" columns=\"2\" animate=\"fadeInUp\" slider_nav_style=\"circle\" image_height=\"56.25%\" image_size=\"original\" image_overlay=\"rgba(0, 0, 0, 0.5)\" image_hover=\"overlay-add\" srcset=\"https:\/\/www.vallesturaexperience.it\/wp-content\/uploads\/IMG-20230612-WA0058-1-1.jpg 1200w, https:\/\/www.vallesturaexperience.it\/wp-content\/uploads\/IMG-20230612-WA0058-1-1-510x680.jpg 510w, https:\/\/www.vallesturaexperience.it\/wp-content\/uploads\/IMG-20230612-WA0058-1-1-225x300.jpg 225w, https:\/\/www.vallesturaexperience.it\/wp-content\/uploads\/IMG-20230612-WA0058-1-1-768x1024.jpg 768w, https:\/\/www.vallesturaexperience.it\/wp-content\/uploads\/IMG-20230612-WA0058-1-1-1152x1536.jpg 1152w\" sizes=\"(max-width: 1200px) 100vw, 1200px\" \/>                                  <div class=\"overlay fill\"\n                      style=\"background-color: rgba(0, 0, 0, 0.5)\">\n                  <\/div>\n                                                              <\/div>\n              <div class=\"box-text text-left\" >\n                 <p><\/p>\n              <\/div>\n            <\/div>\n            <\/a>          <\/div>\n         <\/div><div class=\"gallery-col col\" data-animate=\"fadeInUp\">\n          <div class=\"col-inner\">\n            <a class=\"image-lightbox lightbox-gallery\" href=\"https:\/\/www.vallesturaexperience.it\/wp-content\/uploads\/IMG-20230612-WA0016-1-768x1024.jpg\" title=\"\">            <div class=\"box has-hover gallery-box box-overlay dark\">\n              <div class=\"box-image image-overlay-add image-cover\" style=\"padding-top:56.25%;\">\n                <img loading=\"lazy\" decoding=\"async\" width=\"1200\" height=\"1600\" src=\"https:\/\/www.vallesturaexperience.it\/wp-content\/uploads\/IMG-20230612-WA0016-1.jpg\" class=\"attachment-original size-original\" alt=\"\" ids=\"1790,1789,1795,1792,1777\" type=\"slider\" col_spacing=\"small\" columns=\"2\" animate=\"fadeInUp\" slider_nav_style=\"circle\" image_height=\"56.25%\" image_size=\"original\" image_overlay=\"rgba(0, 0, 0, 0.5)\" image_hover=\"overlay-add\" srcset=\"https:\/\/www.vallesturaexperience.it\/wp-content\/uploads\/IMG-20230612-WA0016-1.jpg 1200w, https:\/\/www.vallesturaexperience.it\/wp-content\/uploads\/IMG-20230612-WA0016-1-510x680.jpg 510w, https:\/\/www.vallesturaexperience.it\/wp-content\/uploads\/IMG-20230612-WA0016-1-225x300.jpg 225w, https:\/\/www.vallesturaexperience.it\/wp-content\/uploads\/IMG-20230612-WA0016-1-768x1024.jpg 768w, https:\/\/www.vallesturaexperience.it\/wp-content\/uploads\/IMG-20230612-WA0016-1-1152x1536.jpg 1152w\" sizes=\"(max-width: 1200px) 100vw, 1200px\" \/>                                  <div class=\"overlay fill\"\n                      style=\"background-color: rgba(0, 0, 0, 0.5)\">\n                  <\/div>\n                                                              <\/div>\n              <div class=\"box-text text-left\" >\n                 <p><\/p>\n              <\/div>\n            <\/div>\n            <\/a>          <\/div>\n         <\/div><div class=\"gallery-col col\" data-animate=\"fadeInUp\">\n          <div class=\"col-inner\">\n            <a class=\"image-lightbox lightbox-gallery\" href=\"https:\/\/www.vallesturaexperience.it\/wp-content\/uploads\/DSC_0202-1-1024x681.jpg\" title=\"\">            <div class=\"box has-hover gallery-box box-overlay dark\">\n              <div class=\"box-image image-overlay-add image-cover\" style=\"padding-top:56.25%;\">\n                <img loading=\"lazy\" decoding=\"async\" width=\"1900\" height=\"1263\" src=\"https:\/\/www.vallesturaexperience.it\/wp-content\/uploads\/DSC_0202-1.jpg\" class=\"attachment-original size-original\" alt=\"\" ids=\"1790,1789,1795,1792,1777\" type=\"slider\" col_spacing=\"small\" columns=\"2\" animate=\"fadeInUp\" slider_nav_style=\"circle\" image_height=\"56.25%\" image_size=\"original\" image_overlay=\"rgba(0, 0, 0, 0.5)\" image_hover=\"overlay-add\" srcset=\"https:\/\/www.vallesturaexperience.it\/wp-content\/uploads\/DSC_0202-1.jpg 1900w, https:\/\/www.vallesturaexperience.it\/wp-content\/uploads\/DSC_0202-1-510x339.jpg 510w, https:\/\/www.vallesturaexperience.it\/wp-content\/uploads\/DSC_0202-1-300x199.jpg 300w, https:\/\/www.vallesturaexperience.it\/wp-content\/uploads\/DSC_0202-1-1024x681.jpg 1024w, https:\/\/www.vallesturaexperience.it\/wp-content\/uploads\/DSC_0202-1-768x511.jpg 768w, https:\/\/www.vallesturaexperience.it\/wp-content\/uploads\/DSC_0202-1-1536x1021.jpg 1536w, https:\/\/www.vallesturaexperience.it\/wp-content\/uploads\/DSC_0202-1-464x309.jpg 464w, https:\/\/www.vallesturaexperience.it\/wp-content\/uploads\/DSC_0202-1-1600x1064.jpg 1600w\" sizes=\"(max-width: 1900px) 100vw, 1900px\" \/>                                  <div class=\"overlay fill\"\n                      style=\"background-color: rgba(0, 0, 0, 0.5)\">\n                  <\/div>\n                                                              <\/div>\n              <div class=\"box-text text-left\" >\n                 <p><\/p>\n              <\/div>\n            <\/div>\n            <\/a>          <\/div>\n         <\/div><\/div>\n\n\t<div id=\"gap-740375000\" class=\"gap-element clearfix\" style=\"display:block; height:auto;\">\n\t\t\n<style>\n#gap-740375000 {\n  padding-top: 150px;\n}\n<\/style>\n\t<\/div>\n\t\n\n\n","protected":false},"excerpt":{"rendered":"","protected":false},"author":3,"featured_media":0,"parent":0,"menu_order":13,"comment_status":"closed","ping_status":"closed","template":"page-blank.php","meta":{"_acf_changed":false,"footnotes":""},"class_list":["post-5327","page","type-page","status-publish","hentry"],"acf":[],"_links":{"self":[{"href":"https:\/\/www.vallesturaexperience.it\/fr\/wp-json\/wp\/v2\/pages\/5327","targetHints":{"allow":["GET"]}}],"collection":[{"href":"https:\/\/www.vallesturaexperience.it\/fr\/wp-json\/wp\/v2\/pages"}],"about":[{"href":"https:\/\/www.vallesturaexperience.it\/fr\/wp-json\/wp\/v2\/types\/page"}],"author":[{"embeddable":true,"href":"https:\/\/www.vallesturaexperience.it\/fr\/wp-json\/wp\/v2\/users\/3"}],"replies":[{"embeddable":true,"href":"https:\/\/www.vallesturaexperience.it\/fr\/wp-json\/wp\/v2\/comments?post=5327"}],"version-history":[{"count":0,"href":"https:\/\/www.vallesturaexperience.it\/fr\/wp-json\/wp\/v2\/pages\/5327\/revisions"}],"wp:attachment":[{"href":"https:\/\/www.vallesturaexperience.it\/fr\/wp-json\/wp\/v2\/media?parent=5327"}],"curies":[{"name":"wp","href":"https:\/\/api.w.org\/{rel}","templated":true}]}}