{"id":5323,"date":"2024-09-10T16:45:56","date_gmt":"2024-09-10T14:45:56","guid":{"rendered":"https:\/\/www.vallesturaexperience.it\/1747224622712?page_id=5323"},"modified":"2025-09-16T17:29:09","modified_gmt":"2025-09-16T15:29:09","slug":"points-dinformation","status":"publish","type":"page","link":"https:\/\/www.vallesturaexperience.it\/fr\/points-dinformation\/","title":{"rendered":"Points d&rsquo;information"},"content":{"rendered":"\n\n  <div class=\"banner has-hover has-parallax\" id=\"banner-2032456065\">\n          <div class=\"banner-inner fill\">\n        <div class=\"banner-bg fill\" data-parallax=\"-3\" data-parallax-container=\".banner\" data-parallax-background>\n            <img fetchpriority=\"high\" decoding=\"async\" width=\"1920\" height=\"1440\" src=\"https:\/\/www.vallesturaexperience.it\/wp-content\/uploads\/P1390837-compressed.jpg\" class=\"bg attachment-original size-original\" alt=\"\" \/>                                    \n                    <\/div>\n\t\t\n\t<div class=\"ux-shape-divider ux-shape-divider--bottom ux-shape-divider--style-triangle-invert\">\n\t\t<svg viewBox=\"0 0 1000 100\" xmlns=\"http:\/\/www.w3.org\/2000\/svg\" preserveAspectRatio=\"none\">\n\t<path class=\"ux-shape-fill\" d=\"M500 95.6L0 0V100H1000V0L500 95.6Z\"\/>\n<\/svg>\n\t<\/div>\n        <div class=\"banner-layers container\">\n            <div class=\"fill banner-link\"><\/div>            \n\n   <div id=\"text-box-1879368416\" class=\"text-box banner-layer x50 md-x50 lg-x50 y50 md-y50 lg-y50 res-text\">\n              <div data-parallax=\"5\" data-parallax-fade=\"true\">       <div data-animate=\"fadeInLeft\">           <div class=\"text-box-content text dark\">\n              \n              <div class=\"text-inner text-center\">\n                  \n\n<h1 class=\"uppercase\" style=\"padding-top:25px;\"><strong>Points d&rsquo;information<br><\/strong><\/h1>\n<h5 style=\"padding-bottom:25px;font-weight:normal;\">o\u00f9 les connaissances locales rencontrent l&rsquo;hospitalit\u00e9<br><\/h5>\n\n              <\/div>\n           <\/div>\n       <\/div>       <\/div>              \n<style>\n#text-box-1879368416 .text-box-content {\n  background-color: rgba(0, 0, 0, 0.5);\n  border-radius: 35px;\n  font-size: 100%;\n}\n#text-box-1879368416 {\n  width: 80%;\n}\n@media (min-width:550px) {\n  #text-box-1879368416 {\n    width: 90%;\n  }\n}\n<\/style>\n    <\/div>\n \n\n        <\/div>\n      <\/div>\n\n            \n<style>\n#banner-2032456065 {\n  padding-top: 540px;\n}\n#banner-2032456065 .overlay {\n  background-color: rgba(0, 0, 0, 0.3);\n}\n#banner-2032456065 .banner-bg img {\n  object-position: 30% 42%;\n}\n#banner-2032456065 .ux-shape-divider--bottom svg {\n  height: 50px;\n  --divider-width: 100%;\n}\n<\/style>\n  <\/div>\n\n\n<div class=\"row row-collapse\"  id=\"row-2138099042\">\n\n\n\t<div id=\"col-1773473352\" class=\"col small-12 large-12\"  >\n\t\t\t\t<div class=\"col-inner\"  >\n\t\t\t\n\t\t\t\n\n<p data-start=\"0\" data-end=\"275\">Nos points d&rsquo;information sont l&rsquo;endroit id\u00e9al pour commencer votre aventure dans la vall\u00e9e de la Stura. Vous y trouverez des cartes, des itin\u00e9raires, des conseils personnalis\u00e9s et toutes les informations n\u00e9cessaires pour d\u00e9couvrir des activit\u00e9s, des \u00e9v\u00e9nements et des lieux incontournables. <\/p>\n<p data-start=\"0\" data-end=\"275\">Nous travaillons chaque jour avec nos membres pour cr\u00e9er des exp\u00e9riences uniques et mettre en valeur tous les aspects de la vall\u00e9e : la nature, le sport, l&rsquo;hospitalit\u00e9 et les saveurs authentiques.<\/p>\n<p data-start=\"277\" data-end=\"556\">Nos principales activit\u00e9s comprennent la coordination et l&rsquo;organisation d&rsquo;exp\u00e9riences touristiques uniques, la collaboration avec les membres sur des \u00e9v\u00e9nements et des initiatives locales, et la formation continue des op\u00e9rateurs par le biais de cours sp\u00e9cialis\u00e9s et de tables rondes.<\/p>\n\n  <div class=\"banner has-hover has-parallax\" id=\"banner-1424074667\">\n          <div class=\"banner-inner fill\">\n        <div class=\"banner-bg fill\" data-parallax=\"-3\" data-parallax-container=\".banner\" data-parallax-background>\n            <img decoding=\"async\" width=\"1800\" height=\"1200\" src=\"https:\/\/www.vallesturaexperience.it\/wp-content\/uploads\/ValleStura-Tajar\u00e8-9.jpg\" class=\"bg attachment-original size-original\" alt=\"\" \/>                                    \n                    <\/div>\n\t\t\n\t<div class=\"ux-shape-divider ux-shape-divider--bottom ux-shape-divider--style-triangle-invert\">\n\t\t<svg viewBox=\"0 0 1000 100\" xmlns=\"http:\/\/www.w3.org\/2000\/svg\" preserveAspectRatio=\"none\">\n\t<path class=\"ux-shape-fill\" d=\"M500 95.6L0 0V100H1000V0L500 95.6Z\"\/>\n<\/svg>\n\t<\/div>\n        <div class=\"banner-layers container\">\n            <div class=\"fill banner-link\"><\/div>            \n\n   <div id=\"text-box-1245119904\" class=\"text-box banner-layer x50 md-x50 lg-x50 y50 md-y50 lg-y50 res-text\">\n              <div data-parallax=\"5\" data-parallax-fade=\"true\">       <div data-animate=\"fadeInLeft\">           <div class=\"text-box-content text dark\">\n              \n              <div class=\"text-inner text-center\">\n                  \n\n<h1 class=\"uppercase\" style=\"padding-top: 25px;\"><strong>PR\u00caT \u00c0 RENCONTRER LA VALL\u00c9E DE LA STURA ?<\/strong><\/h1>\n\n              <\/div>\n           <\/div>\n       <\/div>       <\/div>              \n<style>\n#text-box-1245119904 .text-box-content {\n  background-color: rgba(0, 0, 0, 0.5);\n  border-radius: 35px;\n  font-size: 100%;\n}\n#text-box-1245119904 {\n  width: 80%;\n}\n@media (min-width:550px) {\n  #text-box-1245119904 {\n    width: 90%;\n  }\n}\n<\/style>\n    <\/div>\n \n\n        <\/div>\n      <\/div>\n\n            \n<style>\n#banner-1424074667 {\n  padding-top: 540px;\n}\n#banner-1424074667 .overlay {\n  background-color: rgba(0, 0, 0, 0.3);\n}\n#banner-1424074667 .banner-bg img {\n  object-position: 30% 42%;\n}\n#banner-1424074667 .ux-shape-divider--bottom svg {\n  height: 50px;\n  --divider-width: 100%;\n}\n<\/style>\n  <\/div>\n\n\n\n\t\t<\/div>\n\t\t\t\t\t<\/div>\n\n\t\n\n\t<div id=\"col-1890848787\" class=\"col small-12 large-12\"  >\n\t\t\t\t<div class=\"col-inner text-center\"  >\n\t\t\t\n\t\t\t\n\n\t<div id=\"text-45443902\" class=\"text\">\n\t\t\n\n<p data-start=\"287\" data-end=\"470\">O\u00f9 que vous choisissiez de commencer votre voyage, nous sommes l\u00e0 pour vous accompagner.<br data-start=\"366\" data-end=\"369\">Avec nos conseils et la passion de ceux qui vivent la Vall\u00e9e au quotidien, votre exp\u00e9rience sera unique.<\/p>\n\t\t\n<style>\n#text-45443902 {\n  text-align: center;\n}\n<\/style>\n\t<\/div>\n\t\n<a href=\"https:\/\/www.vallesturaexperience.com\/it\/pacchetti.jsp\" class=\"button primary\"  style=\"border-radius:10px;\">\n\t\t<span>organisez votre visite<\/span>\n\t<\/a>\n\n\n<a href=\"mailto:portadivalle@vallesturaexperience.it\" target=\"_blank\" class=\"button primary\" rel=\"noopener\"  style=\"border-radius:10px;\">\n\t\t<span>contactez-nous<\/span>\n\t<\/a>\n\n\n<a href=\"https:\/\/www.vallesturaexperience.it\/fr\/rencontrons-nous\/\" class=\"button primary\"  style=\"border-radius:10px;\">\n\t\t<span>d\u00e9couvrez les itin\u00e9raires<\/span>\n\t<\/a>\n\n\n<div class=\"text-center\"><div class=\"is-divider divider clearfix\" style=\"max-width:80px;background-color:rgb(0, 0, 0);\"><\/div><\/div>\n\n\n\t\t<\/div>\n\t\t\t\t\t<\/div>\n\n\t\n\n\n<style>\n#row-2138099042 > .col > .col-inner {\n  padding: 30px 0px 30px 0px;\n}\n<\/style>\n<\/div>\n\n  \n    <div class=\"row large-columns-2 medium-columns- small-columns- row-small slider row-slider slider-nav-circle\"  data-flickity-options='{&quot;imagesLoaded&quot;: true, &quot;groupCells&quot;: &quot;100%&quot;, &quot;dragThreshold&quot; : 5, &quot;cellAlign&quot;: &quot;left&quot;,&quot;wrapAround&quot;: true,&quot;prevNextButtons&quot;: true,&quot;percentPosition&quot;: true,&quot;pageDots&quot;: false, &quot;rightToLeft&quot;: false, &quot;autoPlay&quot; : false}' >\n\n  <div class=\"gallery-col col\" data-animate=\"fadeInUp\">\n          <div class=\"col-inner\">\n            <a class=\"image-lightbox lightbox-gallery\" href=\"https:\/\/www.vallesturaexperience.it\/wp-content\/uploads\/WhatsApp-Image-2022-10-13-at-15.39.49-1.jpeg\" title=\"\">            <div class=\"box has-hover gallery-box box-overlay dark\">\n              <div class=\"box-image image-overlay-add image-cover\" style=\"padding-top:56.25%;\">\n                <img decoding=\"async\" width=\"1888\" height=\"1416\" src=\"https:\/\/www.vallesturaexperience.it\/wp-content\/uploads\/WhatsApp-Image-2022-10-13-at-15.39.49-1.jpeg\" class=\"attachment-original size-original\" alt=\"\" ids=\"1378,1374,1376,1375,1377\" type=\"slider\" col_spacing=\"small\" columns=\"2\" animate=\"fadeInUp\" slider_nav_style=\"circle\" image_height=\"56.25%\" image_size=\"original\" image_overlay=\"rgba(0, 0, 0, 0.5)\" image_hover=\"overlay-add\" srcset=\"https:\/\/www.vallesturaexperience.it\/wp-content\/uploads\/WhatsApp-Image-2022-10-13-at-15.39.49-1.jpeg 1888w, https:\/\/www.vallesturaexperience.it\/wp-content\/uploads\/WhatsApp-Image-2022-10-13-at-15.39.49-1-510x383.jpeg 510w\" sizes=\"(max-width: 1888px) 100vw, 1888px\" \/>                                  <div class=\"overlay fill\"\n                      style=\"background-color: rgba(0, 0, 0, 0.5)\">\n                  <\/div>\n                                                              <\/div>\n              <div class=\"box-text text-left\" >\n                 <p><\/p>\n              <\/div>\n            <\/div>\n            <\/a>          <\/div>\n         <\/div><div class=\"gallery-col col\" data-animate=\"fadeInUp\">\n          <div class=\"col-inner\">\n            <a class=\"image-lightbox lightbox-gallery\" href=\"https:\/\/www.vallesturaexperience.it\/wp-content\/uploads\/306525168_523854929743496_6231428257057057462_n-1024x768.jpg\" title=\"\">            <div class=\"box has-hover gallery-box box-overlay dark\">\n              <div class=\"box-image image-overlay-add image-cover\" style=\"padding-top:56.25%;\">\n                <img loading=\"lazy\" decoding=\"async\" width=\"1600\" height=\"1200\" src=\"https:\/\/www.vallesturaexperience.it\/wp-content\/uploads\/306525168_523854929743496_6231428257057057462_n.jpg\" class=\"attachment-original size-original\" alt=\"\" ids=\"1378,1374,1376,1375,1377\" type=\"slider\" col_spacing=\"small\" columns=\"2\" animate=\"fadeInUp\" slider_nav_style=\"circle\" image_height=\"56.25%\" image_size=\"original\" image_overlay=\"rgba(0, 0, 0, 0.5)\" image_hover=\"overlay-add\" srcset=\"https:\/\/www.vallesturaexperience.it\/wp-content\/uploads\/306525168_523854929743496_6231428257057057462_n.jpg 1600w, https:\/\/www.vallesturaexperience.it\/wp-content\/uploads\/306525168_523854929743496_6231428257057057462_n-510x383.jpg 510w, https:\/\/www.vallesturaexperience.it\/wp-content\/uploads\/306525168_523854929743496_6231428257057057462_n-300x225.jpg 300w, https:\/\/www.vallesturaexperience.it\/wp-content\/uploads\/306525168_523854929743496_6231428257057057462_n-768x576.jpg 768w, https:\/\/www.vallesturaexperience.it\/wp-content\/uploads\/306525168_523854929743496_6231428257057057462_n-1024x768.jpg 1024w\" sizes=\"(max-width: 1600px) 100vw, 1600px\" \/>                                  <div class=\"overlay fill\"\n                      style=\"background-color: rgba(0, 0, 0, 0.5)\">\n                  <\/div>\n                                                              <\/div>\n              <div class=\"box-text text-left\" >\n                 <p><\/p>\n              <\/div>\n            <\/div>\n            <\/a>          <\/div>\n         <\/div><div class=\"gallery-col col\" data-animate=\"fadeInUp\">\n          <div class=\"col-inner\">\n            <a class=\"image-lightbox lightbox-gallery\" href=\"https:\/\/www.vallesturaexperience.it\/wp-content\/uploads\/308554907_534030152059307_5806507680786141872_n.jpg\" title=\"\">            <div class=\"box has-hover gallery-box box-overlay dark\">\n              <div class=\"box-image image-overlay-add image-cover\" style=\"padding-top:56.25%;\">\n                <img loading=\"lazy\" decoding=\"async\" width=\"1201\" height=\"1793\" src=\"https:\/\/www.vallesturaexperience.it\/wp-content\/uploads\/308554907_534030152059307_5806507680786141872_n.jpg\" class=\"attachment-original size-original\" alt=\"\" ids=\"1378,1374,1376,1375,1377\" type=\"slider\" col_spacing=\"small\" columns=\"2\" animate=\"fadeInUp\" slider_nav_style=\"circle\" image_height=\"56.25%\" image_size=\"original\" image_overlay=\"rgba(0, 0, 0, 0.5)\" image_hover=\"overlay-add\" srcset=\"https:\/\/www.vallesturaexperience.it\/wp-content\/uploads\/308554907_534030152059307_5806507680786141872_n.jpg 1201w, https:\/\/www.vallesturaexperience.it\/wp-content\/uploads\/308554907_534030152059307_5806507680786141872_n-510x761.jpg 510w\" sizes=\"(max-width: 1201px) 100vw, 1201px\" \/>                                  <div class=\"overlay fill\"\n                      style=\"background-color: rgba(0, 0, 0, 0.5)\">\n                  <\/div>\n                                                              <\/div>\n              <div class=\"box-text text-left\" >\n                 <p><\/p>\n              <\/div>\n            <\/div>\n            <\/a>          <\/div>\n         <\/div><div class=\"gallery-col col\" data-animate=\"fadeInUp\">\n          <div class=\"col-inner\">\n            <a class=\"image-lightbox lightbox-gallery\" href=\"https:\/\/www.vallesturaexperience.it\/wp-content\/uploads\/258187592_933656620581531_9203982346706888342_n-768x1024.jpg\" title=\"\">            <div class=\"box has-hover gallery-box box-overlay dark\">\n              <div class=\"box-image image-overlay-add image-cover\" style=\"padding-top:56.25%;\">\n                <img loading=\"lazy\" decoding=\"async\" width=\"1200\" height=\"1599\" src=\"https:\/\/www.vallesturaexperience.it\/wp-content\/uploads\/258187592_933656620581531_9203982346706888342_n.jpg\" class=\"attachment-original size-original\" alt=\"\" ids=\"1378,1374,1376,1375,1377\" type=\"slider\" col_spacing=\"small\" columns=\"2\" animate=\"fadeInUp\" slider_nav_style=\"circle\" image_height=\"56.25%\" image_size=\"original\" image_overlay=\"rgba(0, 0, 0, 0.5)\" image_hover=\"overlay-add\" srcset=\"https:\/\/www.vallesturaexperience.it\/wp-content\/uploads\/258187592_933656620581531_9203982346706888342_n.jpg 1200w, https:\/\/www.vallesturaexperience.it\/wp-content\/uploads\/258187592_933656620581531_9203982346706888342_n-510x680.jpg 510w, https:\/\/www.vallesturaexperience.it\/wp-content\/uploads\/258187592_933656620581531_9203982346706888342_n-225x300.jpg 225w, https:\/\/www.vallesturaexperience.it\/wp-content\/uploads\/258187592_933656620581531_9203982346706888342_n-768x1024.jpg 768w\" sizes=\"(max-width: 1200px) 100vw, 1200px\" \/>                                  <div class=\"overlay fill\"\n                      style=\"background-color: rgba(0, 0, 0, 0.5)\">\n                  <\/div>\n                                                              <\/div>\n              <div class=\"box-text text-left\" >\n                 <p><\/p>\n              <\/div>\n            <\/div>\n            <\/a>          <\/div>\n         <\/div><div class=\"gallery-col col\" data-animate=\"fadeInUp\">\n          <div class=\"col-inner\">\n            <a class=\"image-lightbox lightbox-gallery\" href=\"https:\/\/www.vallesturaexperience.it\/wp-content\/uploads\/WhatsApp-Image-2022-10-13-at-15.37.21-768x1024.jpeg\" title=\"\">            <div class=\"box has-hover gallery-box box-overlay dark\">\n              <div class=\"box-image image-overlay-add image-cover\" style=\"padding-top:56.25%;\">\n                <img loading=\"lazy\" decoding=\"async\" width=\"1201\" height=\"1601\" src=\"https:\/\/www.vallesturaexperience.it\/wp-content\/uploads\/WhatsApp-Image-2022-10-13-at-15.37.21.jpeg\" class=\"attachment-original size-original\" alt=\"\" ids=\"1378,1374,1376,1375,1377\" type=\"slider\" col_spacing=\"small\" columns=\"2\" animate=\"fadeInUp\" slider_nav_style=\"circle\" image_height=\"56.25%\" image_size=\"original\" image_overlay=\"rgba(0, 0, 0, 0.5)\" image_hover=\"overlay-add\" srcset=\"https:\/\/www.vallesturaexperience.it\/wp-content\/uploads\/WhatsApp-Image-2022-10-13-at-15.37.21.jpeg 1201w, https:\/\/www.vallesturaexperience.it\/wp-content\/uploads\/WhatsApp-Image-2022-10-13-at-15.37.21-510x680.jpeg 510w, https:\/\/www.vallesturaexperience.it\/wp-content\/uploads\/WhatsApp-Image-2022-10-13-at-15.37.21-225x300.jpeg 225w, https:\/\/www.vallesturaexperience.it\/wp-content\/uploads\/WhatsApp-Image-2022-10-13-at-15.37.21-768x1024.jpeg 768w\" sizes=\"(max-width: 1201px) 100vw, 1201px\" \/>                                  <div class=\"overlay fill\"\n                      style=\"background-color: rgba(0, 0, 0, 0.5)\">\n                  <\/div>\n                                                              <\/div>\n              <div class=\"box-text text-left\" >\n                 <p><\/p>\n              <\/div>\n            <\/div>\n            <\/a>          <\/div>\n         <\/div><\/div>\n\n\t<div id=\"gap-837999430\" class=\"gap-element clearfix\" style=\"display:block; height:auto;\">\n\t\t\n<style>\n#gap-837999430 {\n  padding-top: 150px;\n}\n<\/style>\n\t<\/div>\n\t\n\n\n","protected":false},"excerpt":{"rendered":"","protected":false},"author":3,"featured_media":0,"parent":0,"menu_order":12,"comment_status":"closed","ping_status":"closed","template":"page-blank.php","meta":{"_acf_changed":false,"footnotes":""},"class_list":["post-5323","page","type-page","status-publish","hentry"],"acf":[],"_links":{"self":[{"href":"https:\/\/www.vallesturaexperience.it\/fr\/wp-json\/wp\/v2\/pages\/5323","targetHints":{"allow":["GET"]}}],"collection":[{"href":"https:\/\/www.vallesturaexperience.it\/fr\/wp-json\/wp\/v2\/pages"}],"about":[{"href":"https:\/\/www.vallesturaexperience.it\/fr\/wp-json\/wp\/v2\/types\/page"}],"author":[{"embeddable":true,"href":"https:\/\/www.vallesturaexperience.it\/fr\/wp-json\/wp\/v2\/users\/3"}],"replies":[{"embeddable":true,"href":"https:\/\/www.vallesturaexperience.it\/fr\/wp-json\/wp\/v2\/comments?post=5323"}],"version-history":[{"count":0,"href":"https:\/\/www.vallesturaexperience.it\/fr\/wp-json\/wp\/v2\/pages\/5323\/revisions"}],"wp:attachment":[{"href":"https:\/\/www.vallesturaexperience.it\/fr\/wp-json\/wp\/v2\/media?parent=5323"}],"curies":[{"name":"wp","href":"https:\/\/api.w.org\/{rel}","templated":true}]}}