{"id":2459,"date":"2018-07-05T15:38:07","date_gmt":"2018-07-05T13:38:07","guid":{"rendered":"https:\/\/www.vallesturaexperience.it\/1747224622712?page_id=2459"},"modified":"2026-01-30T15:58:21","modified_gmt":"2026-01-30T14:58:21","slug":"que-voir","status":"publish","type":"page","link":"https:\/\/www.vallesturaexperience.it\/fr\/que-voir\/","title":{"rendered":"Ce qu&rsquo;il faut voir"},"content":{"rendered":"\n\n\t<section class=\"section dark has-mask mask-arrow has-parallax\" id=\"section_1530535653\">\n\t\t<div class=\"section-bg fill\" data-parallax-container=\".section\" data-parallax-background data-parallax=\"-3\">\n\t\t\t<img fetchpriority=\"high\" decoding=\"async\" width=\"1920\" height=\"690\" src=\"https:\/\/www.vallesturaexperience.it\/wp-content\/uploads\/forte_di_vinadio.jpg\" class=\"bg attachment- size-\" alt=\"\" \/>\t\t\t\t\t\t<div class=\"section-bg-overlay absolute fill\"><\/div>\n\t\t\t\n\t<div class=\"is-border\"\n\t\tstyle=\"border-color:rgb(235, 235, 235);border-width:1px 0px 0px 0px;\">\n\t<\/div>\n\n\t\t<\/div>\n\n\t\t\n\t<div class=\"ux-shape-divider ux-shape-divider--bottom ux-shape-divider--style-triangle-invert\">\n\t\t<svg viewBox=\"0 0 1000 100\" xmlns=\"http:\/\/www.w3.org\/2000\/svg\" preserveAspectRatio=\"none\">\n\t<path class=\"ux-shape-fill\" d=\"M500 95.6L0 0V100H1000V0L500 95.6Z\"\/>\n<\/svg>\n\t<\/div>\n\n\t\t<div class=\"section-content relative\">\n\t\t\t\n\n<div class=\"row\"  id=\"row-177377153\">\n\n\n\t<div id=\"col-1288423386\" class=\"col small-12 large-12\"  >\n\t\t\t\t<div class=\"col-inner text-shadow-2\"  >\n\t\t\t\n\t\t\t\n\n<div class=\"container section-title-container\" ><h1 class=\"section-title section-title-center\"><b><\/b><span class=\"section-title-main\" style=\"font-size:133%;\">A voir dans la vall\u00e9e de la Stura<\/span><b><\/b><\/h1><\/div>\n\n\t<div id=\"text-2852482980\" class=\"text\">\n\t\t\n\n<h3 class=\"thin-font\">&#8230; entre chemins, fortifications et villages : chaque coin est une d\u00e9couverte !<\/h3>\n\t\t\n<style>\n#text-2852482980 {\n  text-align: center;\n  color: rgb(255,255,255);\n}\n#text-2852482980 > * {\n  color: rgb(255,255,255);\n}\n<\/style>\n\t<\/div>\n\t\n\n\t\t<\/div>\n\t\t\t\t\t<\/div>\n\n\t\n\n<\/div>\n\n\t\t<\/div>\n\n\t\t\n<style>\n#section_1530535653 {\n  padding-top: 100px;\n  padding-bottom: 100px;\n  min-height: 300px;\n  background-color: rgb(0, 0, 0);\n}\n#section_1530535653 .section-bg-overlay {\n  background-color: rgba(0, 0, 0, 0.3);\n}\n#section_1530535653 .ux-shape-divider--bottom svg {\n  height: 50px;\n  --divider-width: 100%;\n}\n<\/style>\n\t<\/section>\n\t\n\n\t<section class=\"section\" id=\"section_1257553575\">\n\t\t<div class=\"section-bg fill\" >\n\t\t\t\t\t\t\t\t\t\n\t\t\t\n\n\t\t<\/div>\n\n\t\t\n\n\t\t<div class=\"section-content relative\">\n\t\t\t\n\n<div class=\"text-center\"><div class=\"is-divider divider clearfix\" ><\/div><\/div>\n\n<div class=\"row\"  id=\"row-1685962736\">\n\n\n\t<div id=\"col-529673228\" class=\"col small-12 large-12\"  >\n\t\t\t\t<div class=\"col-inner\"  >\n\t\t\t\n\t\t\t\n\n<p style=\"text-align: center;\">D\u00e9couvrez la magie de la vall\u00e9e de la Stura : une terre o\u00f9 chaque recoin raconte une histoire. Des merveilles naturelles aux villages riches en traditions, en passant par l&rsquo;histoire et l&rsquo;art qui impr\u00e8gnent chaque paysage. Laissez-vous enchanter par des exp\u00e9riences uniques, comme la majest\u00e9 du <em><strong>Palais<\/strong><\/em> e <em><strong>Parc Borelli<\/strong><\/em> \u00e0 Demonte, les \u00ab\u00a0bancs g\u00e9ants\u00a0\u00bb color\u00e9s, les <em><strong>fresques m\u00e9di\u00e9vales<\/strong><\/em> de Vignolo, le <em><strong>Sanctuaire de Sant&rsquo;Anna<\/strong><\/em> \u00e0 Vinadio (le plus haut d&rsquo;Europe), l&rsquo;architecture Walser de <em><strong>San Bernolfo<\/strong><\/em>le charme authentique de villages tels que <em><strong>Ferrere<\/strong><\/em>et l&rsquo;imposant <em><strong>Fort Albertino<\/strong><\/em> de Vinadio.  <\/p>\n<p style=\"text-align: center;\">Une vall\u00e9e qui ne cesse de surprendre, offrant \u00e0 chacun son coin d&rsquo;\u00e9merveillement.<\/p>\n\n\t\t<\/div>\n\t\t\t\t\n<style>\n#col-529673228 > .col-inner {\n  padding: 0px 0px 0px 0px;\n  margin: 0px 0px 0px 0px;\n}\n<\/style>\n\t<\/div>\n\n\t\n\n<\/div>\n  <div class=\"banner-grid-wrapper\">\n  <div id=\"banner-grid-647748595\" class=\"banner-grid row row-grid row-small\" data-packery-options=\"\">\n                      \n\n<div class=\"col grid-col large-6 grid-col-3-4\" ><div class=\"col-inner\">\n\n\n  <div class=\"banner has-hover\" id=\"banner-1799481855\">\n          <div class=\"banner-inner fill\">\n        <div class=\"banner-bg fill\" >\n            <img decoding=\"async\" width=\"1020\" height=\"680\" src=\"https:\/\/www.vallesturaexperience.it\/wp-content\/uploads\/ValleStura-16-18luglio-24.jpg\" class=\"bg attachment-large size-large\" alt=\"I Laghi di Roburent\" \/>                        <div class=\"overlay\"><\/div>            \n                    <\/div>\n\t\t\n        <div class=\"banner-layers container\">\n            <a class=\"fill\" href=\"https:\/\/www.vallesturaexperience.it\/?page_id=5223&#038;cat=paesaggi\" ><div class=\"fill banner-link\"><\/div><\/a>            \n\n   <div id=\"text-box-1796017962\" class=\"text-box banner-layer x5 md-x5 lg-x5 y50 md-y50 lg-y50 res-text\">\n                                <div class=\"text-box-content text box-shadow-3 dark\">\n              \n              <div class=\"text-inner text-center\">\n                  \n\n<a data-animate=\"fadeInUp\" href=\"https:\/\/www.vallesturaexperience.it\/?page_id=5223&#038;cat=paesaggi\" class=\"button primary is-underline is-xxlarge expand vse-text-white\"  >\n\t\t<span>PAYSAGES<\/span>\n\t<\/a>\n\n\n\n              <\/div>\n           <\/div>\n                            \n<style>\n#text-box-1796017962 .text-box-content {\n  background-color: rgba(0, 0, 0, 0.65);\n  border-radius: 15px;\n  font-size: 100%;\n}\n#text-box-1796017962 .text-inner {\n  padding: 30px 30px 30px 30px;\n}\n#text-box-1796017962 {\n  width: 60%;\n}\n@media (min-width:550px) {\n  #text-box-1796017962 {\n    width: 90%;\n  }\n}\n<\/style>\n    <\/div>\n \n\n        <\/div>\n      <\/div>\n\n            \n<style>\n#banner-1799481855 {\n  padding-top: 500px;\n}\n#banner-1799481855 .overlay {\n  background-color: rgba(0, 0, 0, 0.2);\n}\n<\/style>\n  <\/div>\n\n\n\n<\/div><\/div>\n<div class=\"col grid-col large-6 grid-col-3-4\" ><div class=\"col-inner\">\n\n\n  <div class=\"banner has-hover\" id=\"banner-2116119712\">\n          <div class=\"banner-inner fill\">\n        <div class=\"banner-bg fill\" >\n            <img decoding=\"async\" width=\"1020\" height=\"680\" src=\"https:\/\/www.vallesturaexperience.it\/wp-content\/uploads\/ValleStura-ciclismo-sanna-94-1-1024x683.jpg\" class=\"bg attachment-large size-large\" alt=\"\" \/>                        <div class=\"overlay\"><\/div>            \n                    <\/div>\n\t\t\n        <div class=\"banner-layers container\">\n            <a class=\"fill\" href=\"https:\/\/www.vallesturaexperience.it\/?page_id=5223&#038;cat=luoghi-tipici\" ><div class=\"fill banner-link\"><\/div><\/a>            \n\n   <div id=\"text-box-1792043428\" class=\"text-box banner-layer x5 md-x5 lg-x5 y50 md-y50 lg-y50 res-text\">\n                                <div class=\"text-box-content text box-shadow-3 dark\">\n              \n              <div class=\"text-inner text-center\">\n                  \n\n<a data-animate=\"fadeInUp\" href=\"https:\/\/www.vallesturaexperience.it\/?page_id=5223&#038;cat=luoghi-tipici\" class=\"button primary is-underline is-xxlarge expand vse-text-white\"  >\n\t\t<span>LIEUX TYPIQUES<\/span>\n\t<\/a>\n\n\n\n              <\/div>\n           <\/div>\n                            \n<style>\n#text-box-1792043428 .text-box-content {\n  background-color: rgba(0, 0, 0, 0.65);\n  border-radius: 15px;\n  font-size: 100%;\n}\n#text-box-1792043428 .text-inner {\n  padding: 30px 30px 30px 30px;\n}\n#text-box-1792043428 {\n  width: 60%;\n}\n@media (min-width:550px) {\n  #text-box-1792043428 {\n    width: 90%;\n  }\n}\n<\/style>\n    <\/div>\n \n\n        <\/div>\n      <\/div>\n\n            \n<style>\n#banner-2116119712 {\n  padding-top: 500px;\n}\n#banner-2116119712 .overlay {\n  background-color: rgba(0, 0, 0, 0.2);\n}\n<\/style>\n  <\/div>\n\n\n\n<\/div><\/div>\n<div class=\"col grid-col large-6 grid-col-3-4\" ><div class=\"col-inner\">\n\n\n  <div class=\"banner has-hover\" id=\"banner-316013130\">\n          <div class=\"banner-inner fill\">\n        <div class=\"banner-bg fill\" >\n            <img loading=\"lazy\" decoding=\"async\" width=\"1020\" height=\"680\" src=\"https:\/\/www.vallesturaexperience.it\/wp-content\/uploads\/ValleStura-16-18luglio-131-Copia.jpg\" class=\"bg attachment-large size-large\" alt=\"\" \/>                        <div class=\"overlay\"><\/div>            \n                    <\/div>\n\t\t\n        <div class=\"banner-layers container\">\n            <a class=\"fill\" href=\"https:\/\/www.vallesturaexperience.it\/?page_id=5223&#038;cat=natura\" ><div class=\"fill banner-link\"><\/div><\/a>            \n\n   <div id=\"text-box-1007972931\" class=\"text-box banner-layer x5 md-x5 lg-x5 y50 md-y50 lg-y50 res-text\">\n                                <div class=\"text-box-content text box-shadow-3 dark\">\n              \n              <div class=\"text-inner text-center\">\n                  \n\n<a data-animate=\"fadeInUp\" href=\"https:\/\/www.vallesturaexperience.it\/?page_id=5223&#038;cat=natura\" class=\"button primary is-underline is-xxlarge expand vse-text-white\"  >\n\t\t<span>NATURE<\/span>\n\t<\/a>\n\n\n\n              <\/div>\n           <\/div>\n                            \n<style>\n#text-box-1007972931 .text-box-content {\n  background-color: rgba(0, 0, 0, 0.65);\n  border-radius: 15px;\n  font-size: 100%;\n}\n#text-box-1007972931 .text-inner {\n  padding: 30px 30px 30px 30px;\n}\n#text-box-1007972931 {\n  width: 60%;\n}\n@media (min-width:550px) {\n  #text-box-1007972931 {\n    width: 90%;\n  }\n}\n<\/style>\n    <\/div>\n \n\n        <\/div>\n      <\/div>\n\n            \n<style>\n#banner-316013130 {\n  padding-top: 500px;\n}\n#banner-316013130 .overlay {\n  background-color: rgba(0, 0, 0, 0.2);\n}\n<\/style>\n  <\/div>\n\n\n\n<\/div><\/div>\n<div class=\"col grid-col large-6 grid-col-3-4\" ><div class=\"col-inner\">\n\n\n  <div class=\"banner has-hover\" id=\"banner-569637445\">\n          <div class=\"banner-inner fill\">\n        <div class=\"banner-bg fill\" >\n            <img loading=\"lazy\" decoding=\"async\" width=\"960\" height=\"507\" src=\"https:\/\/www.vallesturaexperience.it\/wp-content\/uploads\/forte-di-vinadio.jpg\" class=\"bg attachment-large size-large\" alt=\"\" \/>                        <div class=\"overlay\"><\/div>            \n                    <\/div>\n\t\t\n        <div class=\"banner-layers container\">\n            <a class=\"fill\" href=\"https:\/\/www.vallesturaexperience.it\/?page_id=5223&#038;cat=storia\" ><div class=\"fill banner-link\"><\/div><\/a>            \n\n   <div id=\"text-box-508819847\" class=\"text-box banner-layer x5 md-x5 lg-x5 y50 md-y50 lg-y50 res-text\">\n                                <div class=\"text-box-content text box-shadow-3 dark\">\n              \n              <div class=\"text-inner text-center\">\n                  \n\n<a data-animate=\"fadeInUp\" href=\"https:\/\/www.vallesturaexperience.it\/?page_id=5223&#038;cat=storia\" class=\"button primary is-underline is-xxlarge expand vse-text-white\"  >\n\t\t<span>HISTOIRE<\/span>\n\t<\/a>\n\n\n\n              <\/div>\n           <\/div>\n                            \n<style>\n#text-box-508819847 .text-box-content {\n  background-color: rgba(0, 0, 0, 0.65);\n  border-radius: 15px;\n  font-size: 100%;\n}\n#text-box-508819847 .text-inner {\n  padding: 30px 30px 30px 30px;\n}\n#text-box-508819847 {\n  width: 60%;\n}\n@media (min-width:550px) {\n  #text-box-508819847 {\n    width: 90%;\n  }\n}\n<\/style>\n    <\/div>\n \n\n        <\/div>\n      <\/div>\n\n            \n<style>\n#banner-569637445 {\n  padding-top: 500px;\n}\n#banner-569637445 .overlay {\n  background-color: rgba(0, 0, 0, 0.2);\n}\n<\/style>\n  <\/div>\n\n\n\n<\/div><\/div>\n\n            <\/div>\n    <style>\n    #banner-grid-647748595 .grid-col-1{height: 600px}\n    #banner-grid-647748595 .grid-col-1-2{height: 300px}\n    #banner-grid-647748595 .grid-col-1-3{height:200px}\n    #banner-grid-647748595 .grid-col-2-3{height: 400px}\n    #banner-grid-647748595 .grid-col-1-4{height: 150px}\n    #banner-grid-647748595 .grid-col-3-4{height: 450px}\n\n\n    \n    \n\n  <\/style>\n    <\/div>\n  \n<div class=\"text-center\"><div class=\"is-divider divider clearfix\" ><\/div><\/div>\n\n<div class=\"row\"  id=\"row-343079245\">\n\n\n\t<div id=\"col-547198910\" class=\"col small-12 large-12\"  >\n\t\t\t\t<div class=\"col-inner text-center\"  >\n\t\t\t\n\t\t\t\n\n\n  <div class=\"banner has-hover\" id=\"banner-755809641\">\n          <div class=\"banner-inner fill\">\n        <div class=\"banner-bg fill\" >\n            <img loading=\"lazy\" decoding=\"async\" width=\"1020\" height=\"680\" src=\"https:\/\/www.vallesturaexperience.it\/wp-content\/uploads\/ValleStura-16-18luglio-50.jpg\" class=\"bg attachment-large size-large\" alt=\"\" \/>                                    \n                    <\/div>\n\t\t\n        <div class=\"banner-layers container\">\n            <div class=\"fill banner-link\"><\/div>            \n\n   <div id=\"text-box-812523349\" class=\"text-box banner-layer x5 md-x5 lg-x5 y50 md-y50 lg-y50 res-text\">\n                                <div class=\"text-box-content text box-shadow-3 dark\">\n              \n              <div class=\"text-inner text-center\">\n                  \n\n<p>D\u00e9couvrez la vall\u00e9e de la Stura comme jamais auparavant gr\u00e2ce \u00e0 votre IGuide ! D\u00e9couvrez des itin\u00e9raires exclusifs, passez sans effort d&rsquo;une curiosit\u00e9 locale \u00e0 l&rsquo;autre, \u00e9coutez les descriptions dans la langue de votre choix et optimisez chaque instant de votre voyage. Une exp\u00e9rience unique et personnalis\u00e9e \u00e0 port\u00e9e de main !  <\/p>\n<a data-animate=\"fadeInUp\" href=\"https:\/\/www.vallesturaexperience.com\/it\/guide\/7ITVS01\/iguide-valle-stura.html\" target=\"_blank\" class=\"button primary is-outline lowercase\" rel=\"iGuide noopener\"  style=\"border-radius:99px;\">\n\t\t<span>D\u00e9couvrez la vall\u00e9e d\u00e8s maintenant ! T\u00e9l\u00e9chargez votre IGuide <\/span>\n\t<\/a>\n\n\n\n              <\/div>\n           <\/div>\n                            \n<style>\n#text-box-812523349 .text-box-content {\n  background-color: rgba(0, 0, 0, 0.86);\n  font-size: 100%;\n}\n#text-box-812523349 .text-inner {\n  padding: 30px 30px 30px 30px;\n}\n#text-box-812523349 {\n  width: 91%;\n}\n@media (min-width:550px) {\n  #text-box-812523349 {\n    width: 90%;\n  }\n}\n<\/style>\n    <\/div>\n \n\n        <\/div>\n      <\/div>\n\n            \n<style>\n#banner-755809641 {\n  padding-top: 500px;\n}\n#banner-755809641 .banner-bg img {\n  object-position: 53% 71%;\n}\n<\/style>\n  <\/div>\n\n\n\n\t\t<\/div>\n\t\t\t\t\t<\/div>\n\n\t\n\n<\/div>\n\n\t\t<\/div>\n\n\t\t\n<style>\n#section_1257553575 {\n  padding-top: 30px;\n  padding-bottom: 30px;\n}\n<\/style>\n\t<\/section>\n\t\n\n","protected":false},"excerpt":{"rendered":"","protected":false},"author":1,"featured_media":2589,"parent":0,"menu_order":23,"comment_status":"closed","ping_status":"closed","template":"page-blank.php","meta":{"_acf_changed":false,"footnotes":""},"class_list":["post-2459","page","type-page","status-publish","has-post-thumbnail","hentry"],"acf":[],"yoast_head":"<!-- This site is optimized with the Yoast SEO plugin v27.4 - https:\/\/yoast.com\/product\/yoast-seo-wordpress\/ -->\n<title>Ce qu&#039;il faut voir - Valle Stura Experience<\/title>\n<meta name=\"robots\" content=\"index, follow, max-snippet:-1, max-image-preview:large, max-video-preview:-1\" \/>\n<link rel=\"canonical\" href=\"https:\/\/www.vallesturaexperience.it\/fr\/que-voir\/\" \/>\n<meta property=\"og:locale\" content=\"fr_FR\" \/>\n<meta property=\"og:type\" content=\"article\" \/>\n<meta property=\"og:title\" content=\"Ce qu&#039;il faut voir - Valle Stura Experience\" \/>\n<meta property=\"og:url\" content=\"https:\/\/www.vallesturaexperience.it\/fr\/que-voir\/\" \/>\n<meta property=\"og:site_name\" content=\"Valle Stura Experience\" \/>\n<meta property=\"article:publisher\" content=\"https:\/\/www.facebook.com\/vallesturaexperience\/\" \/>\n<meta property=\"article:modified_time\" content=\"2026-01-30T14:58:21+00:00\" \/>\n<meta property=\"og:image\" content=\"https:\/\/www.vallesturaexperience.it\/wp-content\/uploads\/forte_di_vinadio.jpg\" \/>\n\t<meta property=\"og:image:width\" content=\"1920\" \/>\n\t<meta property=\"og:image:height\" content=\"690\" \/>\n\t<meta property=\"og:image:type\" content=\"image\/jpeg\" \/>\n<meta name=\"twitter:card\" content=\"summary_large_image\" \/>\n<meta name=\"twitter:label1\" content=\"Dur\u00e9e de lecture estim\u00e9e\" \/>\n\t<meta name=\"twitter:data1\" content=\"3 minutes\" \/>\n<script type=\"application\/ld+json\" class=\"yoast-schema-graph\">{\"@context\":\"https:\\\/\\\/schema.org\",\"@graph\":[{\"@type\":\"WebPage\",\"@id\":\"https:\\\/\\\/www.vallesturaexperience.it\\\/fr\\\/que-voir\\\/\",\"url\":\"https:\\\/\\\/www.vallesturaexperience.it\\\/fr\\\/que-voir\\\/\",\"name\":\"Ce qu'il faut voir - Valle Stura Experience\",\"isPartOf\":{\"@id\":\"https:\\\/\\\/www.vallesturaexperience.it\\\/#website\"},\"primaryImageOfPage\":{\"@id\":\"https:\\\/\\\/www.vallesturaexperience.it\\\/fr\\\/que-voir\\\/#primaryimage\"},\"image\":{\"@id\":\"https:\\\/\\\/www.vallesturaexperience.it\\\/fr\\\/que-voir\\\/#primaryimage\"},\"thumbnailUrl\":\"https:\\\/\\\/www.vallesturaexperience.it\\\/wp-content\\\/uploads\\\/forte_di_vinadio.jpg\",\"datePublished\":\"2018-07-05T13:38:07+00:00\",\"dateModified\":\"2026-01-30T14:58:21+00:00\",\"breadcrumb\":{\"@id\":\"https:\\\/\\\/www.vallesturaexperience.it\\\/fr\\\/que-voir\\\/#breadcrumb\"},\"inLanguage\":\"fr-FR\",\"potentialAction\":[{\"@type\":\"ReadAction\",\"target\":[\"https:\\\/\\\/www.vallesturaexperience.it\\\/fr\\\/que-voir\\\/\"]}]},{\"@type\":\"ImageObject\",\"inLanguage\":\"fr-FR\",\"@id\":\"https:\\\/\\\/www.vallesturaexperience.it\\\/fr\\\/que-voir\\\/#primaryimage\",\"url\":\"https:\\\/\\\/www.vallesturaexperience.it\\\/wp-content\\\/uploads\\\/forte_di_vinadio.jpg\",\"contentUrl\":\"https:\\\/\\\/www.vallesturaexperience.it\\\/wp-content\\\/uploads\\\/forte_di_vinadio.jpg\",\"width\":1920,\"height\":690},{\"@type\":\"BreadcrumbList\",\"@id\":\"https:\\\/\\\/www.vallesturaexperience.it\\\/fr\\\/que-voir\\\/#breadcrumb\",\"itemListElement\":[{\"@type\":\"ListItem\",\"position\":1,\"name\":\"Home\",\"item\":\"https:\\\/\\\/www.vallesturaexperience.it\\\/fr\\\/homepage\\\/\"},{\"@type\":\"ListItem\",\"position\":2,\"name\":\"Ce qu&#8217;il faut voir\"}]},{\"@type\":\"WebSite\",\"@id\":\"https:\\\/\\\/www.vallesturaexperience.it\\\/#website\",\"url\":\"https:\\\/\\\/www.vallesturaexperience.it\\\/\",\"name\":\"Valle Stura Experience\",\"description\":\"il sito ufficiale di Valle Stura Experience\",\"publisher\":{\"@id\":\"https:\\\/\\\/www.vallesturaexperience.it\\\/#organization\"},\"potentialAction\":[{\"@type\":\"SearchAction\",\"target\":{\"@type\":\"EntryPoint\",\"urlTemplate\":\"https:\\\/\\\/www.vallesturaexperience.it\\\/?s={search_term_string}\"},\"query-input\":{\"@type\":\"PropertyValueSpecification\",\"valueRequired\":true,\"valueName\":\"search_term_string\"}}],\"inLanguage\":\"fr-FR\"},{\"@type\":\"Organization\",\"@id\":\"https:\\\/\\\/www.vallesturaexperience.it\\\/#organization\",\"name\":\"Valle Stura Experience\",\"url\":\"https:\\\/\\\/www.vallesturaexperience.it\\\/\",\"logo\":{\"@type\":\"ImageObject\",\"inLanguage\":\"fr-FR\",\"@id\":\"https:\\\/\\\/www.vallesturaexperience.it\\\/#\\\/schema\\\/logo\\\/image\\\/\",\"url\":\"https:\\\/\\\/www.vallesturaexperience.it\\\/wp-content\\\/uploads\\\/logo_valle_stura_experience.png\",\"contentUrl\":\"https:\\\/\\\/www.vallesturaexperience.it\\\/wp-content\\\/uploads\\\/logo_valle_stura_experience.png\",\"width\":263,\"height\":101,\"caption\":\"Valle Stura Experience\"},\"image\":{\"@id\":\"https:\\\/\\\/www.vallesturaexperience.it\\\/#\\\/schema\\\/logo\\\/image\\\/\"},\"sameAs\":[\"https:\\\/\\\/www.facebook.com\\\/vallesturaexperience\\\/\",\"https:\\\/\\\/www.instagram.com\\\/vallesturaexperience\\\/\"]}]}<\/script>\n<!-- \/ Yoast SEO plugin. -->","yoast_head_json":{"title":"Ce qu'il faut voir - Valle Stura Experience","robots":{"index":"index","follow":"follow","max-snippet":"max-snippet:-1","max-image-preview":"max-image-preview:large","max-video-preview":"max-video-preview:-1"},"canonical":"https:\/\/www.vallesturaexperience.it\/fr\/que-voir\/","og_locale":"fr_FR","og_type":"article","og_title":"Ce qu'il faut voir - Valle Stura Experience","og_url":"https:\/\/www.vallesturaexperience.it\/fr\/que-voir\/","og_site_name":"Valle Stura Experience","article_publisher":"https:\/\/www.facebook.com\/vallesturaexperience\/","article_modified_time":"2026-01-30T14:58:21+00:00","og_image":[{"width":1920,"height":690,"url":"https:\/\/www.vallesturaexperience.it\/wp-content\/uploads\/forte_di_vinadio.jpg","type":"image\/jpeg"}],"twitter_card":"summary_large_image","twitter_misc":{"Dur\u00e9e de lecture estim\u00e9e":"3 minutes"},"schema":{"@context":"https:\/\/schema.org","@graph":[{"@type":"WebPage","@id":"https:\/\/www.vallesturaexperience.it\/fr\/que-voir\/","url":"https:\/\/www.vallesturaexperience.it\/fr\/que-voir\/","name":"Ce qu'il faut voir - Valle Stura Experience","isPartOf":{"@id":"https:\/\/www.vallesturaexperience.it\/#website"},"primaryImageOfPage":{"@id":"https:\/\/www.vallesturaexperience.it\/fr\/que-voir\/#primaryimage"},"image":{"@id":"https:\/\/www.vallesturaexperience.it\/fr\/que-voir\/#primaryimage"},"thumbnailUrl":"https:\/\/www.vallesturaexperience.it\/wp-content\/uploads\/forte_di_vinadio.jpg","datePublished":"2018-07-05T13:38:07+00:00","dateModified":"2026-01-30T14:58:21+00:00","breadcrumb":{"@id":"https:\/\/www.vallesturaexperience.it\/fr\/que-voir\/#breadcrumb"},"inLanguage":"fr-FR","potentialAction":[{"@type":"ReadAction","target":["https:\/\/www.vallesturaexperience.it\/fr\/que-voir\/"]}]},{"@type":"ImageObject","inLanguage":"fr-FR","@id":"https:\/\/www.vallesturaexperience.it\/fr\/que-voir\/#primaryimage","url":"https:\/\/www.vallesturaexperience.it\/wp-content\/uploads\/forte_di_vinadio.jpg","contentUrl":"https:\/\/www.vallesturaexperience.it\/wp-content\/uploads\/forte_di_vinadio.jpg","width":1920,"height":690},{"@type":"BreadcrumbList","@id":"https:\/\/www.vallesturaexperience.it\/fr\/que-voir\/#breadcrumb","itemListElement":[{"@type":"ListItem","position":1,"name":"Home","item":"https:\/\/www.vallesturaexperience.it\/fr\/homepage\/"},{"@type":"ListItem","position":2,"name":"Ce qu&#8217;il faut voir"}]},{"@type":"WebSite","@id":"https:\/\/www.vallesturaexperience.it\/#website","url":"https:\/\/www.vallesturaexperience.it\/","name":"Valle Stura Experience","description":"il sito ufficiale di Valle Stura Experience","publisher":{"@id":"https:\/\/www.vallesturaexperience.it\/#organization"},"potentialAction":[{"@type":"SearchAction","target":{"@type":"EntryPoint","urlTemplate":"https:\/\/www.vallesturaexperience.it\/?s={search_term_string}"},"query-input":{"@type":"PropertyValueSpecification","valueRequired":true,"valueName":"search_term_string"}}],"inLanguage":"fr-FR"},{"@type":"Organization","@id":"https:\/\/www.vallesturaexperience.it\/#organization","name":"Valle Stura Experience","url":"https:\/\/www.vallesturaexperience.it\/","logo":{"@type":"ImageObject","inLanguage":"fr-FR","@id":"https:\/\/www.vallesturaexperience.it\/#\/schema\/logo\/image\/","url":"https:\/\/www.vallesturaexperience.it\/wp-content\/uploads\/logo_valle_stura_experience.png","contentUrl":"https:\/\/www.vallesturaexperience.it\/wp-content\/uploads\/logo_valle_stura_experience.png","width":263,"height":101,"caption":"Valle Stura Experience"},"image":{"@id":"https:\/\/www.vallesturaexperience.it\/#\/schema\/logo\/image\/"},"sameAs":["https:\/\/www.facebook.com\/vallesturaexperience\/","https:\/\/www.instagram.com\/vallesturaexperience\/"]}]}},"_links":{"self":[{"href":"https:\/\/www.vallesturaexperience.it\/fr\/wp-json\/wp\/v2\/pages\/2459","targetHints":{"allow":["GET"]}}],"collection":[{"href":"https:\/\/www.vallesturaexperience.it\/fr\/wp-json\/wp\/v2\/pages"}],"about":[{"href":"https:\/\/www.vallesturaexperience.it\/fr\/wp-json\/wp\/v2\/types\/page"}],"author":[{"embeddable":true,"href":"https:\/\/www.vallesturaexperience.it\/fr\/wp-json\/wp\/v2\/users\/1"}],"replies":[{"embeddable":true,"href":"https:\/\/www.vallesturaexperience.it\/fr\/wp-json\/wp\/v2\/comments?post=2459"}],"version-history":[{"count":0,"href":"https:\/\/www.vallesturaexperience.it\/fr\/wp-json\/wp\/v2\/pages\/2459\/revisions"}],"wp:featuredmedia":[{"embeddable":true,"href":"https:\/\/www.vallesturaexperience.it\/fr\/wp-json\/wp\/v2\/media\/2589"}],"wp:attachment":[{"href":"https:\/\/www.vallesturaexperience.it\/fr\/wp-json\/wp\/v2\/media?parent=2459"}],"curies":[{"name":"wp","href":"https:\/\/api.w.org\/{rel}","templated":true}]}}