{"id":5485,"date":"2022-12-16T15:02:17","date_gmt":"2022-12-16T14:02:17","guid":{"rendered":"https:\/\/www.vallesturaexperience.it\/1747224622712?page_id=5485"},"modified":"2025-07-23T16:52:34","modified_gmt":"2025-07-23T14:52:34","slug":"privacy-cookie-policy","status":"publish","type":"page","link":"https:\/\/www.vallesturaexperience.it\/en\/privacy-cookie-policy\/","title":{"rendered":"Privacy &amp; Cookie Policy"},"content":{"rendered":"\n<div class=\"row\"  id=\"row-313521506\">\n\n\n\t<div id=\"col-1457057415\" class=\"col small-12 large-12\"  >\n\t\t\t\t<div class=\"col-inner\"  >\n\t\t\t\n\t\t\t\n\n\t<div id=\"text-3817812655\" class=\"text\">\n\t\t\n\n<h2 class=\"uppercase\">Privacy &amp; Cookie Policy<\/h2>\n\n\t\t\n<style>\n#text-3817812655 {\n  text-align: center;\n  color: #8bbb6b;\n}\n#text-3817812655 > * {\n  color: #8bbb6b;\n}\n<\/style>\n\t<\/div>\n\t\n<p>Valle Stura Experience, in accordance with Legislative Decree 196\/2003 (hereinafter &#8220;Privacy Code&#8221;) and Regulation (EU) 2016\/679 (hereinafter &#8220;GDPR&#8221;), intends to guarantee the privacy and security of each visitor&#8217;s personal data in accordance with the provisions of this Policy. <\/p>\n\t<div id=\"text-3841683684\" class=\"text\">\n\t\t\n\n<h5 class=\"uppercase\">Who we are<\/h5>\n\n\t\t\n<style>\n#text-3841683684 {\n  color: #8bbb6b;\n}\n#text-3841683684 > * {\n  color: #8bbb6b;\n}\n<\/style>\n\t<\/div>\n\t\n<p>Valle Stura Experience and La Porta di Valle are the data controllers for this site.<\/p>\n\t<div id=\"text-1923586882\" class=\"text\">\n\t\t\n\n<h5 class=\"uppercase\">What personal data we collect and why<\/h5>\n\n\t\t\n<style>\n#text-1923586882 {\n  color: #8bbb6b;\n}\n#text-1923586882 > * {\n  color: #8bbb6b;\n}\n<\/style>\n\t<\/div>\n\t\n<p>We collect a series of personal data relating to our customers and users who visit our site, which can be traced back to the categories described below.<\/p>\n\n\t<div id=\"text-57378343\" class=\"text\">\n\t\t\n\n<h5 class=\"uppercase\">Cookie<\/h5>\n\n\t\t\n<style>\n#text-57378343 {\n  color: #8bbb6b;\n}\n#text-57378343 > * {\n  color: #8bbb6b;\n}\n<\/style>\n\t<\/div>\n\t\n<p>Cookies are files that can be stored on your device&#8217;s hard drive. This allows for easier navigation and greater usability of the website. Cookies can be used to determine whether there has been a previous connection between your device and our pages.<br>Cookies on a website are divided into the following main categories:  <\/p>\n<ul>\n<li><strong>Technical cookies<\/strong>: These are cookies used to perform navigation or provide a service requested by the user. They are not used for other purposes and are usually installed directly by the website owner. These cookies do not require consent.  <\/li>\n<li><strong>Profiling cookies<\/strong>: These cookies are used to track a user&#8217;s online browsing and create profiles of their tastes, habits, choices, etc. These cookies can be used to send advertising messages to the user&#8217;s terminal that match the preferences the user has already expressed while browsing online.<\/li>\n<\/ul>\n<p>Most browsers automatically accept cookies. You can refuse or revoke authorization at any time by selecting the appropriate settings in your browser&#8217;s specific options. For further information on how to do this, please refer to your browser&#8217;s instructions:  <\/p>\n<ul>\n<li><a href=\"https:\/\/support.google.com\/chrome\/answer\/95647?hl=it&amp;p=cpn_cookies\">Google Chrome<\/a><\/li>\n<li><a href=\"https:\/\/support.mozilla.org\/it\/kb\/Attivare%20e%20disattivare%20i%20cookie\">Mozilla Firefox<\/a><\/li>\n<li><a href=\"https:\/\/support.apple.com\/it-it\/HT201265\">Apple Safari<\/a><\/li>\n<li><a href=\"https:\/\/windows.microsoft.com\/it-it\/internet-explorer\/delete-manage-cookies#ie=ie-11\">Microsoft Internet Explorer<\/a><\/li>\n<li><a href=\"https:\/\/privacy.microsoft.com\/it-it\/windows-10-microsoft-edge-and-privacy\">Microsoft Edge<\/a><\/li>\n<\/ul>\n<p>Choosing not to accept cookies from your browser may limit the functions available on our site.<br>This site uses the following cookies:<\/p>\n\t<div id=\"text-454048552\" class=\"text\">\n\t\t\n\n<h5 class=\"uppercase\">First party cookies<\/h5>\n\n\t\t\n<style>\n#text-454048552 {\n  color: #8bbb6b;\n}\n#text-454048552 > * {\n  color: #8bbb6b;\n}\n<\/style>\n\t<\/div>\n\t\n<p>This site uses the following technical cookies for the sole purpose of providing the best possible service:<\/p>\n<ul>\n<li><a href=\"https:\/\/codex.wordpress.org\/WordPress_Cookies\" target=\"_blank\" rel=\"noopener noreferrer\">WordPress<\/a><\/li>\n<li><strong>Cookie Script<\/strong>: Used to remember the choice made by the user who accepts or rejects the use of cookies on this site.<\/li>\n<\/ul>\n\t<div id=\"text-2479220149\" class=\"text\">\n\t\t\n\n<h5 class=\"uppercase\">Third party cookies<\/h5>\n\n\t\t\n<style>\n#text-2479220149 {\n  color: #8bbb6b;\n}\n#text-2479220149 > * {\n  color: #8bbb6b;\n}\n<\/style>\n\t<\/div>\n\t\n<p>This site collects information, in aggregate form, on the number of users and how they visit the site. To provide a better service, it also uses embedded objects to offer more features. For information on the purposes, type, and methods of collection, processing, use, and storage of personal data by third parties, as well as how to exercise your rights, please consult the privacy policy adopted by the individual third parties.<br>In summary, the following third-party cookies are downloaded: <\/p>\n<ul>\n<li><a href=\"https:\/\/developers.google.com\/analytics\/devguides\/collection\/analyticsjs\/cookie-usage\" target=\"_blank\" rel=\"noopener noreferrer\">Google Analytics<\/a>: similar to technical cookies because IP address masking is used to collect aggregate information on the number of users and how they visit the site. You can download a browser add-on to disable Google Analytics (<a href=\"https:\/\/tools.google.com\/dlpage\/gaoptout?hl=it\">more information<\/a>). <\/li>\n<li><a href=\"https:\/\/policies.google.com\/technologies\/cookies?hl=it\">YouTube-nocookie<\/a>: similar to technical cookies because a special version of YouTube is used, called YouTube-nocookie, which downloads cookies only when the play button of a video is actually pressed.<\/li>\n<\/ul>\n\t<div id=\"text-444580000\" class=\"text\">\n\t\t\n\n<h5 class=\"uppercase\">Site cookies<\/h5>\n\n\t\t\n<style>\n#text-444580000 {\n  color: #8bbb6b;\n}\n#text-444580000 > * {\n  color: #8bbb6b;\n}\n<\/style>\n\t<\/div>\n\t\n<h4 data-csr-i18n-text=\"&#091;&#093;\">Strettamente necessari<\/h4>\n<table class=\"_CookieScriptReportPageTable\">\n<thead>\n<tr>\n<th class=\"_CookieScriptReportPageTableTh\" scope=\"col\" data-csr-i18n-text=\"&#091;&#093;\">Nome<\/th>\n<th class=\"_CookieScriptReportPageTableTh\" scope=\"col\" data-csr-i18n-text=\"&#091;&#093;\">Provider \/ Dominio<\/th>\n<th class=\"_CookieScriptReportPageTableTh\" scope=\"col\" data-csr-i18n-text=\"&#091;&#093;\">Scadenza<\/th>\n<th class=\"_CookieScriptReportPageTableTh\" scope=\"col\" data-csr-i18n-text=\"&#091;&#093;\">Descrizione<\/th>\n<\/tr>\n<\/thead>\n<tbody>\n<tr>\n<td class=\"_CookieScriptReportPageTableTd\">qtrans_front_language<\/td>\n<td class=\"_CookieScriptReportPageTableTd\">www.vallesturaexperience.it<\/td>\n<td class=\"_CookieScriptReportPageTableTd\" data-csr-i18n-text=\"{&quot;it&quot;:&quot;1 anno&quot;}\">1 anno<\/td>\n<td class=\"_CookieScriptReportPageTableTd\" data-csr-i18n-text=\"{&quot;it&quot;:&quot;Utilizzato per la gestione delle lingue del sito&quot;}\">Utilizzato per la gestione delle lingue del sito<\/td>\n<\/tr>\n<\/tbody>\n<\/table>\n<h4 data-csr-i18n-text=\"&#091;&#093;\">Performance<\/h4>\n<table class=\"_CookieScriptReportPageTable\">\n<thead>\n<tr>\n<th class=\"_CookieScriptReportPageTableTh\" scope=\"col\" data-csr-i18n-text=\"&#091;&#093;\">Nome<\/th>\n<th class=\"_CookieScriptReportPageTableTh\" scope=\"col\" data-csr-i18n-text=\"&#091;&#093;\">Provider \/ Dominio<\/th>\n<th class=\"_CookieScriptReportPageTableTh\" scope=\"col\" data-csr-i18n-text=\"&#091;&#093;\">Scadenza<\/th>\n<th class=\"_CookieScriptReportPageTableTh\" scope=\"col\" data-csr-i18n-text=\"&#091;&#093;\">Descrizione<\/th>\n<\/tr>\n<\/thead>\n<tbody>\n<tr>\n<td class=\"_CookieScriptReportPageTableTd\">_ga<\/td>\n<td class=\"_CookieScriptReportPageTableTd\">\n<div class=\"_CookieScriptReportVendorName\"><a href=\"https:\/\/policies.google.com\/privacy\" target=\"_blank\" rel=\"nofollow noopener\">Google LLC<\/a><\/div>\n.vallesturaexperience.it<\/td>\n<td class=\"_CookieScriptReportPageTableTd\" data-csr-i18n-text=\"{&quot;it&quot;:&quot;2 anni&quot;}\">2 anni<\/td>\n<td class=\"_CookieScriptReportPageTableTd\" data-csr-i18n-text=\"{&quot;it&quot;:&quot;Questo nome di cookie u00e8 associato a Google Universal Analytics, che u00e8 un aggiornamento significativo del servizio di analisi piu00f9 comunemente utilizzato da Google. Questo cookie viene utilizzato per distinguere utenti unici assegnando un numero generato in modo casuale come identificatore del cliente. u00c8 incluso in ogni richiesta di pagina in un sito e utilizzato per calcolare i dati di visitatori, sessioni e campagne per i rapporti di analisi dei siti.&quot;}\">Questo nome di cookie \u00e8 associato a Google Universal Analytics, che \u00e8 un aggiornamento significativo del servizio di analisi pi\u00f9 comunemente utilizzato da Google. Questo cookie viene utilizzato per distinguere utenti unici assegnando un numero generato in modo casuale come identificatore del cliente. \u00c8 incluso in ogni richiesta di pagina in un sito e utilizzato per calcolare i dati di visitatori, sessioni e campagne per i rapporti di analisi dei siti.<\/td>\n<\/tr>\n<tr>\n<td class=\"_CookieScriptReportPageTableTd\">_gid<\/td>\n<td class=\"_CookieScriptReportPageTableTd\">\n<div class=\"_CookieScriptReportVendorName\"><a href=\"https:\/\/policies.google.com\/privacy\" target=\"_blank\" rel=\"nofollow noopener\">Google LLC<\/a><\/div>\n.vallesturaexperience.it<\/td>\n<td class=\"_CookieScriptReportPageTableTd\" data-csr-i18n-text=\"{&quot;it&quot;:&quot;1 giorno&quot;}\">1 giorno<\/td>\n<td class=\"_CookieScriptReportPageTableTd\" data-csr-i18n-text=\"{&quot;it&quot;:&quot;Questo cookie u00e8 impostato da Google Analytics. Memorizza e aggiorna un valore univoco per ogni pagina visitata e viene utilizzato per contare e tenere traccia delle visualizzazioni di pagina.&quot;}\">Questo cookie \u00e8 impostato da Google Analytics. Memorizza e aggiorna un valore univoco per ogni pagina visitata e viene utilizzato per contare e tenere traccia delle visualizzazioni di pagina.<\/td>\n<\/tr>\n<\/tbody>\n<\/table>\n<h4 data-csr-i18n-text=\"&#091;&#093;\">Targeting<\/h4>\n<table class=\"_CookieScriptReportPageTable\">\n<thead>\n<tr>\n<th class=\"_CookieScriptReportPageTableTh\" scope=\"col\" data-csr-i18n-text=\"&#091;&#093;\">Nome<\/th>\n<th class=\"_CookieScriptReportPageTableTh\" scope=\"col\" data-csr-i18n-text=\"&#091;&#093;\">Provider \/ Dominio<\/th>\n<th class=\"_CookieScriptReportPageTableTh\" scope=\"col\" data-csr-i18n-text=\"&#091;&#093;\">Scadenza<\/th>\n<th class=\"_CookieScriptReportPageTableTh\" scope=\"col\" data-csr-i18n-text=\"&#091;&#093;\">Descrizione<\/th>\n<\/tr>\n<\/thead>\n<tbody>\n<tr>\n<td class=\"_CookieScriptReportPageTableTd\">VISITOR_INFO1_LIVE<\/td>\n<td class=\"_CookieScriptReportPageTableTd\">\n<div class=\"_CookieScriptReportVendorName\"><a href=\"https:\/\/policies.google.com\/privacy\" target=\"_blank\" rel=\"nofollow noopener\">Google LLC<\/a><\/div>\n.youtube.com<\/td>\n<td class=\"_CookieScriptReportPageTableTd\" data-csr-i18n-text=\"{&quot;it&quot;:&quot;6 mesi&quot;}\">6 mesi<\/td>\n<td class=\"_CookieScriptReportPageTableTd\" data-csr-i18n-text=\"{&quot;it&quot;:&quot;Questo cookie u00e8 impostato da Youtube per tenere traccia delle preferenze dell'utente per i video di Youtube incorporati nei siti; puu00f2 anche determinare se il visitatore del sito web sta utilizzando la nuova o la vecchia versione dell'interfaccia di Youtube.&quot;}\">Questo cookie \u00e8 impostato da Youtube per tenere traccia delle preferenze dell&#8217;utente per i video di Youtube incorporati nei siti; pu\u00f2 anche determinare se il visitatore del sito web sta utilizzando la nuova o la vecchia versione dell&#8217;interfaccia di Youtube.<\/td>\n<\/tr>\n<tr>\n<td class=\"_CookieScriptReportPageTableTd\">_gat_gtag_UA_133173446_1<\/td>\n<td class=\"_CookieScriptReportPageTableTd\">.vallesturaexperience.it<\/td>\n<td class=\"_CookieScriptReportPageTableTd\" data-csr-i18n-text=\"{&quot;it&quot;:&quot;1 minuto&quot;}\">1 minuto<\/td>\n<td class=\"_CookieScriptReportPageTableTd\" data-csr-i18n-text=\"{&quot;it&quot;:&quot;Questo cookie fa parte di Google Analytics e viene utilizzato per limitare le richieste (throttle request rate).&quot;}\">Questo cookie fa parte di Google Analytics e viene utilizzato per limitare le richieste (throttle request rate).<\/td>\n<\/tr>\n<tr>\n<td class=\"_CookieScriptReportPageTableTd\">YSC<\/td>\n<td class=\"_CookieScriptReportPageTableTd\">\n<div class=\"_CookieScriptReportVendorName\"><a href=\"https:\/\/policies.google.com\/privacy\" target=\"_blank\" rel=\"nofollow noopener\">Google LLC<\/a><\/div>\n.youtube.com<\/td>\n<td class=\"_CookieScriptReportPageTableTd\" data-csr-i18n-text=\"{&quot;it&quot;:&quot;Sessione&quot;}\">Sessione<\/td>\n<td class=\"_CookieScriptReportPageTableTd\" data-csr-i18n-text=\"{&quot;it&quot;:&quot;Questo cookie u00e8 impostato da YouTube per tenere traccia delle visualizzazioni dei video incorporati.&quot;}\">Questo cookie \u00e8 impostato da YouTube per tenere traccia delle visualizzazioni dei video incorporati.<\/td>\n<\/tr>\n<\/tbody>\n<\/table>\n<h4 data-csr-i18n-text=\"&#091;&#093;\">Funzionalit\u00e0<\/h4>\n<table class=\"_CookieScriptReportPageTable\">\n<thead>\n<tr>\n<th class=\"_CookieScriptReportPageTableTh\" scope=\"col\" data-csr-i18n-text=\"&#091;&#093;\">Nome<\/th>\n<th class=\"_CookieScriptReportPageTableTh\" scope=\"col\" data-csr-i18n-text=\"&#091;&#093;\">Provider \/ Dominio<\/th>\n<th class=\"_CookieScriptReportPageTableTh\" scope=\"col\" data-csr-i18n-text=\"&#091;&#093;\">Scadenza<\/th>\n<th class=\"_CookieScriptReportPageTableTh\" scope=\"col\" data-csr-i18n-text=\"&#091;&#093;\">Descrizione<\/th>\n<\/tr>\n<\/thead>\n<\/table>\n\t<div id=\"text-2371321231\" class=\"text\">\n\t\t\n\n<h5 class=\"uppercase\">Contact request<\/h5>\n\n\t\t\n<style>\n#text-2371321231 {\n  color: #8bbb6b;\n}\n#text-2371321231 > * {\n  color: #8bbb6b;\n}\n<\/style>\n\t<\/div>\n\t\n<p>If you contact us through one of the forms available on the website (general contact request, property booking request, etc.), we will ask for your first name, last name, and email address. We need this information to respond to you and will not make it public. Please do not share personal documents or sensitive information with us, whether about yourself or others.  <\/p>\n\t<div id=\"text-211601878\" class=\"text\">\n\t\t\n\n<h5 class=\"uppercase\">Sharing personal data<\/h5>\n\n\t\t\n<style>\n#text-211601878 {\n  color: #8bbb6b;\n}\n#text-211601878 > * {\n  color: #8bbb6b;\n}\n<\/style>\n\t<\/div>\n\t\n<p>We share your personal data with other companies only when strictly necessary to provide you with a service as described in the previous paragraphs.<\/p>\n<p>Here are the services we use with their respective privacy policies:<\/p>\n\t<div id=\"text-1368515184\" class=\"text\">\n\t\t\n\n<h5 class=\"uppercase\">Statistics<\/h5>\n\n\t\t\n<style>\n#text-1368515184 {\n  color: #8bbb6b;\n}\n#text-1368515184 > * {\n  color: #8bbb6b;\n}\n<\/style>\n\t<\/div>\n\t\n<ul>\n<li><strong>Google Analytics<\/strong> (<a href=\"https:\/\/www.google.com\/intl\/it_it\/analytics\/learn\/privacy.html\" target=\"_blank\" rel=\"noopener noreferrer\">information<\/a>), to obtain statistics on visits.<\/li>\n<\/ul>\n\t<div id=\"text-3542381982\" class=\"text\">\n\t\t\n\n<h5 class=\"uppercase\">Embedded objects<\/h5>\n\n\t\t\n<style>\n#text-3542381982 {\n  color: #8bbb6b;\n}\n#text-3542381982 > * {\n  color: #8bbb6b;\n}\n<\/style>\n\t<\/div>\n\t\n<ul>\n<li><strong>YouTube<\/strong> (<a href=\"https:\/\/www.youtube.com\/static?template=privacy_guidelines\" target=\"_blank\" rel=\"noopener noreferrer\">information<\/a>), for viewing videos directly on the pages.<\/li>\n<\/ul>\n\t<div id=\"text-2103468362\" class=\"text\">\n\t\t\n\n<h5 class=\"uppercase\">Changes to our privacy policy<br><\/h5>\n\n\t\t\n<style>\n#text-2103468362 {\n  color: #8bbb6b;\n}\n#text-2103468362 > * {\n  color: #8bbb6b;\n}\n<\/style>\n\t<\/div>\n\t\n<p>We reserve the right to update this privacy policy from time to time to reflect improvements to our offerings and technological and regulatory developments. This policy was last updated on May 23, 2022. <\/p>\n\n\n\t\t<\/div>\n\t\t\t\t\t<\/div>\n\n\t\n\n<\/div>\n\n","protected":false},"excerpt":{"rendered":"","protected":false},"author":3,"featured_media":0,"parent":0,"menu_order":7,"comment_status":"closed","ping_status":"closed","template":"","meta":{"_acf_changed":false,"footnotes":""},"class_list":["post-5485","page","type-page","status-publish","hentry"],"acf":[],"yoast_head":"<!-- This site is optimized with the Yoast SEO plugin v27.4 - https:\/\/yoast.com\/product\/yoast-seo-wordpress\/ -->\n<title>Privacy &amp; Cookie Policy - Valle Stura Experience<\/title>\n<meta name=\"robots\" content=\"index, follow, max-snippet:-1, max-image-preview:large, max-video-preview:-1\" \/>\n<link rel=\"canonical\" href=\"https:\/\/www.vallesturaexperience.it\/en\/privacy-cookie-policy\/\" \/>\n<meta property=\"og:locale\" content=\"en_US\" \/>\n<meta property=\"og:type\" content=\"article\" \/>\n<meta property=\"og:title\" content=\"Privacy &amp; Cookie Policy - Valle Stura Experience\" \/>\n<meta property=\"og:url\" content=\"https:\/\/www.vallesturaexperience.it\/en\/privacy-cookie-policy\/\" \/>\n<meta property=\"og:site_name\" content=\"Valle Stura Experience\" \/>\n<meta property=\"article:publisher\" content=\"https:\/\/www.facebook.com\/vallesturaexperience\/\" \/>\n<meta property=\"article:modified_time\" content=\"2025-07-23T14:52:34+00:00\" \/>\n<meta name=\"twitter:card\" content=\"summary_large_image\" \/>\n<meta name=\"twitter:label1\" content=\"Est. reading time\" \/>\n\t<meta name=\"twitter:data1\" content=\"5 minutes\" \/>\n<script type=\"application\/ld+json\" class=\"yoast-schema-graph\">{\"@context\":\"https:\\\/\\\/schema.org\",\"@graph\":[{\"@type\":\"WebPage\",\"@id\":\"https:\\\/\\\/www.vallesturaexperience.it\\\/en\\\/privacy-cookie-policy\\\/\",\"url\":\"https:\\\/\\\/www.vallesturaexperience.it\\\/en\\\/privacy-cookie-policy\\\/\",\"name\":\"Privacy &amp; Cookie Policy - Valle Stura Experience\",\"isPartOf\":{\"@id\":\"https:\\\/\\\/www.vallesturaexperience.it\\\/#website\"},\"datePublished\":\"2022-12-16T14:02:17+00:00\",\"dateModified\":\"2025-07-23T14:52:34+00:00\",\"breadcrumb\":{\"@id\":\"https:\\\/\\\/www.vallesturaexperience.it\\\/en\\\/privacy-cookie-policy\\\/#breadcrumb\"},\"inLanguage\":\"en-US\",\"potentialAction\":[{\"@type\":\"ReadAction\",\"target\":[\"https:\\\/\\\/www.vallesturaexperience.it\\\/en\\\/privacy-cookie-policy\\\/\"]}]},{\"@type\":\"BreadcrumbList\",\"@id\":\"https:\\\/\\\/www.vallesturaexperience.it\\\/en\\\/privacy-cookie-policy\\\/#breadcrumb\",\"itemListElement\":[{\"@type\":\"ListItem\",\"position\":1,\"name\":\"Home\",\"item\":\"https:\\\/\\\/www.vallesturaexperience.it\\\/en\\\/homepage\\\/\"},{\"@type\":\"ListItem\",\"position\":2,\"name\":\"Privacy &amp; Cookie Policy\"}]},{\"@type\":\"WebSite\",\"@id\":\"https:\\\/\\\/www.vallesturaexperience.it\\\/#website\",\"url\":\"https:\\\/\\\/www.vallesturaexperience.it\\\/\",\"name\":\"Valle Stura Experience\",\"description\":\"il sito ufficiale di Valle Stura Experience\",\"publisher\":{\"@id\":\"https:\\\/\\\/www.vallesturaexperience.it\\\/#organization\"},\"potentialAction\":[{\"@type\":\"SearchAction\",\"target\":{\"@type\":\"EntryPoint\",\"urlTemplate\":\"https:\\\/\\\/www.vallesturaexperience.it\\\/?s={search_term_string}\"},\"query-input\":{\"@type\":\"PropertyValueSpecification\",\"valueRequired\":true,\"valueName\":\"search_term_string\"}}],\"inLanguage\":\"en-US\"},{\"@type\":\"Organization\",\"@id\":\"https:\\\/\\\/www.vallesturaexperience.it\\\/#organization\",\"name\":\"Valle Stura Experience\",\"url\":\"https:\\\/\\\/www.vallesturaexperience.it\\\/\",\"logo\":{\"@type\":\"ImageObject\",\"inLanguage\":\"en-US\",\"@id\":\"https:\\\/\\\/www.vallesturaexperience.it\\\/#\\\/schema\\\/logo\\\/image\\\/\",\"url\":\"https:\\\/\\\/www.vallesturaexperience.it\\\/wp-content\\\/uploads\\\/logo_valle_stura_experience.png\",\"contentUrl\":\"https:\\\/\\\/www.vallesturaexperience.it\\\/wp-content\\\/uploads\\\/logo_valle_stura_experience.png\",\"width\":263,\"height\":101,\"caption\":\"Valle Stura Experience\"},\"image\":{\"@id\":\"https:\\\/\\\/www.vallesturaexperience.it\\\/#\\\/schema\\\/logo\\\/image\\\/\"},\"sameAs\":[\"https:\\\/\\\/www.facebook.com\\\/vallesturaexperience\\\/\",\"https:\\\/\\\/www.instagram.com\\\/vallesturaexperience\\\/\"]}]}<\/script>\n<!-- \/ Yoast SEO plugin. -->","yoast_head_json":{"title":"Privacy &amp; Cookie Policy - Valle Stura Experience","robots":{"index":"index","follow":"follow","max-snippet":"max-snippet:-1","max-image-preview":"max-image-preview:large","max-video-preview":"max-video-preview:-1"},"canonical":"https:\/\/www.vallesturaexperience.it\/en\/privacy-cookie-policy\/","og_locale":"en_US","og_type":"article","og_title":"Privacy &amp; Cookie Policy - Valle Stura Experience","og_url":"https:\/\/www.vallesturaexperience.it\/en\/privacy-cookie-policy\/","og_site_name":"Valle Stura Experience","article_publisher":"https:\/\/www.facebook.com\/vallesturaexperience\/","article_modified_time":"2025-07-23T14:52:34+00:00","twitter_card":"summary_large_image","twitter_misc":{"Est. reading time":"5 minutes"},"schema":{"@context":"https:\/\/schema.org","@graph":[{"@type":"WebPage","@id":"https:\/\/www.vallesturaexperience.it\/en\/privacy-cookie-policy\/","url":"https:\/\/www.vallesturaexperience.it\/en\/privacy-cookie-policy\/","name":"Privacy &amp; Cookie Policy - Valle Stura Experience","isPartOf":{"@id":"https:\/\/www.vallesturaexperience.it\/#website"},"datePublished":"2022-12-16T14:02:17+00:00","dateModified":"2025-07-23T14:52:34+00:00","breadcrumb":{"@id":"https:\/\/www.vallesturaexperience.it\/en\/privacy-cookie-policy\/#breadcrumb"},"inLanguage":"en-US","potentialAction":[{"@type":"ReadAction","target":["https:\/\/www.vallesturaexperience.it\/en\/privacy-cookie-policy\/"]}]},{"@type":"BreadcrumbList","@id":"https:\/\/www.vallesturaexperience.it\/en\/privacy-cookie-policy\/#breadcrumb","itemListElement":[{"@type":"ListItem","position":1,"name":"Home","item":"https:\/\/www.vallesturaexperience.it\/en\/homepage\/"},{"@type":"ListItem","position":2,"name":"Privacy &amp; Cookie Policy"}]},{"@type":"WebSite","@id":"https:\/\/www.vallesturaexperience.it\/#website","url":"https:\/\/www.vallesturaexperience.it\/","name":"Valle Stura Experience","description":"il sito ufficiale di Valle Stura Experience","publisher":{"@id":"https:\/\/www.vallesturaexperience.it\/#organization"},"potentialAction":[{"@type":"SearchAction","target":{"@type":"EntryPoint","urlTemplate":"https:\/\/www.vallesturaexperience.it\/?s={search_term_string}"},"query-input":{"@type":"PropertyValueSpecification","valueRequired":true,"valueName":"search_term_string"}}],"inLanguage":"en-US"},{"@type":"Organization","@id":"https:\/\/www.vallesturaexperience.it\/#organization","name":"Valle Stura Experience","url":"https:\/\/www.vallesturaexperience.it\/","logo":{"@type":"ImageObject","inLanguage":"en-US","@id":"https:\/\/www.vallesturaexperience.it\/#\/schema\/logo\/image\/","url":"https:\/\/www.vallesturaexperience.it\/wp-content\/uploads\/logo_valle_stura_experience.png","contentUrl":"https:\/\/www.vallesturaexperience.it\/wp-content\/uploads\/logo_valle_stura_experience.png","width":263,"height":101,"caption":"Valle Stura Experience"},"image":{"@id":"https:\/\/www.vallesturaexperience.it\/#\/schema\/logo\/image\/"},"sameAs":["https:\/\/www.facebook.com\/vallesturaexperience\/","https:\/\/www.instagram.com\/vallesturaexperience\/"]}]}},"_links":{"self":[{"href":"https:\/\/www.vallesturaexperience.it\/en\/wp-json\/wp\/v2\/pages\/5485","targetHints":{"allow":["GET"]}}],"collection":[{"href":"https:\/\/www.vallesturaexperience.it\/en\/wp-json\/wp\/v2\/pages"}],"about":[{"href":"https:\/\/www.vallesturaexperience.it\/en\/wp-json\/wp\/v2\/types\/page"}],"author":[{"embeddable":true,"href":"https:\/\/www.vallesturaexperience.it\/en\/wp-json\/wp\/v2\/users\/3"}],"replies":[{"embeddable":true,"href":"https:\/\/www.vallesturaexperience.it\/en\/wp-json\/wp\/v2\/comments?post=5485"}],"version-history":[{"count":0,"href":"https:\/\/www.vallesturaexperience.it\/en\/wp-json\/wp\/v2\/pages\/5485\/revisions"}],"wp:attachment":[{"href":"https:\/\/www.vallesturaexperience.it\/en\/wp-json\/wp\/v2\/media?parent=5485"}],"curies":[{"name":"wp","href":"https:\/\/api.w.org\/{rel}","templated":true}]}}