{"id":5324,"date":"2021-09-02T17:22:39","date_gmt":"2021-09-02T15:22:39","guid":{"rendered":"https:\/\/www.vallesturaexperience.it\/1747224622712?page_id=5324"},"modified":"2026-02-13T17:02:45","modified_gmt":"2026-02-13T16:02:45","slug":"la-porta-di-valle","status":"publish","type":"page","link":"https:\/\/www.vallesturaexperience.it\/en\/la-porta-di-valle\/","title":{"rendered":"La Porta di Valle"},"content":{"rendered":"\n\n  <div class=\"banner has-hover has-parallax\" id=\"banner-1418921803\">\n          <div class=\"banner-inner fill\">\n        <div class=\"banner-bg fill\" data-parallax=\"-3\" data-parallax-container=\".banner\" data-parallax-background>\n            <img fetchpriority=\"high\" decoding=\"async\" width=\"1920\" height=\"1092\" src=\"https:\/\/www.vallesturaexperience.it\/wp-content\/uploads\/WhatsApp-Image-2025-09-13-at-12.35.20-scaled-e1757759817901.jpeg\" class=\"bg attachment-original size-original\" alt=\"\" \/>                                    \n                    <\/div>\n\t\t\n\t<div class=\"ux-shape-divider ux-shape-divider--bottom ux-shape-divider--style-triangle-invert\">\n\t\t<svg viewBox=\"0 0 1000 100\" xmlns=\"http:\/\/www.w3.org\/2000\/svg\" preserveAspectRatio=\"none\">\n\t<path class=\"ux-shape-fill\" d=\"M500 95.6L0 0V100H1000V0L500 95.6Z\"\/>\n<\/svg>\n\t<\/div>\n        <div class=\"banner-layers container\">\n            <div class=\"fill banner-link\"><\/div>            \n\n   <div id=\"text-box-998731382\" class=\"text-box banner-layer x50 md-x50 lg-x50 y50 md-y50 lg-y50 res-text\">\n                     <div data-animate=\"fadeInLeft\">           <div class=\"text-box-content text dark\">\n              \n              <div class=\"text-inner text-center\">\n                  \n\n<h1 class=\"uppercase\" style=\"padding-top:25px;\"><strong>LA PORTA DI VALLE<\/strong><\/h1>\n<h5 style=\"padding-bottom:25px;font-weight:normal;\">Non un semplice ufficio di accoglienza turistica<\/h5>\n\n              <\/div>\n           <\/div>\n       <\/div>                     \n<style>\n#text-box-998731382 .text-box-content {\n  background-color: rgba(0, 0, 0, 0.5);\n  border-radius: 35px;\n  font-size: 100%;\n}\n#text-box-998731382 {\n  width: 80%;\n}\n@media (min-width:550px) {\n  #text-box-998731382 {\n    width: 90%;\n  }\n}\n<\/style>\n    <\/div>\n \n\n        <\/div>\n      <\/div>\n\n            \n<style>\n#banner-1418921803 {\n  padding-top: 540px;\n}\n#banner-1418921803 .overlay {\n  background-color: rgba(0, 0, 0, 0.3);\n}\n#banner-1418921803 .banner-bg img {\n  object-position: 51% 21%;\n}\n#banner-1418921803 .ux-shape-divider--bottom svg {\n  height: 50px;\n  --divider-width: 100%;\n}\n<\/style>\n  <\/div>\n\n\n<div class=\"row row-collapse\"  id=\"row-1713624623\">\n\n\n\t<div id=\"col-1453843467\" class=\"col small-12 large-12\"  >\n\t\t\t\t<div class=\"col-inner\"  >\n\t\t\t\n\t\t\t\n\n<p>La\u00a0<strong>Porta di Valle<\/strong>\u00a0\u00e8 un ufficio di accoglienza turistica dove non si trovano solo informazioni, ma anche i prodotti e i servizi necessari per scoprire al meglio la<strong>\u00a0Valle Stura<\/strong>.<\/p>\n<p>\u00c8\u00a0uno dei sette punti accoglienza previsti dal progetto<em><strong>\u00a0Interreg Alcotra Terres Monviso<\/strong><\/em>, coinvolgendo le\u00a0<a href=\"https:\/\/visit.terresmonviso.eu\/\" target=\"_blank\" rel=\"noopener\">Terre del Monviso<\/a>\u00a0(Valle Grana, Valle Stura, Valle Maira, Valle Varaita, Valle Po e Infernotto, Pianura Saluzzese) oltre ai partner francesi dell\u2019Ubaye Serre-Pon\u00e7on, di Serre-Pon\u00e7on, del Guillestrois e Queyras.<\/p>\n<p>Chiara, Paola e Simona, le nostre operatrici turistiche, ti accompagneranno nella scelta delle esperienze e ti forniranno tutto il materiale e i consigli necessari per vivere un soggiorno secondo le tue aspettative ed esigenze.<\/p>\n<p>Qui potrai trovare:<\/p>\n<ul>\n<li>Un punto di informazione turistica con il materiale divulgativo della Valle Stura e di tutta la provincia di Cuneo;<\/li>\n<li>Prodotti di <em>artigianato locale<\/em>;<\/li>\n<li>Una libreria specializzata sul mondo <em>outdoor<\/em>,\u00a0<em>cartografia<\/em>,\u00a0<em>viaggi<\/em>, libri locali, cartine\u00a0<em>escursionistiche<\/em>;<\/li>\n<li>Punto vendita di <em>gadget<\/em>;<\/li>\n<li>Una sala per <em>conferenze<\/em>, incontri, attivit\u00e0\u00a0<em>didattiche<\/em>, degustazioni ed eventi;<\/li>\n<li>Vendita di <em>prodotti locali<\/em>;<\/li>\n<li>Un punto ristoro\/bar dove gustare tutte le eccellenze della valle;<\/li>\n<li>Visite, <em>trekking<\/em>\u00a0e\u00a0<em>mtb<\/em>\u00a0tours.<\/li>\n<\/ul>\n<p>La Porta di Valle, sita a Demonte, in frazione Rialpo, \u00e8 pronta ad accogliervi in valle ed accompagnarvi durante il vostro soggiorno.<\/p>\n\t<div id=\"text-2373589778\" class=\"text\">\n\t\t\n\n<h5 class=\"uppercase\">orari:<\/h5>\n\t\t\n<style>\n#text-2373589778 {\n  font-size: 1.3rem;\n  color: #7a9c59;\n}\n#text-2373589778 > * {\n  color: #7a9c59;\n}\n<\/style>\n\t<\/div>\n\t\n<p><strong>dal 16 settembre al 15 giugno <\/strong><i>(escluso periodo natalizio, da considerare alta stagione)<\/i><\/p>\n<p>Venerd\u00ec: 14.00 \u2013 18.00 | Sabato e domenica: 10.00 &#8211; 18.00 con orario continuato<\/p>\n<p><strong>dal 16 giugno al 15 settembre\u00a0<\/strong><i>(incluso il periodo natalizio)<\/i><\/p>\n<p>da Mercoled\u00ec a Domenica: 10.00 &#8211; 18.00 con orario continuato<\/p>\n<div class=\"text-center\"><div class=\"is-divider divider clearfix\" style=\"max-width:80px;background-color:rgb(2, 2, 2);\"><\/div><\/div>\n\n\n\t\t<\/div>\n\t\t\t\t\t<\/div>\n\n\t\n\n\n<style>\n#row-1713624623 > .col > .col-inner {\n  padding: 30px 0px 30px 0px;\n}\n<\/style>\n<\/div>\n<div class=\"row row-collapse\"  id=\"row-988561673\">\n\n\n\t<div id=\"col-680662194\" class=\"col medium-4 small-12 large-4\"  >\n\t\t\t\t<div class=\"col-inner\"  >\n\t\t\t\n\t\t\t\n\n\t<div class=\"img has-hover x md-x lg-x y md-y lg-y\" id=\"image_913264404\">\n\t\t<a class=\"\" href=\"https:\/\/www.vallesturaexperience.it\/la-valle-stura-2\/scopri-tutte-le-attivita\/\" target=\"_blank\" rel=\"noopener\" >\t\t\t\t\t\t<div class=\"img-inner dark\" style=\"margin:0px 0px 0px 0px;\">\n\t\t\t<img decoding=\"async\" width=\"1414\" height=\"2000\" src=\"https:\/\/www.vallesturaexperience.it\/wp-content\/uploads\/Copertina.png\" class=\"attachment-original size-original\" alt=\"\" srcset=\"https:\/\/www.vallesturaexperience.it\/wp-content\/uploads\/Copertina.png 1414w, https:\/\/www.vallesturaexperience.it\/wp-content\/uploads\/Copertina-510x721.png 510w, https:\/\/www.vallesturaexperience.it\/wp-content\/uploads\/Copertina-212x300.png 212w, https:\/\/www.vallesturaexperience.it\/wp-content\/uploads\/Copertina-724x1024.png 724w, https:\/\/www.vallesturaexperience.it\/wp-content\/uploads\/Copertina-768x1086.png 768w, https:\/\/www.vallesturaexperience.it\/wp-content\/uploads\/Copertina-1086x1536.png 1086w\" sizes=\"(max-width: 1414px) 100vw, 1414px\" \/>\t\t\t\t\t\t\n\t\t\t\t\t<\/div>\n\t\t\t\t\t\t<\/a>\t\t\n<style>\n#image_913264404 {\n  width: 68%;\n}\n<\/style>\n\t<\/div>\n\t\n\n\n\t\t<\/div>\n\t\t\t\t\t<\/div>\n\n\t\n\n\t<div id=\"col-573888364\" class=\"col medium-6 small-12 large-6\"  >\n\t\t\t\t<div class=\"col-inner text-center\"  >\n\t\t\t\n\t\t\t\n\n\t<div id=\"text-3940460441\" class=\"text\">\n\t\t\n\n<h5 class=\"uppercase\">UN UNICO STRUMENTO PER VIVERE LA VALLE: IL LIBRETTO PRATICO<\/h5>\n\t\t\n<style>\n#text-3940460441 {\n  font-size: 1.3rem;\n  color: #7a9c59;\n}\n#text-3940460441 > * {\n  color: #7a9c59;\n}\n<\/style>\n\t<\/div>\n\t\n<p data-start=\"595\" data-end=\"895\">Uno strumento pratico e sempre aggiornato, che raccoglie i contatti e i riferimenti di <strong data-start=\"682\" data-end=\"716\">tutte le strutture della Valle<\/strong>, suddivise tra alta, media e bassa valle.<br data-start=\"758\" data-end=\"761\" \/>Il libretto \u00e8 pensato per turisti e residenti: una guida completa per orientarsi tra servizi, attivit\u00e0 e opportunit\u00e0 del territorio.<\/p>\n<p data-start=\"897\" data-end=\"994\">Hai un\u2019attivit\u00e0 nuova o gi\u00e0 avviata e vuoi comparire nel libretto? <strong data-start=\"967\" data-end=\"992\">Scrivici e partecipa!<\/strong><\/p>\n<a href=\"https:\/\/www.vallesturaexperience.it\/la-valle-stura-2\/scopri-tutte-le-attivita\/\" class=\"button primary\"  style=\"border-radius:99px;\">\n\t\t<span>SCARICALA QUI!<\/span>\n\t<\/a>\n\n\n\n\t\t<\/div>\n\t\t\t\t\t<\/div>\n\n\t\n\n\n<style>\n#row-988561673 > .col > .col-inner {\n  padding: 30px 0px 30px 0px;\n}\n<\/style>\n<\/div>\n<div class=\"text-center\"><div class=\"is-divider divider clearfix\" style=\"max-width:80px;background-color:rgb(0, 0, 0);\"><\/div><\/div>\n\n<div class=\"row row-collapse\"  id=\"row-1907861525\">\n\n\n\t<div id=\"col-1375152183\" class=\"col small-12 large-12\"  >\n\t\t\t\t<div class=\"col-inner text-center\"  >\n\t\t\t\n\t\t\t\n\n\t<div id=\"text-912714941\" class=\"text\">\n\t\t\n\n<h5 class=\"uppercase\">EVENTI IN VALLE STURA<\/h5>\n\t\t\n<style>\n#text-912714941 {\n  font-size: 1.3rem;\n  color: #7a9c59;\n}\n#text-912714941 > * {\n  color: #7a9c59;\n}\n<\/style>\n\t<\/div>\n\t\n\t<div id=\"text-83280591\" class=\"text\">\n\t\t\n\n<p>La Valle Stura \u00e8 viva tutto l\u2019anno, con appuntamenti che uniscono tradizione, cultura, sport e sapori autentici.<br data-start=\"543\" data-end=\"546\" \/>Grazie all\u2019agenda online curata dall\u2019Unione Montana, puoi restare sempre aggiornato su feste, escursioni guidate, degustazioni e tante altre iniziative.<\/p>\n\t\t\n<style>\n#text-83280591 {\n  text-align: left;\n}\n<\/style>\n\t<\/div>\n\t\n<a href=\"https:\/\/www.visitstura.it\/agenda\/\" class=\"button primary\"  style=\"border-radius:99px;\">\n\t\t<span>SCOPRI L'AGENDA ONLINE DEGLI EVENTI<\/span>\n\t<\/a>\n\n\n<div class=\"text-center\"><div class=\"is-divider divider clearfix\" style=\"max-width:80px;background-color:rgb(0, 0, 0);\"><\/div><\/div>\n\n\t<div id=\"text-681236656\" class=\"text\">\n\t\t\n\n<h5 class=\"uppercase\">\u00a0meteo e Webcam<\/h5>\n\t\t\n<style>\n#text-681236656 {\n  font-size: 1.3rem;\n  color: #7a9c59;\n}\n#text-681236656 > * {\n  color: #7a9c59;\n}\n<\/style>\n\t<\/div>\n\t\n\t<div id=\"text-3165449869\" class=\"text\">\n\t\t\n\n<p>Prima di partire, controlla sempre le condizioni in tempo reale: meteo e webcam attive ti aiutano a programmare al meglio escursioni, attivit\u00e0 e spostamenti in Valle Stura.<\/p>\n\t\t\n<style>\n#text-3165449869 {\n  text-align: left;\n}\n<\/style>\n\t<\/div>\n\t\n<a href=\"https:\/\/www.visitstura.it\/meteo\/\" class=\"button primary\"  style=\"border-radius:99px;\">\n\t\t<span>CONSULTA IL METEO E GUARDA LE WEBCAM LIVE<\/span>\n\t<\/a>\n\n\n<div class=\"text-center\"><div class=\"is-divider divider clearfix\" style=\"max-width:80px;background-color:rgb(0, 0, 0);\"><\/div><\/div>\n\n\t<div id=\"text-1305135965\" class=\"text\">\n\t\t\n\n<h5 class=\"uppercase\">Mangiarti, i percorsi del gusto e delle tradizioni<\/h5>\n\t\t\n<style>\n#text-1305135965 {\n  font-size: 1.3rem;\n  color: #7a9c59;\n}\n#text-1305135965 > * {\n  color: #7a9c59;\n}\n<\/style>\n\t<\/div>\n\t\n\t<div id=\"text-3803536539\" class=\"text\">\n\t\t\n\n<p>Grazie al sostegno della Regione Piemonte e della Camera di Commercio, al patrocinio di Visit Piemonte e dell\u2019Atl del Cuneese e con la collaborazione delle Associazioni di Categoria, Confcommercio, Coldiretti e Confartigianato, <strong>Conitours*<\/strong> ha dato vita al progetto \u201c<em>MANGIARTI \u2013 I Percorsi del Gusto e delle Tradizioni<\/em>\u201d.<\/p>\n<p>Scopri di pi\u00f9 sui\u00a0<strong>percorsi enogastronomici<\/strong>\u00a0in Valle Stura! In quest\u2019area puoi trovare\u00a0<em>Agroalimentare<\/em>,\u00a0<em>Artigianato tipico<\/em>,\u00a0<em>Botteghe tipiche<\/em>,\u00a0<em>Ospitalit\u00e0<\/em>\u00a0e\u00a0<em>Ristorazione.<\/em><\/p>\n<p><em>*Conitours \u00e8 il Consorzio Turistico della provincia di Cuneo che raggruppa le imprese del mondo del turismo, riconosciuto dalla Regione Piemonte, coordina programmi e progetti di promozione per la valorizzazione del territorio e delle attivit\u00e0 degli Operatori Turistici aderenti.<\/em><\/p>\n\t\t\n<style>\n#text-3803536539 {\n  text-align: left;\n}\n<\/style>\n\t<\/div>\n\t\n<a href=\"https:\/\/www.mangiarti.it\/it\/area?itemId=46004138-394e-4ac0-93f3-08da2706689b\" class=\"button primary\"  style=\"border-radius:99px;\">\n\t\t<span>CLICCA QUI PER SCOPRIRE I PERCORSI ENOGASTRONOMICI<\/span>\n\t<\/a>\n\n\n<div class=\"text-center\"><div class=\"is-divider divider clearfix\" style=\"max-width:80px;background-color:rgb(0, 0, 0);\"><\/div><\/div>\n\n\t<div id=\"text-1681714551\" class=\"text\">\n\t\t\n\n<h5 class=\"uppercase\">IL TUO PARERE CONTA!<\/h5>\n\t\t\n<style>\n#text-1681714551 {\n  font-size: 1.3rem;\n  text-align: center;\n  color: #7a9c59;\n}\n#text-1681714551 > * {\n  color: #7a9c59;\n}\n<\/style>\n\t<\/div>\n\t\n\t<div id=\"text-1599695879\" class=\"text\">\n\t\t\n\n<p>La tua opinione \u00e8 importante per noi! Compilando questo breve questionario ci aiuti a capire cosa funziona, cosa migliorare e come rendere la tua esperienza in Valle Stura sempre pi\u00f9 autentica e piacevole.<\/p>\n\t\t\n<style>\n#text-1599695879 {\n  text-align: center;\n}\n<\/style>\n\t<\/div>\n\t\n<a href=\"https:\/\/docs.google.com\/forms\/d\/1lilpbaSSB2UmpZpE4cpO2oCwE6_8l6prf8R7D_jT4H8\/viewform?edit_requested=true\" class=\"button primary\"  style=\"border-radius:99px;\">\n\t\t<span>ITALIANO<\/span>\n\t<\/a>\n\n\n<a href=\"https:\/\/docs.google.com\/forms\/d\/1L6JRmYaR5dd-FxciIcO0UQw0t2rECxWtoG9TjVStHIo\/viewform?edit_requested=true\" class=\"button primary\"  style=\"border-radius:99px;\">\n\t\t<span>INGLESE<\/span>\n\t<\/a>\n\n\n<a href=\"https:\/\/docs.google.com\/forms\/d\/1eQAx7GUGpCB5lgifylYF406DYrCuuMC97yAJ7fnFzZk\/viewform?edit_requested=true\" class=\"button primary\"  style=\"border-radius:99px;\">\n\t\t<span>FRANCESE<\/span>\n\t<\/a>\n\n\n<div class=\"text-center\"><div class=\"is-divider divider clearfix\" style=\"max-width:80px;background-color:rgb(0, 0, 0);\"><\/div><\/div>\n\n\t<div id=\"text-3062664066\" class=\"text\">\n\t\t\n\n<h5 class=\"uppercase\">CONTATTI<\/h5>\n\t\t\n<style>\n#text-3062664066 {\n  font-size: 1.3rem;\n  text-align: center;\n  color: #7a9c59;\n}\n#text-3062664066 > * {\n  color: #7a9c59;\n}\n<\/style>\n\t<\/div>\n\t\n\t<div id=\"text-351182641\" class=\"text\">\n\t\t\n\n<p><span aria-label=\"Chiama il numero di telefono 328 203 2182\">Tel. o Whatsapp:\u00a0<strong><a href=\"https:\/\/wa.me\/message\/5HGVT72MCMNQJ1\" target=\"_blank\" rel=\"noopener\">+39 3282032182<\/a><br \/><\/strong><\/span><strong><a href=\"mailto:portadivalle@vallesturaexperience.it\" target=\"_blank\" rel=\"noopener\">portadivalle@vallesturaexperience.it<\/a><\/strong><\/p>\n\t\t\n<style>\n#text-351182641 {\n  text-align: center;\n}\n<\/style>\n\t<\/div>\n\t\n<div class=\"text-center\"><div class=\"is-divider divider clearfix\" style=\"max-width:80px;background-color:rgb(0, 0, 0);\"><\/div><\/div>\n\n\n\t\t<\/div>\n\t\t\t\t\t<\/div>\n\n\t\n\n\n<style>\n#row-1907861525 > .col > .col-inner {\n  padding: 30px 0px 30px 0px;\n}\n<\/style>\n<\/div>\n\n  \n    <div class=\"row large-columns-2 medium-columns- small-columns- row-small slider row-slider slider-nav-circle\"  data-flickity-options='{&quot;imagesLoaded&quot;: true, &quot;groupCells&quot;: &quot;100%&quot;, &quot;dragThreshold&quot; : 5, &quot;cellAlign&quot;: &quot;left&quot;,&quot;wrapAround&quot;: true,&quot;prevNextButtons&quot;: true,&quot;percentPosition&quot;: true,&quot;pageDots&quot;: false, &quot;rightToLeft&quot;: false, &quot;autoPlay&quot; : false}' >\n\n  <div class=\"gallery-col col\" data-animate=\"fadeInUp\">\n          <div class=\"col-inner\">\n            <a class=\"image-lightbox lightbox-gallery\" href=\"https:\/\/www.vallesturaexperience.it\/wp-content\/uploads\/WhatsApp-Image-2022-07-02-at-11.37.22-1024x768.jpeg\" title=\"\">            <div class=\"box has-hover gallery-box box-overlay dark\">\n              <div class=\"box-image image-overlay-add image-cover\" style=\"padding-top:56.25%;\">\n                <img decoding=\"async\" width=\"1900\" height=\"1425\" src=\"https:\/\/www.vallesturaexperience.it\/wp-content\/uploads\/WhatsApp-Image-2022-07-02-at-11.37.22.jpeg\" class=\"attachment-original size-original\" alt=\"\" ids=\"1337,569,652,653,655\" type=\"slider\" col_spacing=\"small\" columns=\"2\" animate=\"fadeInUp\" slider_nav_style=\"circle\" image_height=\"56.25%\" image_size=\"original\" image_overlay=\"rgba(0, 0, 0, 0.5)\" image_hover=\"overlay-add\" srcset=\"https:\/\/www.vallesturaexperience.it\/wp-content\/uploads\/WhatsApp-Image-2022-07-02-at-11.37.22.jpeg 1900w, https:\/\/www.vallesturaexperience.it\/wp-content\/uploads\/WhatsApp-Image-2022-07-02-at-11.37.22-510x383.jpeg 510w, https:\/\/www.vallesturaexperience.it\/wp-content\/uploads\/WhatsApp-Image-2022-07-02-at-11.37.22-300x225.jpeg 300w, https:\/\/www.vallesturaexperience.it\/wp-content\/uploads\/WhatsApp-Image-2022-07-02-at-11.37.22-768x576.jpeg 768w, https:\/\/www.vallesturaexperience.it\/wp-content\/uploads\/WhatsApp-Image-2022-07-02-at-11.37.22-1024x768.jpeg 1024w, https:\/\/www.vallesturaexperience.it\/wp-content\/uploads\/WhatsApp-Image-2022-07-02-at-11.37.22-1600x1200.jpeg 1600w\" sizes=\"(max-width: 1900px) 100vw, 1900px\" \/>                                  <div class=\"overlay fill\"\n                      style=\"background-color: rgba(0, 0, 0, 0.5)\">\n                  <\/div>\n                                                              <\/div>\n              <div class=\"box-text text-left\" >\n                 <p><\/p>\n              <\/div>\n            <\/div>\n            <\/a>          <\/div>\n         <\/div><div class=\"gallery-col col\" data-animate=\"fadeInUp\">\n          <div class=\"col-inner\">\n            <a class=\"image-lightbox lightbox-gallery\" href=\"https:\/\/www.vallesturaexperience.it\/wp-content\/uploads\/p1390964_optimized-1-1024x768.jpg\" title=\"\">            <div class=\"box has-hover gallery-box box-overlay dark\">\n              <div class=\"box-image image-overlay-add image-cover\" style=\"padding-top:56.25%;\">\n                <img loading=\"lazy\" decoding=\"async\" width=\"1920\" height=\"1440\" src=\"https:\/\/www.vallesturaexperience.it\/wp-content\/uploads\/p1390964_optimized-1.jpg\" class=\"attachment-original size-original\" alt=\"\" ids=\"1337,569,652,653,655\" type=\"slider\" col_spacing=\"small\" columns=\"2\" animate=\"fadeInUp\" slider_nav_style=\"circle\" image_height=\"56.25%\" image_size=\"original\" image_overlay=\"rgba(0, 0, 0, 0.5)\" image_hover=\"overlay-add\" srcset=\"https:\/\/www.vallesturaexperience.it\/wp-content\/uploads\/p1390964_optimized-1.jpg 1920w, https:\/\/www.vallesturaexperience.it\/wp-content\/uploads\/p1390964_optimized-1-510x383.jpg 510w, https:\/\/www.vallesturaexperience.it\/wp-content\/uploads\/p1390964_optimized-1-300x225.jpg 300w, https:\/\/www.vallesturaexperience.it\/wp-content\/uploads\/p1390964_optimized-1-768x576.jpg 768w, https:\/\/www.vallesturaexperience.it\/wp-content\/uploads\/p1390964_optimized-1-1024x768.jpg 1024w, https:\/\/www.vallesturaexperience.it\/wp-content\/uploads\/p1390964_optimized-1-1600x1200.jpg 1600w\" sizes=\"(max-width: 1920px) 100vw, 1920px\" \/>                                  <div class=\"overlay fill\"\n                      style=\"background-color: rgba(0, 0, 0, 0.5)\">\n                  <\/div>\n                                                              <\/div>\n              <div class=\"box-text text-left\" >\n                 <p><\/p>\n              <\/div>\n            <\/div>\n            <\/a>          <\/div>\n         <\/div><div class=\"gallery-col col\" data-animate=\"fadeInUp\">\n          <div class=\"col-inner\">\n            <a class=\"image-lightbox lightbox-gallery\" href=\"https:\/\/www.vallesturaexperience.it\/wp-content\/uploads\/P1390837-compressed-1024x768.jpg\" title=\"\">            <div class=\"box has-hover gallery-box box-overlay dark\">\n              <div class=\"box-image image-overlay-add image-cover\" style=\"padding-top:56.25%;\">\n                <img loading=\"lazy\" decoding=\"async\" width=\"1920\" height=\"1440\" src=\"https:\/\/www.vallesturaexperience.it\/wp-content\/uploads\/P1390837-compressed.jpg\" class=\"attachment-original size-original\" alt=\"\" ids=\"1337,569,652,653,655\" type=\"slider\" col_spacing=\"small\" columns=\"2\" animate=\"fadeInUp\" slider_nav_style=\"circle\" image_height=\"56.25%\" image_size=\"original\" image_overlay=\"rgba(0, 0, 0, 0.5)\" image_hover=\"overlay-add\" srcset=\"https:\/\/www.vallesturaexperience.it\/wp-content\/uploads\/P1390837-compressed.jpg 1920w, https:\/\/www.vallesturaexperience.it\/wp-content\/uploads\/P1390837-compressed-510x383.jpg 510w, https:\/\/www.vallesturaexperience.it\/wp-content\/uploads\/P1390837-compressed-300x225.jpg 300w, https:\/\/www.vallesturaexperience.it\/wp-content\/uploads\/P1390837-compressed-768x576.jpg 768w, https:\/\/www.vallesturaexperience.it\/wp-content\/uploads\/P1390837-compressed-1024x768.jpg 1024w, https:\/\/www.vallesturaexperience.it\/wp-content\/uploads\/P1390837-compressed-1600x1200.jpg 1600w\" sizes=\"(max-width: 1920px) 100vw, 1920px\" \/>                                  <div class=\"overlay fill\"\n                      style=\"background-color: rgba(0, 0, 0, 0.5)\">\n                  <\/div>\n                                                              <\/div>\n              <div class=\"box-text text-left\" >\n                 <p><\/p>\n              <\/div>\n            <\/div>\n            <\/a>          <\/div>\n         <\/div><div class=\"gallery-col col\" data-animate=\"fadeInUp\">\n          <div class=\"col-inner\">\n            <a class=\"image-lightbox lightbox-gallery\" href=\"https:\/\/www.vallesturaexperience.it\/wp-content\/uploads\/P1390848-compressed-1024x768.jpg\" title=\"\">            <div class=\"box has-hover gallery-box box-overlay dark\">\n              <div class=\"box-image image-overlay-add image-cover\" style=\"padding-top:56.25%;\">\n                <img loading=\"lazy\" decoding=\"async\" width=\"1920\" height=\"1440\" src=\"https:\/\/www.vallesturaexperience.it\/wp-content\/uploads\/P1390848-compressed.jpg\" class=\"attachment-original size-original\" alt=\"\" ids=\"1337,569,652,653,655\" type=\"slider\" col_spacing=\"small\" columns=\"2\" animate=\"fadeInUp\" slider_nav_style=\"circle\" image_height=\"56.25%\" image_size=\"original\" image_overlay=\"rgba(0, 0, 0, 0.5)\" image_hover=\"overlay-add\" srcset=\"https:\/\/www.vallesturaexperience.it\/wp-content\/uploads\/P1390848-compressed.jpg 1920w, https:\/\/www.vallesturaexperience.it\/wp-content\/uploads\/P1390848-compressed-510x383.jpg 510w, https:\/\/www.vallesturaexperience.it\/wp-content\/uploads\/P1390848-compressed-300x225.jpg 300w, https:\/\/www.vallesturaexperience.it\/wp-content\/uploads\/P1390848-compressed-768x576.jpg 768w, https:\/\/www.vallesturaexperience.it\/wp-content\/uploads\/P1390848-compressed-1024x768.jpg 1024w, https:\/\/www.vallesturaexperience.it\/wp-content\/uploads\/P1390848-compressed-1600x1200.jpg 1600w\" sizes=\"(max-width: 1920px) 100vw, 1920px\" \/>                                  <div class=\"overlay fill\"\n                      style=\"background-color: rgba(0, 0, 0, 0.5)\">\n                  <\/div>\n                                                              <\/div>\n              <div class=\"box-text text-left\" >\n                 <p><\/p>\n              <\/div>\n            <\/div>\n            <\/a>          <\/div>\n         <\/div><div class=\"gallery-col col\" data-animate=\"fadeInUp\">\n          <div class=\"col-inner\">\n            <a class=\"image-lightbox lightbox-gallery\" href=\"https:\/\/www.vallesturaexperience.it\/wp-content\/uploads\/P1390880-1-compressed-1024x768.jpg\" title=\"\">            <div class=\"box has-hover gallery-box box-overlay dark\">\n              <div class=\"box-image image-overlay-add image-cover\" style=\"padding-top:56.25%;\">\n                <img loading=\"lazy\" decoding=\"async\" width=\"1920\" height=\"1440\" src=\"https:\/\/www.vallesturaexperience.it\/wp-content\/uploads\/P1390880-1-compressed.jpg\" class=\"attachment-original size-original\" alt=\"\" ids=\"1337,569,652,653,655\" type=\"slider\" col_spacing=\"small\" columns=\"2\" animate=\"fadeInUp\" slider_nav_style=\"circle\" image_height=\"56.25%\" image_size=\"original\" image_overlay=\"rgba(0, 0, 0, 0.5)\" image_hover=\"overlay-add\" srcset=\"https:\/\/www.vallesturaexperience.it\/wp-content\/uploads\/P1390880-1-compressed.jpg 1920w, https:\/\/www.vallesturaexperience.it\/wp-content\/uploads\/P1390880-1-compressed-510x383.jpg 510w, https:\/\/www.vallesturaexperience.it\/wp-content\/uploads\/P1390880-1-compressed-300x225.jpg 300w, https:\/\/www.vallesturaexperience.it\/wp-content\/uploads\/P1390880-1-compressed-768x576.jpg 768w, https:\/\/www.vallesturaexperience.it\/wp-content\/uploads\/P1390880-1-compressed-1024x768.jpg 1024w, https:\/\/www.vallesturaexperience.it\/wp-content\/uploads\/P1390880-1-compressed-1600x1200.jpg 1600w\" sizes=\"(max-width: 1920px) 100vw, 1920px\" \/>                                  <div class=\"overlay fill\"\n                      style=\"background-color: rgba(0, 0, 0, 0.5)\">\n                  <\/div>\n                                                              <\/div>\n              <div class=\"box-text text-left\" >\n                 <p><\/p>\n              <\/div>\n            <\/div>\n            <\/a>          <\/div>\n         <\/div><\/div>\n\n\t<div id=\"gap-895720128\" class=\"gap-element clearfix\" style=\"display:block; height:auto;\">\n\t\t\n<style>\n#gap-895720128 {\n  padding-top: 150px;\n}\n<\/style>\n\t<\/div>\n\t\n\n\n","protected":false},"excerpt":{"rendered":"","protected":false},"author":1,"featured_media":0,"parent":0,"menu_order":14,"comment_status":"closed","ping_status":"closed","template":"page-blank.php","meta":{"_acf_changed":false,"footnotes":""},"class_list":["post-5324","page","type-page","status-publish","hentry"],"acf":[],"_links":{"self":[{"href":"https:\/\/www.vallesturaexperience.it\/en\/wp-json\/wp\/v2\/pages\/5324","targetHints":{"allow":["GET"]}}],"collection":[{"href":"https:\/\/www.vallesturaexperience.it\/en\/wp-json\/wp\/v2\/pages"}],"about":[{"href":"https:\/\/www.vallesturaexperience.it\/en\/wp-json\/wp\/v2\/types\/page"}],"author":[{"embeddable":true,"href":"https:\/\/www.vallesturaexperience.it\/en\/wp-json\/wp\/v2\/users\/1"}],"replies":[{"embeddable":true,"href":"https:\/\/www.vallesturaexperience.it\/en\/wp-json\/wp\/v2\/comments?post=5324"}],"version-history":[{"count":0,"href":"https:\/\/www.vallesturaexperience.it\/en\/wp-json\/wp\/v2\/pages\/5324\/revisions"}],"wp:attachment":[{"href":"https:\/\/www.vallesturaexperience.it\/en\/wp-json\/wp\/v2\/media?parent=5324"}],"curies":[{"name":"wp","href":"https:\/\/api.w.org\/{rel}","templated":true}]}}