{"id":6229,"date":"2018-07-05T15:37:55","date_gmt":"2018-07-05T13:37:55","guid":{"rendered":"https:\/\/www.vallesturaexperience.it\/incontriamoci\/"},"modified":"2026-01-30T16:03:16","modified_gmt":"2026-01-30T15:03:16","slug":"incontriamoci","status":"publish","type":"page","link":"https:\/\/www.vallesturaexperience.it\/de\/incontriamoci\/","title":{"rendered":"incontriAMOci"},"content":{"rendered":"\n\n  <div class=\"banner has-hover has-parallax\" id=\"banner-2112482913\">\n          <div class=\"banner-inner fill\">\n        <div class=\"banner-bg fill\" data-parallax=\"-3\" data-parallax-container=\".banner\" data-parallax-background>\n            <img fetchpriority=\"high\" decoding=\"async\" width=\"1801\" height=\"1200\" src=\"https:\/\/www.vallesturaexperience.it\/wp-content\/uploads\/Paesi-ValleStura-9-1.jpg\" class=\"bg attachment-original size-original\" alt=\"\" \/>                                    \n                    <\/div>\n\t\t\n\t<div class=\"ux-shape-divider ux-shape-divider--bottom ux-shape-divider--style-triangle-invert\">\n\t\t<svg viewBox=\"0 0 1000 100\" xmlns=\"http:\/\/www.w3.org\/2000\/svg\" preserveAspectRatio=\"none\">\n\t<path class=\"ux-shape-fill\" d=\"M500 95.6L0 0V100H1000V0L500 95.6Z\"\/>\n<\/svg>\n\t<\/div>\n        <div class=\"banner-layers container\">\n            <div class=\"fill banner-link\"><\/div>            \n\n   <div id=\"text-box-674831701\" class=\"text-box banner-layer x50 md-x50 lg-x50 y50 md-y50 lg-y50 res-text\">\n              <div data-parallax=\"4\" data-parallax-fade=\"true\">       <div data-animate=\"fadeInLeft\">           <div class=\"text-box-content text dark\">\n              \n              <div class=\"text-inner text-center\">\n                  \n\n<h1 class=\"uppercase\" style=\"padding-top: 25px;\"><strong>Treffen wir uns im Stura-Tal<br><\/strong><\/h1>\n<h5 style=\"padding-bottom: 25px; font-weight: normal;\">Natur, Traditionen und Geschichte zum Erleben.<\/h5>\n\n              <\/div>\n           <\/div>\n       <\/div>       <\/div>              \n<style>\n#text-box-674831701 .text-box-content {\n  background-color: rgba(0, 0, 0, 0.5);\n  border-radius: 35px;\n  font-size: 100%;\n}\n#text-box-674831701 {\n  width: 80%;\n}\n@media (min-width:550px) {\n  #text-box-674831701 {\n    width: 90%;\n  }\n}\n<\/style>\n    <\/div>\n \n\n        <\/div>\n      <\/div>\n\n            \n<style>\n#banner-2112482913 {\n  padding-top: 540px;\n}\n#banner-2112482913 .overlay {\n  background-color: rgba(0, 0, 0, 0.3);\n}\n#banner-2112482913 .banner-bg img {\n  object-position: 48% 60%;\n}\n#banner-2112482913 .ux-shape-divider--bottom svg {\n  height: 50px;\n  --divider-width: 100%;\n}\n<\/style>\n  <\/div>\n\n\n<div class=\"row row-collapse\"  id=\"row-1808706265\">\n\n\n\t<div id=\"col-974903260\" class=\"col small-12 large-12\"  >\n\t\t\t\t<div class=\"col-inner text-center\"  >\n\t\t\t\n\t\t\t\n\n<p>Hier sind die <strong>Berge<\/strong> nicht einfach nur Landschaften: Sie sind Reisebegleiter.<br>Hier erz\u00e4hlen die <strong>D\u00f6rfer<\/strong> Geschichten und die Natur l\u00e4dt Sie zur Entschleunigung ein.<br>Das Stura-Tal ist ein Ort, an dem Sie <strong>sich<\/strong> wirklich <strong>treffen<\/strong>: mit der Natur, mit Traditionen, mit sich selbst.<\/p>\n\n\t\t<\/div>\n\t\t\t\t\n<style>\n#col-974903260 > .col-inner {\n  margin: 0px 0px 0px 0px;\n}\n<\/style>\n\t<\/div>\n\n\t\n\n\n<style>\n#row-1808706265 > .col > .col-inner {\n  padding: 30px 0px 30px 0px;\n}\n<\/style>\n<\/div>\n<div class=\"row row-collapse\"  id=\"row-1385011765\">\n\n\n\t<div id=\"col-1008177316\" class=\"col small-12 large-12\"  >\n\t\t\t\t<div class=\"col-inner\"  >\n\t\t\t\n\t\t\t\n\n\t<div id=\"text-4139802061\" class=\"text\">\n\t\t\n\n<h5 class=\"uppercase\" style=\"text-align: left;\">UNSER VALLEY<\/h5>\n\t\t\n<style>\n#text-4139802061 {\n  font-size: 1.3rem;\n  text-align: left;\n  color: #7a9c59;\n}\n#text-4139802061 > * {\n  color: #7a9c59;\n}\n<\/style>\n\t<\/div>\n\t\n<p style=\"text-align: left;\"><span style=\"font-weight: 400;\">Ein breiter Alpenkorridor, der sanft von den wildesten Bergen der Westalpen in die piemontesische Ebene abf\u00e4llt und die Stadt Cuneo umschmeichelt.<\/span><span style=\"font-weight: 400;\"><br><\/span><span style=\"font-weight: 400;\">Eine authentische Umgebung, in der Mensch und Natur im Gleichgewicht koexistieren, inmitten stimmungsvoller Landschaften und einem dichten Netz von Pfaden, Saumpfaden und Stra\u00dfen, die noch immer die Geschichten von Reisenden, Hirten und H\u00e4ndlern erz\u00e4hlen.<\/span><span style=\"font-weight: 400;\"><br><\/span><span style=\"font-weight: 400;\"><br><\/span><span style=\"font-weight: 400;\">Das Stura di Demonte Tal liegt zwischen den <em>Seealpen<\/em> und den <em>Cottischen Alpen<\/em>, zwischen Italien und Frankreich. Sein Tor ist der <em>Park der Fl\u00fcsse Gesso und Stura<\/em>: mehr als viertausend Hektar Wald, Wasser und Artenvielfalt, die die Ebene mit den Bergen verbinden. <\/span><span style=\"font-weight: 400;\"><br><\/span><span style=\"font-weight: 400;\"><br><\/span><span style=\"font-weight: 400;\">Vom Herzen von Cuneo bis zum <strong>Colle della Maddalena<\/strong> bietet das Tal eine au\u00dfergew\u00f6hnliche Vielfalt an Landschaften: ideal f\u00fcr einen Ausflug au\u00dferhalb der Stadt, perfekt f\u00fcr einen l\u00e4ngeren Aufenthalt mit Sport, Natur, Geschichte und authentischen Geschm\u00e4ckern.<\/span><\/p>\n\t<div id=\"text-2999865327\" class=\"text\">\n\t\t\n\n<h5 class=\"uppercase\">Ein Treffen von Erfahrungen, Saison f\u00fcr Saison<\/h5>\n\t\t\n<style>\n#text-2999865327 {\n  font-size: 1.3rem;\n  color: #7a9c59;\n}\n#text-2999865327 > * {\n  color: #7a9c59;\n}\n<\/style>\n\t<\/div>\n\t\n<p>Im Stura-Tal hat jede Jahreszeit ihren eigenen Zauber: die W\u00e4lder, die sich im Herbst bunt f\u00e4rben, die Fr\u00fchlingsblumen, die Seen und Wanderwege im Sommer, der Schnee, der im Winter zu Abenteuern einl\u00e4dt.<br>Hier finden Sie Aktivit\u00e4ten f\u00fcr Experten und f\u00fcr diejenigen, die die Natur ohne Eile genie\u00dfen m\u00f6chten, zwischen Sport, Ausfl\u00fcgen und Momenten der Entspannung.<\/p>\n  <div class=\"banner-grid-wrapper\">\n  <div id=\"banner-grid-1232820596\" class=\"banner-grid row row-grid row-small\" data-packery-options=\"\">\n                      \n\n<div class=\"col grid-col large-6 grid-col-1\" ><div class=\"col-inner\">\n\n\n  <div class=\"banner has-hover\" id=\"banner-601894630\">\n          <div class=\"banner-inner fill\">\n        <div class=\"banner-bg fill\" >\n            <img decoding=\"async\" width=\"1020\" height=\"680\" src=\"https:\/\/www.vallesturaexperience.it\/wp-content\/uploads\/ValleStura-16-18luglio-26.jpg\" class=\"bg attachment-large size-large\" alt=\"\" \/>                        <div class=\"overlay\"><\/div>            \n                    <\/div>\n\t\t\n        <div class=\"banner-layers container\">\n            <div class=\"fill banner-link\"><\/div>            \n\n   <div id=\"text-box-1689830142\" class=\"text-box banner-layer x50 md-x50 lg-x50 y95 md-y95 lg-y95 res-text\">\n                                <div class=\"text-box-content text dark\">\n              \n              <div class=\"text-inner text-center\">\n                  \n\n\t<div id=\"text-1920304593\" class=\"text\">\n\t\t\n\n<h3 class=\"uppercase\"><strong>SOMMER<\/strong><\/h3>\n<p>Wandern zwischen den Alpenseen, Mountainbiking und Rennradfahren, Rafting und Picknicks.<\/p>\n\t\t\n<style>\n#text-1920304593 {\n  font-size: 1.2rem;\n}\n<\/style>\n\t<\/div>\n\t\n\n              <\/div>\n           <\/div>\n                            \n<style>\n#text-box-1689830142 {\n  width: 60%;\n}\n#text-box-1689830142 .text-box-content {\n  font-size: 100%;\n}\n<\/style>\n    <\/div>\n \n\n        <\/div>\n      <\/div>\n\n            \n<style>\n#banner-601894630 {\n  padding-top: 500px;\n}\n#banner-601894630 .overlay {\n  background-color: rgba(0, 0, 0, 0.17);\n}\n<\/style>\n  <\/div>\n\n\n\n<\/div><\/div>\n<div class=\"col grid-col large-3 grid-col-1\" ><div class=\"col-inner\">\n\n\n  <div class=\"banner has-hover\" id=\"banner-576522460\">\n          <div class=\"banner-inner fill\">\n        <div class=\"banner-bg fill\" >\n            <img decoding=\"async\" width=\"1020\" height=\"680\" src=\"https:\/\/www.vallesturaexperience.it\/wp-content\/uploads\/ValleStura-ciclismo-sanna-85-1024x683.png\" class=\"bg attachment-large size-large\" alt=\"\" \/>                        <div class=\"overlay\"><\/div>            \n                    <\/div>\n\t\t\n        <div class=\"banner-layers container\">\n            <div class=\"fill banner-link\"><\/div>            \n\n   <div id=\"text-box-2055076765\" class=\"text-box banner-layer x50 md-x50 lg-x50 y5 md-y5 lg-y5 res-text\">\n                                <div class=\"text-box-content text dark\">\n              \n              <div class=\"text-inner text-center\">\n                  \n\n\t<div id=\"text-1328386485\" class=\"text\">\n\t\t\n\n<h3 class=\"uppercase\"><strong>HERBST<\/strong><\/h3>\n<p>Spazierg\u00e4nge durch farbenfrohe W\u00e4lder, Kastaniensammeln, Verkostungen lokaler Produkte und M\u00e4rkte.<\/p>\n\t\t\n<style>\n#text-1328386485 {\n  font-size: 0.75rem;\n}\n<\/style>\n\t<\/div>\n\t\n\n              <\/div>\n           <\/div>\n                            \n<style>\n#text-box-2055076765 {\n  width: 60%;\n}\n#text-box-2055076765 .text-box-content {\n  font-size: 100%;\n}\n<\/style>\n    <\/div>\n \n\n        <\/div>\n      <\/div>\n\n            \n<style>\n#banner-576522460 {\n  padding-top: 500px;\n}\n#banner-576522460 .overlay {\n  background-color: rgba(0, 0, 0, 0.17);\n}\n<\/style>\n  <\/div>\n\n\n\n<\/div><\/div>\n<div class=\"col grid-col large-3 grid-col-1-2\" ><div class=\"col-inner\">\n\n\n  <div class=\"banner has-hover\" id=\"banner-926585411\">\n          <div class=\"banner-inner fill\">\n        <div class=\"banner-bg fill\" >\n            <img loading=\"lazy\" decoding=\"async\" width=\"1800\" height=\"1200\" src=\"https:\/\/www.vallesturaexperience.it\/wp-content\/uploads\/ValleStura-Winter-110.jpg\" class=\"bg attachment-original size-original\" alt=\"\" \/>                        <div class=\"overlay\"><\/div>            \n                    <\/div>\n\t\t\n        <div class=\"banner-layers container\">\n            <div class=\"fill banner-link\"><\/div>            \n\n   <div id=\"text-box-503463852\" class=\"text-box banner-layer x50 md-x50 lg-x50 y100 md-y100 lg-y100 res-text\">\n                                <div class=\"text-box-content text dark\">\n              \n              <div class=\"text-inner text-center\">\n                  \n\n\t<div id=\"text-2014387710\" class=\"text\">\n\t\t\n\n<h3 class=\"uppercase\"><strong>WINTER<\/strong><\/h3>\n<p>Ski Alpin, Langlauf, Schneeschuhwandern, Schlittenfahren und verschneite Landschaften wie aus dem Bilderbuch.<\/p>\n\t\t\n<style>\n#text-2014387710 {\n  font-size: 0.75rem;\n}\n<\/style>\n\t<\/div>\n\t\n\n              <\/div>\n           <\/div>\n                            \n<style>\n#text-box-503463852 {\n  width: 60%;\n}\n#text-box-503463852 .text-box-content {\n  font-size: 100%;\n}\n<\/style>\n    <\/div>\n \n\n        <\/div>\n      <\/div>\n\n            \n<style>\n#banner-926585411 {\n  padding-top: 500px;\n}\n#banner-926585411 .overlay {\n  background-color: rgba(0, 0, 0, 0.17);\n}\n<\/style>\n  <\/div>\n\n\n\n<\/div><\/div>\n<div class=\"col grid-col large-3 grid-col-1-2\" ><div class=\"col-inner\">\n\n\n  <div class=\"banner has-hover\" id=\"banner-1333205185\">\n          <div class=\"banner-inner fill\">\n        <div class=\"banner-bg fill\" >\n            <img loading=\"lazy\" decoding=\"async\" width=\"1020\" height=\"680\" src=\"https:\/\/www.vallesturaexperience.it\/wp-content\/uploads\/ValleStura-16-18luglio-145-1024x683.jpg\" class=\"bg attachment-large size-large\" alt=\"\" \/>                        <div class=\"overlay\"><\/div>            \n                    <\/div>\n\t\t\n        <div class=\"banner-layers container\">\n            <div class=\"fill banner-link\"><\/div>            \n\n   <div id=\"text-box-579058254\" class=\"text-box banner-layer x50 md-x50 lg-x50 y5 md-y5 lg-y5 res-text\">\n                                <div class=\"text-box-content text dark\">\n              \n              <div class=\"text-inner text-center\">\n                  \n\n\t<div id=\"text-438296092\" class=\"text\">\n\t\t\n\n<h3 class=\"uppercase\"><strong>FR\u00dcHLING<\/strong><\/h3>\n<p>Rafting, Trekking im unteren Tal und Mountainbiking.<\/p>\n\t\t\n<style>\n#text-438296092 {\n  font-size: 0.75rem;\n}\n<\/style>\n\t<\/div>\n\t\n\n              <\/div>\n           <\/div>\n                            \n<style>\n#text-box-579058254 {\n  width: 60%;\n}\n#text-box-579058254 .text-box-content {\n  font-size: 100%;\n}\n<\/style>\n    <\/div>\n \n\n        <\/div>\n      <\/div>\n\n            \n<style>\n#banner-1333205185 {\n  padding-top: 500px;\n}\n#banner-1333205185 .overlay {\n  background-color: rgba(0, 0, 0, 0.17);\n}\n<\/style>\n  <\/div>\n\n\n\n<\/div><\/div>\n\n            <\/div>\n    <style>\n    #banner-grid-1232820596 .grid-col-1{height: 600px}\n    #banner-grid-1232820596 .grid-col-1-2{height: 300px}\n    #banner-grid-1232820596 .grid-col-1-3{height:200px}\n    #banner-grid-1232820596 .grid-col-2-3{height: 400px}\n    #banner-grid-1232820596 .grid-col-1-4{height: 150px}\n    #banner-grid-1232820596 .grid-col-3-4{height: 450px}\n\n\n    \n    \n\n  <\/style>\n    <\/div>\n  \n\t<div id=\"text-4124568003\" class=\"text\">\n\t\t\n\n<h5 class=\"uppercase\">Ein Treffen von PEOPLE<\/h5>\n\t\t\n<style>\n#text-4124568003 {\n  font-size: 1.3rem;\n  color: #7a9c59;\n}\n#text-4124568003 > * {\n  color: #7a9c59;\n}\n<\/style>\n\t<\/div>\n\t\n<p>Das <strong>Stura-Tal<\/strong> war schon immer ein Durchgangsland: Kaufleute, Wanderer, Partisanen und Pilger haben seine Wege gekreuzt und Geschichten und Traditionen hinterlassen.<\/p>\n<p>Heute werden diejenigen, die hier ankommen, in menschengerechten, familienfreundlichen und gepflegten Einrichtungen empfangen, in denen jeder Gast Teil der Gemeinschaft wird.<br>Sie werden keine anonymen Hotels finden, sondern Herbergen, B&amp;Bs und Gasth\u00f6fe, in denen Freundlichkeit und Liebe zum Detail jeden Aufenthalt zu etwas Besonderem machen.<\/p>\n<p>Und wenn es um den Geschmack geht, bieten die Restaurants des Tals eine authentische Begegnung mit der Tradition: lokale Gerichte, Qualit\u00e4tsprodukte und echte Gastfreundschaft, die jede Mahlzeit zu einem unvergesslichen Erlebnis machen.<\/p>\n<div class=\"text-center\"><div class=\"is-divider divider clearfix\" style=\"max-width:80px;background-color:rgb(0, 0, 0);\"><\/div><\/div>\n\n\n\t\t<\/div>\n\t\t\t\t\t<\/div>\n\n\t\n\n\n<style>\n#row-1385011765 > .col > .col-inner {\n  padding: 30px 0px 30px 0px;\n}\n<\/style>\n<\/div>\n\n  <div class=\"banner has-hover\" id=\"banner-631834889\">\n          <div class=\"banner-inner fill\">\n        <div class=\"banner-bg fill\" >\n            <img loading=\"lazy\" decoding=\"async\" width=\"1020\" height=\"680\" src=\"https:\/\/www.vallesturaexperience.it\/wp-content\/uploads\/Crete-de-taillante.jpeg\" class=\"bg attachment-large size-large\" alt=\"\" \/>                                    \n\t<div class=\"is-border\"\n\t\tstyle=\"border-width:0px 0px 0px 0px;margin:0px 0px 0px 0px;\">\n\t<\/div>\n                    <\/div>\n\t\t\n        <div class=\"banner-layers container\">\n            <div class=\"fill banner-link\"><\/div>            \n\n   <div id=\"text-box-839142957\" class=\"text-box banner-layer x50 md-x50 lg-x50 y50 md-y50 lg-y50 res-text\">\n                                <div class=\"text-box-content text dark\">\n              \n              <div class=\"text-inner text-center\">\n                  \n\n<h3 class=\"uppercase\"><strong>Sind Sie bereit f\u00fcr ein authentisches Erlebnis?<\/strong><\/h3>\n<a href=\"https:\/\/www.vallesturaexperience.it\/la-valle-stura-2\/cosa-fare\/\" class=\"button primary\"  style=\"border-radius:99px;\">\n\t\t<span>ein Treffen der Erfahrungen<\/span>\n\t<\/a>\n\n\n<a href=\"https:\/\/www.vallesturaexperience.it\/la-valle-stura-2\/cosa-vedere\/\" class=\"button primary\"  style=\"border-radius:99px;\">\n\t\t<span>EINE BEGEGNUNG ZWISCHEN GESCHICHTE UND NATUR<\/span>\n\t<\/a>\n\n\n\n              <\/div>\n           <\/div>\n                            \n<style>\n#text-box-839142957 {\n  width: 60%;\n}\n#text-box-839142957 .text-box-content {\n  font-size: 100%;\n}\n<\/style>\n    <\/div>\n \n\n        <\/div>\n      <\/div>\n\n            \n<style>\n#banner-631834889 {\n  padding-top: 500px;\n}\n<\/style>\n  <\/div>\n\n\n\t<div id=\"gap-1199936687\" class=\"gap-element clearfix\" style=\"display:block; height:auto;\">\n\t\t\n<style>\n#gap-1199936687 {\n  padding-top: 150px;\n}\n<\/style>\n\t<\/div>\n\t\n\n\n","protected":false},"excerpt":{"rendered":"","protected":false},"author":1,"featured_media":0,"parent":0,"menu_order":24,"comment_status":"closed","ping_status":"closed","template":"page-blank.php","meta":{"_acf_changed":false,"footnotes":""},"class_list":["post-6229","page","type-page","status-publish","hentry"],"acf":[],"yoast_head":"<!-- This site is optimized with the Yoast SEO plugin v27.4 - https:\/\/yoast.com\/product\/yoast-seo-wordpress\/ -->\n<title>incontriAMOci - Valle Stura Experience<\/title>\n<meta name=\"robots\" content=\"index, follow, max-snippet:-1, max-image-preview:large, max-video-preview:-1\" \/>\n<link rel=\"canonical\" href=\"https:\/\/www.vallesturaexperience.it\/de\/incontriamoci\/\" \/>\n<meta property=\"og:locale\" content=\"de_DE\" \/>\n<meta property=\"og:type\" content=\"article\" \/>\n<meta property=\"og:title\" content=\"incontriAMOci - Valle Stura Experience\" \/>\n<meta property=\"og:url\" content=\"https:\/\/www.vallesturaexperience.it\/de\/incontriamoci\/\" \/>\n<meta property=\"og:site_name\" content=\"Valle Stura Experience\" \/>\n<meta property=\"article:publisher\" content=\"https:\/\/www.facebook.com\/vallesturaexperience\/\" \/>\n<meta property=\"article:modified_time\" content=\"2026-01-30T15:03:16+00:00\" \/>\n<meta name=\"twitter:card\" content=\"summary_large_image\" \/>\n<meta name=\"twitter:label1\" content=\"Gesch\u00e4tzte Lesezeit\" \/>\n\t<meta name=\"twitter:data1\" content=\"4 minutes\" \/>\n<script type=\"application\/ld+json\" class=\"yoast-schema-graph\">{\"@context\":\"https:\\\/\\\/schema.org\",\"@graph\":[{\"@type\":\"WebPage\",\"@id\":\"https:\\\/\\\/www.vallesturaexperience.it\\\/de\\\/incontriamoci\\\/\",\"url\":\"https:\\\/\\\/www.vallesturaexperience.it\\\/de\\\/incontriamoci\\\/\",\"name\":\"incontriAMOci - Valle Stura Experience\",\"isPartOf\":{\"@id\":\"https:\\\/\\\/www.vallesturaexperience.it\\\/#website\"},\"datePublished\":\"2018-07-05T13:37:55+00:00\",\"dateModified\":\"2026-01-30T15:03:16+00:00\",\"breadcrumb\":{\"@id\":\"https:\\\/\\\/www.vallesturaexperience.it\\\/de\\\/incontriamoci\\\/#breadcrumb\"},\"inLanguage\":\"de-DE\",\"potentialAction\":[{\"@type\":\"ReadAction\",\"target\":[\"https:\\\/\\\/www.vallesturaexperience.it\\\/de\\\/incontriamoci\\\/\"]}]},{\"@type\":\"BreadcrumbList\",\"@id\":\"https:\\\/\\\/www.vallesturaexperience.it\\\/de\\\/incontriamoci\\\/#breadcrumb\",\"itemListElement\":[{\"@type\":\"ListItem\",\"position\":1,\"name\":\"Home\",\"item\":\"https:\\\/\\\/www.vallesturaexperience.it\\\/de\\\/homepage\\\/\"},{\"@type\":\"ListItem\",\"position\":2,\"name\":\"incontriAMOci\"}]},{\"@type\":\"WebSite\",\"@id\":\"https:\\\/\\\/www.vallesturaexperience.it\\\/#website\",\"url\":\"https:\\\/\\\/www.vallesturaexperience.it\\\/\",\"name\":\"Valle Stura Experience\",\"description\":\"il sito ufficiale di Valle Stura Experience\",\"potentialAction\":[{\"@type\":\"SearchAction\",\"target\":{\"@type\":\"EntryPoint\",\"urlTemplate\":\"https:\\\/\\\/www.vallesturaexperience.it\\\/?s={search_term_string}\"},\"query-input\":{\"@type\":\"PropertyValueSpecification\",\"valueRequired\":true,\"valueName\":\"search_term_string\"}}],\"inLanguage\":\"de-DE\"}]}<\/script>\n<!-- \/ Yoast SEO plugin. -->","yoast_head_json":{"title":"incontriAMOci - Valle Stura Experience","robots":{"index":"index","follow":"follow","max-snippet":"max-snippet:-1","max-image-preview":"max-image-preview:large","max-video-preview":"max-video-preview:-1"},"canonical":"https:\/\/www.vallesturaexperience.it\/de\/incontriamoci\/","og_locale":"de_DE","og_type":"article","og_title":"incontriAMOci - Valle Stura Experience","og_url":"https:\/\/www.vallesturaexperience.it\/de\/incontriamoci\/","og_site_name":"Valle Stura Experience","article_publisher":"https:\/\/www.facebook.com\/vallesturaexperience\/","article_modified_time":"2026-01-30T15:03:16+00:00","twitter_card":"summary_large_image","twitter_misc":{"Gesch\u00e4tzte Lesezeit":"4 minutes"},"schema":{"@context":"https:\/\/schema.org","@graph":[{"@type":"WebPage","@id":"https:\/\/www.vallesturaexperience.it\/de\/incontriamoci\/","url":"https:\/\/www.vallesturaexperience.it\/de\/incontriamoci\/","name":"incontriAMOci - Valle Stura Experience","isPartOf":{"@id":"https:\/\/www.vallesturaexperience.it\/#website"},"datePublished":"2018-07-05T13:37:55+00:00","dateModified":"2026-01-30T15:03:16+00:00","breadcrumb":{"@id":"https:\/\/www.vallesturaexperience.it\/de\/incontriamoci\/#breadcrumb"},"inLanguage":"de-DE","potentialAction":[{"@type":"ReadAction","target":["https:\/\/www.vallesturaexperience.it\/de\/incontriamoci\/"]}]},{"@type":"BreadcrumbList","@id":"https:\/\/www.vallesturaexperience.it\/de\/incontriamoci\/#breadcrumb","itemListElement":[{"@type":"ListItem","position":1,"name":"Home","item":"https:\/\/www.vallesturaexperience.it\/de\/homepage\/"},{"@type":"ListItem","position":2,"name":"incontriAMOci"}]},{"@type":"WebSite","@id":"https:\/\/www.vallesturaexperience.it\/#website","url":"https:\/\/www.vallesturaexperience.it\/","name":"Valle Stura Experience","description":"il sito ufficiale di Valle Stura Experience","potentialAction":[{"@type":"SearchAction","target":{"@type":"EntryPoint","urlTemplate":"https:\/\/www.vallesturaexperience.it\/?s={search_term_string}"},"query-input":{"@type":"PropertyValueSpecification","valueRequired":true,"valueName":"search_term_string"}}],"inLanguage":"de-DE"}]}},"_links":{"self":[{"href":"https:\/\/www.vallesturaexperience.it\/de\/wp-json\/wp\/v2\/pages\/6229","targetHints":{"allow":["GET"]}}],"collection":[{"href":"https:\/\/www.vallesturaexperience.it\/de\/wp-json\/wp\/v2\/pages"}],"about":[{"href":"https:\/\/www.vallesturaexperience.it\/de\/wp-json\/wp\/v2\/types\/page"}],"author":[{"embeddable":true,"href":"https:\/\/www.vallesturaexperience.it\/de\/wp-json\/wp\/v2\/users\/1"}],"replies":[{"embeddable":true,"href":"https:\/\/www.vallesturaexperience.it\/de\/wp-json\/wp\/v2\/comments?post=6229"}],"version-history":[{"count":0,"href":"https:\/\/www.vallesturaexperience.it\/de\/wp-json\/wp\/v2\/pages\/6229\/revisions"}],"wp:attachment":[{"href":"https:\/\/www.vallesturaexperience.it\/de\/wp-json\/wp\/v2\/media?parent=6229"}],"curies":[{"name":"wp","href":"https:\/\/api.w.org\/{rel}","templated":true}]}}